{"id":4843,"date":"2024-09-12T15:05:13","date_gmt":"2024-09-12T14:05:13","guid":{"rendered":"https:\/\/www.l-hotel.com\/?page_id=4843"},"modified":"2024-09-12T15:45:08","modified_gmt":"2024-09-12T14:45:08","slug":"mentions-legales","status":"publish","type":"page","link":"https:\/\/www.l-hotel.com\/fr\/mentions-legales\/","title":{"rendered":"Legal Policy (FR)"},"content":{"rendered":"<div id=\"pl-4843\"  class=\"panel-layout\" ><div id=\"pg-4843-0\"  class=\"panel-grid panel-has-style\" ><div class=\"c-row--valign-default c-row--widget-default c-row--margin-default c-row--column-default siteorigin-panels-stretch panel-row-style panel-row-style-for-4843-0\" data-stretch-type=\"full-width-stretch\" ><div id=\"pgc-4843-0-0\"  class=\"panel-grid-cell\" ><div id=\"panel-4843-0-0-0\" class=\"so-panel widget widget_cn-core-hero-widget panel-first-child panel-last-child\" data-index=\"0\" ><div\n\t\t\t\n\t\t\tclass=\"so-widget-cn-core-hero-widget so-widget-cn-core-hero-widget-base\"\n\t\t\t\n\t\t><section class=\"c-hero c-hero--short\">\n    <div class=\"c-hero__inner\">\n        \n        <div class=\"c-hero__content\">\n\n            \n                            <p class=\"c-hero__subheading\">\n                    Mentions l\u00e9gales                <\/p>\n                    <\/div>\n\n        \n    <\/div>\n\n\n\n    \n    \n    <div data-src=\"https:\/\/hotelcms-production.imgix.net\/l-hotel.com\/wp-content\/uploads\/2018\/09\/2018_Curious_Lhotel_Options-268_SP_0539-1.jpg\" data-crop=\"\" class=\"imgix-fluid  crop \/ c-hero__background\"><\/div><noscript><div style=\"background-image: url(https:\/\/hotelcms-production.imgix.net\/l-hotel.com\/wp-content\/uploads\/2018\/09\/2018_Curious_Lhotel_Options-268_SP_0539-1.jpg);\" class=\"crop \/ c-hero__background\" ><\/div><\/noscript>\n    \n    <\/section>\n<\/div><\/div><\/div><\/div><\/div><div id=\"pg-4843-1\"  class=\"panel-grid panel-has-style\" ><div class=\"c-row--valign-default c-row--widget-default c-row--margin-large c-row--column-default panel-row-style panel-row-style-for-4843-1\" ><div id=\"pgc-4843-1-0\"  class=\"panel-grid-cell\" ><div id=\"panel-4843-1-0-0\" class=\"so-panel widget widget_cn-core-text-widget panel-first-child panel-last-child\" data-index=\"1\" ><div\n\t\t\t\n\t\t\tclass=\"so-widget-cn-core-text-widget so-widget-cn-core-text-widget-base\"\n\t\t\t\n\t\t>\n<div class=\"c-text no-variation\" >\n\n    \n    \n    \n    <div class=\"c-text__content s-entry\">\n        <p><strong>PROPRI\u00c9T\u00c9<\/strong><\/p>\n<p>Le site web www.l-hotel.com est la propri\u00e9t\u00e9 de SAS HOTEL L'HOTEL.<br \/>\n<strong>Nom de la soci\u00e9t\u00e9 :<\/strong> HOTEL L'HOTEL<br \/>\n<strong>Forme juridique :<\/strong> Soci\u00e9t\u00e9 par actions simplifi\u00e9e (SAS)<br \/>\n<strong>Si\u00e8ge social :<\/strong> 13 rue des Beaux-Arts, 75006 Paris, France<br \/>\n<strong>Capital social :<\/strong> \u20ac150 000,00<br \/>\n<strong>TVA intracommunautaire :<\/strong> FR87 612 052 662<br \/>\n<strong>Inscription au registre du commerce et des soci\u00e9t\u00e9s :<\/strong> RCS Paris 612 052 662<\/p>\n<p>&nbsp;<\/p>\n<p><strong>CONDITIONS D'UTILISATION<\/strong><\/p>\n<p>En acc\u00e9dant au site www.l-hotel.com, vous acceptez de vous conformer aux pr\u00e9sentes conditions d'utilisation.<\/p>\n<p>&nbsp;<\/p>\n<p><strong>PROPRI\u00c9T\u00c9 INTELLECTUELLE<\/strong><\/p>\n<p>Le contenu de ce site, y compris le nom de domaine, les marques, logos, dessins, illustrations, photographies, textes, graphiques et autres fichiers, est prot\u00e9g\u00e9 par les lois fran\u00e7aises sur la propri\u00e9t\u00e9 intellectuelle et est la propri\u00e9t\u00e9 de la SAS HOTEL L'HOTEL ou est utilis\u00e9 avec son autorisation. Aucune partie de ce site ne peut \u00eatre copi\u00e9e, reproduite, modifi\u00e9e, republi\u00e9e, t\u00e9l\u00e9charg\u00e9e, d\u00e9natur\u00e9e, transmise ou distribu\u00e9e sous quelque forme et sur quelque support que ce soit sans l'autorisation \u00e9crite pr\u00e9alable de la SAS HOTEL L'HOTEL, \u00e0 l'exception d'une utilisation personnelle et non commerciale sans modification du contenu.<\/p>\n<p>Toute exploitation non autoris\u00e9e du site www.l-hotel.com ou de son contenu constitue une contrefa\u00e7on des droits de la SAS HOTEL L'HOTEL et est sanctionn\u00e9e p\u00e9nalement par la loi fran\u00e7aise, notamment par les articles L355-2 et suivants du Code de la propri\u00e9t\u00e9 intellectuelle.<\/p>\n<p>&nbsp;<\/p>\n<p><strong>RESPONSABILIT\u00c9<\/strong><\/p>\n<p>L'ensemble des informations accessibles via ce site est fourni \u00ab en l'\u00e9tat \u00bb. SAS HOTEL L'HOTEL ne donne aucune garantie, explicite ou implicite, et n'assume aucune responsabilit\u00e9 relative \u00e0 l'utilisation de ces informations. L'utilisateur est seul responsable de l'utilisation de ces informations. L'utilisateur s'engage \u00e0 ne transmettre sur ce site aucune information pouvant entra\u00eener une responsabilit\u00e9 civile ou p\u00e9nale et s'engage \u00e0 ne pas divulguer de contenu ill\u00e9gal, diffamatoire ou inappropri\u00e9.<\/p>\n<p>Bien que la SAS HOTEL L'HOTEL ait pris soin d'assurer l'exactitude des informations contenues dans le site au moment de sa cr\u00e9ation, elle ne garantit pas l'exactitude ou l'exhaustivit\u00e9 de ces informations et ne peut \u00eatre tenue pour responsable d'\u00e9ventuelles erreurs, inexactitudes ou omissions. Le site est mis \u00e0 disposition gratuitement sans aucune garantie quant \u00e0 son contenu, et la SAS HOTEL L'HOTEL ne pourra \u00eatre tenue responsable de tout dommage li\u00e9 au contenu ou \u00e0 l'utilisation du site.<\/p>\n<p>SAS HOTEL L'HOTEL n'est pas responsable des d\u00e9faillances techniques, des bogues ou des probl\u00e8mes d'acc\u00e8s \u00e0 tout ou partie du site. Le site peut contenir des liens vers d'autres sites Internet, pour lesquels la SAS HOTEL L'HOTEL n'assume aucune responsabilit\u00e9.<\/p>\n<p>La SAS HOTEL L'HOTEL se r\u00e9serve le droit de modifier, suspendre ou interrompre toute partie du site \u00e0 tout moment et sans pr\u00e9avis et d'en restreindre l'acc\u00e8s.<\/p>\n<p>&nbsp;<\/p>\n<p><strong>LITIGES<\/strong><\/p>\n<p>En cas de litige entre un consommateur et la SAS HOTEL L'HOTEL, ceux-ci s'efforceront de parvenir \u00e0 une r\u00e9solution amiable. A d\u00e9faut d'accord, le consommateur peut saisir gratuitement le m\u00e9diateur de la consommation de l'AME CONSO dans un d\u00e9lai d'un an \u00e0 compter de la date de la r\u00e9clamation \u00e9crite. Le m\u00e9diateur peut \u00eatre contact\u00e9 via<\/p>\n<p>Le formulaire en ligne sur le site web d'AME CONSO : <a href=\"http:\/\/www.mediationconso-ame.com\" target=\"_blank\" rel=\"noopener\">www.mediationconso-ame.com<\/a><br \/>\nou par courrier : AME CONSO, 197 boulevard Saint-Germain, 75007 Paris.<\/p>\n<p><a href=\"https:\/\/ec.europa.eu\/consumers\/odr\/main\/?event=main.home.howitworks#heading-3\" target=\"_blank\" rel=\"noopener\">ec.europa.eu\/consumer<\/a><\/p>\n    <\/div>\n\n<\/div>\n<\/div><\/div><\/div><\/div><\/div><\/div>","protected":false},"excerpt":{"rendered":"<p>Mentions l\u00e9gales PROPRI\u00c9T\u00c9 Le site web www.l-hotel.com est la propri\u00e9t\u00e9 de SAS HOTEL L&#8217;HOTEL. Nom de la soci\u00e9t\u00e9 : HOTEL L&#8217;HOTEL Forme juridique : Soci\u00e9t\u00e9 par actions simplifi\u00e9e (SAS) Si\u00e8ge social : 13 rue des Beaux-Arts, 75006 Paris, France Capital social : \u20ac150 000,00 TVA intracommunautaire : FR87 612 052 662 Inscription au registre du &hellip;<\/p>\n","protected":false},"author":33,"featured_media":0,"parent":0,"menu_order":0,"comment_status":"closed","ping_status":"closed","template":"","meta":{"_acf_changed":false,"footnotes":""},"class_list":["post--4843","post--page","post--type-page","post--status-publish","post--hentry"],"acf":[],"_links":{"self":[{"href":"https:\/\/www.l-hotel.com\/fr\/wp-json\/wp\/v2\/pages\/4843","targetHints":{"allow":["GET"]}}],"collection":[{"href":"https:\/\/www.l-hotel.com\/fr\/wp-json\/wp\/v2\/pages"}],"about":[{"href":"https:\/\/www.l-hotel.com\/fr\/wp-json\/wp\/v2\/types\/page"}],"author":[{"embeddable":true,"href":"https:\/\/www.l-hotel.com\/fr\/wp-json\/wp\/v2\/users\/33"}],"replies":[{"embeddable":true,"href":"https:\/\/www.l-hotel.com\/fr\/wp-json\/wp\/v2\/comments?post=4843"}],"version-history":[{"count":5,"href":"https:\/\/www.l-hotel.com\/fr\/wp-json\/wp\/v2\/pages\/4843\/revisions"}],"predecessor-version":[{"id":4850,"href":"https:\/\/www.l-hotel.com\/fr\/wp-json\/wp\/v2\/pages\/4843\/revisions\/4850"}],"wp:attachment":[{"href":"https:\/\/www.l-hotel.com\/fr\/wp-json\/wp\/v2\/media?parent=4843"}],"curies":[{"name":"wp","href":"https:\/\/api.w.org\/{rel}","templated":true}]}}