{"id":1596,"date":"2018-08-08T15:44:00","date_gmt":"2018-08-08T14:44:13","guid":{"rendered":"https:\/\/lhotel.testingcreative.co.uk\/weddings-parties\/make-an-enquiry\/"},"modified":"2024-07-31T11:29:00","modified_gmt":"2024-07-31T10:29:00","slug":"faites-une-demande-mariage","status":"publish","type":"page","link":"https:\/\/www.l-hotel.com\/fr\/mariage-et-evenements\/faites-une-demande-mariage\/","title":{"rendered":"Mariage et \u00e9v\u00e9nements de demandes de renseignements"},"content":{"rendered":"<div id=\"pl-1596\"  class=\"panel-layout\" ><div id=\"pg-1596-0\"  class=\"panel-grid panel-has-style\" ><div class=\"c-row--valign-default c-row--widget-default c-row--margin-default c-row--column-default siteorigin-panels-stretch panel-row-style panel-row-style-for-1596-0\" data-stretch-type=\"full-stretched\" ><div id=\"pgc-1596-0-0\"  class=\"panel-grid-cell\" ><div id=\"panel-1596-0-0-0\" class=\"so-panel widget widget_cn-core-hero-widget panel-first-child panel-last-child\" data-index=\"0\" ><div\n\t\t\t\n\t\t\tclass=\"so-widget-cn-core-hero-widget so-widget-cn-core-hero-widget-base\"\n\t\t\t\n\t\t><section class=\"c-hero c-hero--short\">\n    <div class=\"c-hero__inner\">\n        \n        <div class=\"c-hero__content\">\n\n                            <h1 class=\"c-hero__heading\">\n                    Wedding and events enquiries                <\/h1>\n            \n                            <p class=\"c-hero__subheading\">\n                    Make an Enquiry                <\/p>\n                    <\/div>\n\n        \n    <\/div>\n\n\n\n    \n    \n    <div data-src=\"https:\/\/hotelcms-production.imgix.net\/l-hotel.com\/wp-content\/uploads\/2018\/09\/ShootingLHotel_24102016_HD_@MarineBlanchardPhotographie-148.jpg\" data-crop=\"centre\" class=\"imgix-fluid  crop \/ c-hero__background\"><\/div><noscript><div style=\"background-image: url(https:\/\/hotelcms-production.imgix.net\/l-hotel.com\/wp-content\/uploads\/2018\/09\/ShootingLHotel_24102016_HD_@MarineBlanchardPhotographie-148.jpg);\" class=\"crop \/ c-hero__background\" ><\/div><\/noscript>\n    \n    <\/section>\n<\/div><\/div><\/div><\/div><\/div><div id=\"pg-1596-1\"  class=\"panel-grid panel-has-style\" ><div class=\"c-row--valign-default c-row--widget-default c-row--margin-default c-row--column-default panel-row-style panel-row-style-for-1596-1\" ><div id=\"pgc-1596-1-0\"  class=\"panel-grid-cell\" ><div id=\"panel-1596-1-0-0\" class=\"so-panel widget widget_cn-core-form-widget panel-first-child panel-last-child\" data-index=\"1\" ><div\n\t\t\t\n\t\t\tclass=\"so-widget-cn-core-form-widget so-widget-cn-core-form-widget-base\"\n\t\t\t\n\t\t>\n    <div class=\"c-form no-variation\">\n                    <div class=\"c-form__headings\">\n                \n                                    <h2 class=\"c-form__heading\">Get in Touch<\/h2>\n                            <\/div>\n        \n        <script type=\"text\/javascript\">\n\/* <![CDATA[ *\/\nvar gform;gform||(document.addEventListener(\"gform_main_scripts_loaded\",function(){gform.scriptsLoaded=!0}),document.addEventListener(\"gform\/theme\/scripts_loaded\",function(){gform.themeScriptsLoaded=!0}),window.addEventListener(\"DOMContentLoaded\",function(){gform.domLoaded=!0}),gform={domLoaded:!1,scriptsLoaded:!1,themeScriptsLoaded:!1,isFormEditor:()=>\"function\"==typeof InitializeEditor,callIfLoaded:function(o){return!(!gform.domLoaded||!gform.scriptsLoaded||!gform.themeScriptsLoaded&&!gform.isFormEditor()||(gform.isFormEditor()&&console.warn(\"The use of gform.initializeOnLoaded() is deprecated in the form editor context and will be removed in Gravity Forms 3.1.\"),o(),0))},initializeOnLoaded:function(o){gform.callIfLoaded(o)||(document.addEventListener(\"gform_main_scripts_loaded\",()=>{gform.scriptsLoaded=!0,gform.callIfLoaded(o)}),document.addEventListener(\"gform\/theme\/scripts_loaded\",()=>{gform.themeScriptsLoaded=!0,gform.callIfLoaded(o)}),window.addEventListener(\"DOMContentLoaded\",()=>{gform.domLoaded=!0,gform.callIfLoaded(o)}))},hooks:{action:{},filter:{}},addAction:function(o,r,e,t){gform.addHook(\"action\",o,r,e,t)},addFilter:function(o,r,e,t){gform.addHook(\"filter\",o,r,e,t)},doAction:function(o){gform.doHook(\"action\",o,arguments)},applyFilters:function(o){return gform.doHook(\"filter\",o,arguments)},removeAction:function(o,r){gform.removeHook(\"action\",o,r)},removeFilter:function(o,r,e){gform.removeHook(\"filter\",o,r,e)},addHook:function(o,r,e,t,n){null==gform.hooks[o][r]&&(gform.hooks[o][r]=[]);var d=gform.hooks[o][r];null==n&&(n=r+\"_\"+d.length),gform.hooks[o][r].push({tag:n,callable:e,priority:t=null==t?10:t})},doHook:function(r,o,e){var t;if(e=Array.prototype.slice.call(e,1),null!=gform.hooks[r][o]&&((o=gform.hooks[r][o]).sort(function(o,r){return o.priority-r.priority}),o.forEach(function(o){\"function\"!=typeof(t=o.callable)&&(t=window[t]),\"action\"==r?t.apply(null,e):e[0]=t.apply(null,e)})),\"filter\"==r)return e[0]},removeHook:function(o,r,t,n){var e;null!=gform.hooks[o][r]&&(e=(e=gform.hooks[o][r]).filter(function(o,r,e){return!!(null!=n&&n!=o.tag||null!=t&&t!=o.priority)}),gform.hooks[o][r]=e)}});\n\/* ]]> *\/\n<\/script>\n\n                <div class='gf_browser_gecko gform_wrapper gform_legacy_markup_wrapper gform-theme--no-framework' data-form-theme='legacy' data-form-index='0' id='gform_wrapper_4' ><div id='gf_4' class='gform_anchor' tabindex='-1'><\/div><form method='post' enctype='multipart\/form-data' target='gform_ajax_frame_4' id='gform_4'  action='\/fr\/wp-json\/wp\/v2\/pages\/1596#gf_4' data-formid='4' novalidate><div class='gf_invisible ginput_recaptchav3' data-sitekey='6Lcua2ksAAAAABNCKSzNFJ7WrWaefKm-Nw5ZrAHW' data-tabindex='100'><input id=\"input_35be03f21148cf7daf00d9edcddf7231\" class=\"gfield_recaptcha_response\" type=\"hidden\" name=\"input_35be03f21148cf7daf00d9edcddf7231\" value=\"\"\/><\/div>\n                        <div class='gform-body gform_body'><ul id='gform_fields_4' class='gform_fields top_label form_sublabel_below description_below validation_below'><li id=\"field_4_12\" class=\"gfield gfield--type-honeypot gform_validation_container field_sublabel_below gfield--has-description field_description_below field_validation_below gfield_visibility_visible\"  ><label class='gfield_label gform-field-label' for='input_4_12'>Phone<\/label><div class='ginput_container'><input name='input_12' id='input_4_12' type='text' value='' autocomplete='new-password'\/><\/div><div class='gfield_description' id='gfield_description_4_12'>This field is for validation purposes and should be left unchanged.<\/div><\/li><li id=\"field_4_4\" class=\"gfield gfield--type-select gfield--input-type-select gf_full_width gfield_contains_required field_sublabel_below gfield--no-description field_description_below field_validation_below gfield_visibility_visible\"  ><label class='gfield_label gform-field-label' for='input_4_4'>Type de demande de renseignements<span class=\"gfield_required\"><span class=\"gfield_required gfield_required_asterisk\">*<\/span><\/span><\/label><div class='ginput_container ginput_container_select'><select name='input_4' id='input_4_4' class='medium gfield_select' tabindex='101'   aria-required=\"true\" aria-invalid=\"false\" ><option value='' selected='selected' class='gf_placeholder'>Quelle est votre demande ?<\/option><option value='Mariages' >Mariages<\/option><option value='\u00c9v\u00e9nements priv\u00e9s' >\u00c9v\u00e9nements priv\u00e9s<\/option><\/select><\/div><\/li><li id=\"field_4_1\" class=\"gfield gfield--type-text gfield--input-type-text gf_full_width gfield_contains_required field_sublabel_below gfield--no-description field_description_below field_validation_below gfield_visibility_visible\"  ><label class='gfield_label gform-field-label' for='input_4_1'>Votre nom complet<span class=\"gfield_required\"><span class=\"gfield_required gfield_required_asterisk\">*<\/span><\/span><\/label><div class='ginput_container ginput_container_text'><input name='input_1' id='input_4_1' type='text' value='' class='medium'   tabindex='102' placeholder='Votre nom complet' aria-required=\"true\" aria-invalid=\"false\"   \/><\/div><\/li><li id=\"field_4_3\" class=\"gfield gfield--type-email gfield--input-type-email gf_left_half gfield_contains_required field_sublabel_below gfield--no-description field_description_below field_validation_below gfield_visibility_visible\"  ><label class='gfield_label gform-field-label' for='input_4_3'>Courriel:<span class=\"gfield_required\"><span class=\"gfield_required gfield_required_asterisk\">*<\/span><\/span><\/label><div class='ginput_container ginput_container_email'>\n                            <input name='input_3' id='input_4_3' type='email' value='' class='medium' tabindex='103'  placeholder='Courriel:' aria-required=\"true\" aria-invalid=\"false\"  \/>\n                        <\/div><\/li><li id=\"field_4_6\" class=\"gfield gfield--type-phone gfield--input-type-phone gf_right_half gfield_contains_required field_sublabel_below gfield--no-description field_description_below field_validation_below gfield_visibility_visible\"  ><label class='gfield_label gform-field-label' for='input_4_6'>T\u00e9l\u00e9phone<span class=\"gfield_required\"><span class=\"gfield_required gfield_required_asterisk\">*<\/span><\/span><\/label><div class='ginput_container ginput_container_phone'><input name='input_6' id='input_4_6' type='tel' value='' class='medium' tabindex='104' placeholder='T\u00e9l\u00e9phone' aria-required=\"true\" aria-invalid=\"false\"   \/><\/div><\/li><li id=\"field_4_11\" class=\"gfield gfield--type-text gfield--input-type-text gf_full_width field_sublabel_below gfield--no-description field_description_below field_validation_below gfield_visibility_visible\"  ><label class='gfield_label gform-field-label' for='input_4_11'>Date pr\u00e9f\u00e9r\u00e9e<\/label><div class='ginput_container ginput_container_text'><input name='input_11' id='input_4_11' type='text' value='' class='medium'   tabindex='105' placeholder='Date pr\u00e9f\u00e9r\u00e9e (DD\/MM\/YYYY)'  aria-invalid=\"false\"   \/><\/div><\/li><li id=\"field_4_8\" class=\"gfield gfield--type-number gfield--input-type-number gf_left_half gfield_contains_required field_sublabel_below gfield--no-description field_description_below field_validation_below gfield_visibility_visible\"  ><label class='gfield_label gform-field-label' for='input_4_8'>Nombre d&#039;invit\u00e9s<span class=\"gfield_required\"><span class=\"gfield_required gfield_required_asterisk\">*<\/span><\/span><\/label><div class='ginput_container ginput_container_number'><input name='input_8' id='input_4_8' type='number' step='any'   value='' class='medium' tabindex='106'   placeholder='Nombre d&#039;invit\u00e9s' aria-required=\"true\" aria-invalid=\"false\"  \/><\/div><\/li><li id=\"field_4_9\" class=\"gfield gfield--type-number gfield--input-type-number gf_right_half gfield_contains_required field_sublabel_below gfield--no-description field_description_below field_validation_below gfield_visibility_visible\"  ><label class='gfield_label gform-field-label' for='input_4_9'>Nombre de chambres \u00e0 coucher<span class=\"gfield_required\"><span class=\"gfield_required gfield_required_asterisk\">*<\/span><\/span><\/label><div class='ginput_container ginput_container_number'><input name='input_9' id='input_4_9' type='number' step='any'   value='' class='medium' tabindex='107'   placeholder='Nombre de chambres \u00e0 coucher' aria-required=\"true\" aria-invalid=\"false\"  \/><\/div><\/li><li id=\"field_4_5\" class=\"gfield gfield--type-textarea gfield--input-type-textarea gfield_contains_required field_sublabel_below gfield--no-description field_description_below field_validation_below gfield_visibility_visible\"  ><label class='gfield_label gform-field-label' for='input_4_5'>Votre message<span class=\"gfield_required\"><span class=\"gfield_required gfield_required_asterisk\">*<\/span><\/span><\/label><div class='ginput_container ginput_container_textarea'><textarea name='input_5' id='input_4_5' class='textarea medium' tabindex='108'   placeholder='Votre message' aria-required=\"true\" aria-invalid=\"false\"   rows='10' cols='50'><\/textarea><\/div><\/li><li id=\"field_4_7\" class=\"gfield gfield--type-checkbox gfield--type-choice gfield--input-type-checkbox field_sublabel_below gfield--no-description field_description_below field_validation_below gfield_visibility_visible\"  ><label class='gfield_label gform-field-label gfield_label_before_complex' >Consentement \u00e0 la commercialisation<\/label><div class='ginput_container ginput_container_checkbox'><ul class='gfield_checkbox' id='input_4_7'><li class='gchoice gchoice_4_7_1'>\n\t\t\t\t\t\t\t\t<input class='gfield-choice-input' name='input_7.1' type='checkbox'  value='Je suis heureux de recevoir des communications marketing de L&#039;H\u00f4tel'  id='choice_4_7_1' tabindex='109'  \/>\n\t\t\t\t\t\t\t\t<label for='choice_4_7_1' id='label_4_7_1' class='gform-field-label gform-field-label--type-inline'>Je suis heureux de recevoir des communications marketing de L'H\u00f4tel<\/label>\n\t\t\t\t\t\t\t<\/li><\/ul><\/div><\/li><\/ul><\/div>\n        <div class='gform-footer gform_footer top_label'> <button type=\"submit\" class=\"button gform_button\" id=\"gform_submit_button_4\">Envoyer<\/button> <input type='hidden' name='gform_ajax' value='form_id=4&amp;title=&amp;description=&amp;tabindex=100&amp;theme=legacy&amp;hash=315160ceeb47b73a93c05cc80e64946f' \/>\n            <input type='hidden' class='gform_hidden' name='gform_submission_method' data-js='gform_submission_method_4' value='iframe' \/>\n            <input type='hidden' class='gform_hidden' name='gform_theme' data-js='gform_theme_4' id='gform_theme_4' value='legacy' \/>\n            <input type='hidden' class='gform_hidden' name='gform_style_settings' data-js='gform_style_settings_4' id='gform_style_settings_4' value='' \/>\n            <input type='hidden' class='gform_hidden' name='is_submit_4' value='1' \/>\n            <input type='hidden' class='gform_hidden' name='gform_submit' value='4' \/>\n            \n            <input type='hidden' class='gform_hidden' name='gform_unique_id' value='' \/>\n            <input type='hidden' class='gform_hidden' name='state_4' value='WyJbXSIsImJmNWE2NTI4ZDY3M2JhMjMwZWQ2YmY2YTBjMTFmODRiIl0=' \/>\n            <input type='hidden' autocomplete='off' class='gform_hidden' name='gform_target_page_number_4' id='gform_target_page_number_4' value='0' \/>\n            <input type='hidden' autocomplete='off' class='gform_hidden' name='gform_source_page_number_4' id='gform_source_page_number_4' value='1' \/>\n            <input type='hidden' name='gform_field_values' value='' \/>\n            \n        <\/div>\n                        <\/form>\n                        <\/div>\n\t\t                <iframe style='display:none;width:0px;height:0px;' src='about:blank' name='gform_ajax_frame_4' id='gform_ajax_frame_4' title='This iframe contains the logic required to handle Ajax powered Gravity Forms.'><\/iframe>\n\t\t                <script type=\"text\/javascript\">\n\/* <![CDATA[ *\/\n gform.initializeOnLoaded( function() {gformInitSpinner( 4, 'https:\/\/www.l-hotel.com\/wp-content\/plugins\/gravityforms\/images\/spinner.svg', true );jQuery('#gform_ajax_frame_4').on('load',function(){var contents = jQuery(this).contents().find('*').html();var is_postback = contents.indexOf('GF_AJAX_POSTBACK') >= 0;if(!is_postback){return;}var form_content = jQuery(this).contents().find('#gform_wrapper_4');var is_confirmation = jQuery(this).contents().find('#gform_confirmation_wrapper_4').length > 0;var is_redirect = contents.indexOf('gformRedirect(){') >= 0;var is_form = form_content.length > 0 && ! is_redirect && ! is_confirmation;var mt = parseInt(jQuery('html').css('margin-top'), 10) + parseInt(jQuery('body').css('margin-top'), 10) + 100;if(is_form){jQuery('#gform_wrapper_4').html(form_content.html());if(form_content.hasClass('gform_validation_error')){jQuery('#gform_wrapper_4').addClass('gform_validation_error');} else {jQuery('#gform_wrapper_4').removeClass('gform_validation_error');}setTimeout( function() { \/* delay the scroll by 50 milliseconds to fix a bug in chrome *\/ jQuery(document).scrollTop(jQuery('#gform_wrapper_4').offset().top - mt); }, 50 );if(window['gformInitDatepicker']) {gformInitDatepicker();}if(window['gformInitPriceFields']) {gformInitPriceFields();}var current_page = jQuery('#gform_source_page_number_4').val();gformInitSpinner( 4, 'https:\/\/www.l-hotel.com\/wp-content\/plugins\/gravityforms\/images\/spinner.svg', true );jQuery(document).trigger('gform_page_loaded', [4, current_page]);window['gf_submitting_4'] = false;}else if(!is_redirect){var confirmation_content = jQuery(this).contents().find('.GF_AJAX_POSTBACK').html();if(!confirmation_content){confirmation_content = contents;}jQuery('#gform_wrapper_4').replaceWith(confirmation_content);jQuery(document).scrollTop(jQuery('#gf_4').offset().top - mt);jQuery(document).trigger('gform_confirmation_loaded', [4]);window['gf_submitting_4'] = false;wp.a11y.speak(jQuery('#gform_confirmation_message_4').text());}else{jQuery('#gform_4').append(contents);if(window['gformRedirect']) {gformRedirect();}}jQuery(document).trigger(\"gform_pre_post_render\", [{ formId: \"4\", currentPage: \"current_page\", abort: function() { this.preventDefault(); } }]);        if (event && event.defaultPrevented) {                return;        }        const gformWrapperDiv = document.getElementById( \"gform_wrapper_4\" );        if ( gformWrapperDiv ) {            const visibilitySpan = document.createElement( \"span\" );            visibilitySpan.id = \"gform_visibility_test_4\";            gformWrapperDiv.insertAdjacentElement( \"afterend\", visibilitySpan );        }        const visibilityTestDiv = document.getElementById( \"gform_visibility_test_4\" );        let postRenderFired = false;        function triggerPostRender() {            if ( postRenderFired ) {                return;            }            postRenderFired = true;            gform.core.triggerPostRenderEvents( 4, current_page );            if ( visibilityTestDiv ) {                visibilityTestDiv.parentNode.removeChild( visibilityTestDiv );            }        }        function debounce( func, wait, immediate ) {            var timeout;            return function() {                var context = this, args = arguments;                var later = function() {                    timeout = null;                    if ( !immediate ) func.apply( context, args );                };                var callNow = immediate && !timeout;                clearTimeout( timeout );                timeout = setTimeout( later, wait );                if ( callNow ) func.apply( context, args );            };        }        const debouncedTriggerPostRender = debounce( function() {            triggerPostRender();        }, 200 );        if ( visibilityTestDiv && visibilityTestDiv.offsetParent === null ) {            const observer = new MutationObserver( ( mutations ) => {                mutations.forEach( ( mutation ) => {                    if ( mutation.type === 'attributes' && visibilityTestDiv.offsetParent !== null ) {                        debouncedTriggerPostRender();                        observer.disconnect();                    }                });            });            observer.observe( document.body, {                attributes: true,                childList: false,                subtree: true,                attributeFilter: [ 'style', 'class' ],            });        } else {            triggerPostRender();        }    } );} ); \n\/* ]]> *\/\n<\/script>\n\n    <\/div>\n\n<\/div><\/div><\/div><div id=\"pgc-1596-1-1\"  class=\"panel-grid-cell\" ><div id=\"panel-1596-1-1-0\" class=\"so-panel widget widget_cn-core-image-widget panel-first-child panel-last-child\" data-index=\"2\" ><div\n\t\t\t\n\t\t\tclass=\"so-widget-cn-core-image-widget so-widget-cn-core-image-widget-base\"\n\t\t\t\n\t\t>\n<div class=\"c-image-container  c-image--4-3\">\n    \n    <figure class=\"crop\">\n                    <div data-src=\"https:\/\/hotelcms-production.imgix.net\/l-hotel.com\/wp-content\/uploads\/2018\/09\/ShootingLHotel_24102016_HD_@MarineBlanchardPhotographie-89.jpg\" data-crop=\"manual\" class=\"imgix-fluid  c-image\" data-focus-horizontal=\"60\" data-focus-vertical=\"45\"><\/div><noscript><div style=\"background-image: url(https:\/\/hotelcms-production.imgix.net\/l-hotel.com\/wp-content\/uploads\/2018\/09\/ShootingLHotel_24102016_HD_@MarineBlanchardPhotographie-89.jpg);\" class=\"c-image\" ><\/div><\/noscript>            <\/figure>\n\n    <\/div>\n<\/div><\/div><\/div><\/div><\/div><div id=\"pg-1596-2\"  class=\"panel-grid panel-has-style\" ><div class=\"c-row--valign-default c-row--widget-none c-row--margin-default c-row--column-default siteorigin-panels-stretch panel-row-style panel-row-style-for-1596-2\" data-stretch-type=\"full-stretched\" ><div id=\"pgc-1596-2-0\"  class=\"panel-grid-cell\" ><div id=\"panel-1596-2-0-0\" class=\"so-panel widget panel-first-child panel-last-child\" data-index=\"3\" ><\/div><\/div><\/div><\/div><\/div>","protected":false},"excerpt":{"rendered":"<p>Wedding and events enquiries Make an Enquiry Get in Touch FacebookThis field is for validation purposes and should be left unchanged.Type de demande de renseignements*Quelle est votre demande ?Mariages\u00c9v\u00e9nements priv\u00e9sVotre nom complet*Courriel:* T\u00e9l\u00e9phone*Date pr\u00e9f\u00e9r\u00e9eNombre d&#039;invit\u00e9s*Nombre de chambres \u00e0 coucher*Votre message*Consentement \u00e0 la commercialisation Je suis heureux de recevoir des communications marketing de L&#8217;H\u00f4tel Envoyer<\/p>\n","protected":false},"author":1,"featured_media":2118,"parent":1584,"menu_order":3,"comment_status":"closed","ping_status":"closed","template":"","meta":{"_acf_changed":false,"footnotes":""},"class_list":["post--1596","post--page","post--type-page","post--status-publish","post--has-post-thumbnail","post--hentry"],"acf":[],"_links":{"self":[{"href":"https:\/\/www.l-hotel.com\/fr\/wp-json\/wp\/v2\/pages\/1596","targetHints":{"allow":["GET"]}}],"collection":[{"href":"https:\/\/www.l-hotel.com\/fr\/wp-json\/wp\/v2\/pages"}],"about":[{"href":"https:\/\/www.l-hotel.com\/fr\/wp-json\/wp\/v2\/types\/page"}],"author":[{"embeddable":true,"href":"https:\/\/www.l-hotel.com\/fr\/wp-json\/wp\/v2\/users\/1"}],"replies":[{"embeddable":true,"href":"https:\/\/www.l-hotel.com\/fr\/wp-json\/wp\/v2\/comments?post=1596"}],"version-history":[{"count":2,"href":"https:\/\/www.l-hotel.com\/fr\/wp-json\/wp\/v2\/pages\/1596\/revisions"}],"predecessor-version":[{"id":3629,"href":"https:\/\/www.l-hotel.com\/fr\/wp-json\/wp\/v2\/pages\/1596\/revisions\/3629"}],"up":[{"embeddable":true,"href":"https:\/\/www.l-hotel.com\/fr\/wp-json\/wp\/v2\/pages\/1584"}],"wp:featuredmedia":[{"embeddable":true,"href":"https:\/\/www.l-hotel.com\/fr\/wp-json\/wp\/v2\/media\/2118"}],"wp:attachment":[{"href":"https:\/\/www.l-hotel.com\/fr\/wp-json\/wp\/v2\/media?parent=1596"}],"curies":[{"name":"wp","href":"https:\/\/api.w.org\/{rel}","templated":true}]}}