{"id":1585,"date":"2018-08-08T15:44:00","date_gmt":"2018-08-08T14:44:13","guid":{"rendered":"https:\/\/lhotel.testingcreative.co.uk\/weddings-parties\/weddings-at-lhotel\/"},"modified":"2023-04-20T14:53:24","modified_gmt":"2023-04-20T13:53:24","slug":"mariages-a-lhotel","status":"publish","type":"page","link":"https:\/\/www.l-hotel.com\/fr\/mariage-et-evenements\/mariages-a-lhotel\/","title":{"rendered":"Mariages \u00e0 L\u2019Hotel"},"content":{"rendered":"<div id=\"pl-1585\"  class=\"panel-layout\" ><div id=\"pg-1585-0\"  class=\"panel-grid panel-has-style\" ><div class=\"c-row--valign-default c-row--widget-default c-row--margin-none c-row--column-none c-row--style-secondary siteorigin-panels-stretch panel-row-style panel-row-style-for-1585-0\" data-stretch-type=\"full-stretched\" ><div id=\"pgc-1585-0-0\"  class=\"panel-grid-cell\" ><div id=\"panel-1585-0-0-0\" class=\"so-panel widget widget_cn-core-static-menu-widget panel-first-child panel-last-child\" data-index=\"0\" ><div\n\t\t\t\n\t\t\tclass=\"so-widget-cn-core-static-menu-widget so-widget-cn-core-static-menu-widget-base\"\n\t\t\t\n\t\t>\n<nav class=\"c-ancestors \">\n  <h4 class=\"c-ancestors__heading\"><\/h4>\n\n  <ul class=\"menu\">\n\n                <li class=\"c-ancestors__page \/ menu__item \">\n        <a  class=\"c-button  no-variation\" href=\"#info\">\n    Mariages<\/a>\n\n\n\n              <\/li>\n                <li class=\"c-ancestors__page \/ menu__item \">\n        <a  class=\"c-button  no-variation\" href=\"https:\/\/www.l-hotel.com\/fr\/mariage-et-evenements\/evenements-prives\/\">\n    \u00c9v\u00e8nements priv\u00e9s<\/a>\n\n\n\n              <\/li>\n                <li class=\"c-ancestors__page \/ menu__item \">\n        <a  class=\"c-button  no-variation\" href=\"https:\/\/www.l-hotel.com\/fr\/mariage-et-evenements\/faites-une-demande-mariage\/\">\n    Faites une Demande<\/a>\n\n\n\n              <\/li>\n      <\/ul>\n\n<\/nav>\n<\/div><\/div><\/div><\/div><\/div><div id=\"pg-1585-1\"  class=\"panel-grid panel-has-style\" ><div class=\"c-row--valign-default c-row--widget-none c-row--margin-small c-row--column-none siteorigin-panels-stretch panel-row-style panel-row-style-for-1585-1\" data-stretch-type=\"full-stretched\" ><div id=\"pgc-1585-1-0\"  class=\"panel-grid-cell\" ><div id=\"panel-1585-1-0-0\" class=\"so-panel widget widget_cn-core-hero-widget panel-first-child panel-last-child\" data-index=\"1\" ><div\n\t\t\t\n\t\t\tclass=\"so-widget-cn-core-hero-widget so-widget-cn-core-hero-widget-base\"\n\t\t\t\n\t\t><section class=\"c-hero c-hero--short\">\n    <div class=\"c-hero__inner\">\n        \n        <div class=\"c-hero__content\">\n\n                            <h1 class=\"c-hero__heading\">\n                    Lieu de mariage de luxe au coeur de Paris                <\/h1>\n            \n                            <p class=\"c-hero__subheading\">\n                    Mariages \u00e0 l'H\u00f4tel                <\/p>\n                    <\/div>\n\n        \n    <\/div>\n\n\n\n    \n    \n    <div data-src=\"https:\/\/hotelcms-production.imgix.net\/l-hotel.com\/wp-content\/uploads\/2018\/09\/ShootingLHotel_24102016_HD_@MarineBlanchardPhotographie-149.jpg\" data-crop=\"centre\" class=\"imgix-fluid  crop \/ c-hero__background\"><\/div><noscript><div style=\"background-image: url(https:\/\/hotelcms-production.imgix.net\/l-hotel.com\/wp-content\/uploads\/2018\/09\/ShootingLHotel_24102016_HD_@MarineBlanchardPhotographie-149.jpg);\" class=\"crop \/ c-hero__background\" ><\/div><\/noscript>\n    \n    <\/section>\n<\/div><\/div><\/div><\/div><\/div><div id=\"pg-1585-2\"  class=\"panel-grid panel-no-style\" ><div id=\"pgc-1585-2-0\"  class=\"panel-grid-cell\" ><div id=\"panel-1585-2-0-0\" class=\"so-panel widget widget_cn-core-cta-widget panel-first-child panel-last-child\" data-index=\"2\" ><div\n\t\t\t\n\t\t\tclass=\"so-widget-cn-core-cta-widget so-widget-cn-core-cta-widget-base\"\n\t\t\t\n\t\t><div class=\"c-cta c-cta--lead no-variation\">\n\n    <div class=\"c-cta__content\">\n\n        <div class=\"c-cta__inner\">\n\n            \n            \n            \n            \n            \n            \n                            <div class=\"c-cta__text \/ s-entry\">\n                    <p>Il n'y a rien de plus romantique que de c\u00e9l\u00e9brer le jour de votre mariage dans la ville de l'amour et le cadre magique de L'Hotel. Des menus gastronomique et des int\u00e9rieurs s\u00e9duisants aux charmantes rues pav\u00e9es de Saint Germain-des-Pr\u00e9s, L'Hotel est un lieu de mariage pas comme les autres.<\/p>\n<p>Pour plus d'informations ou pour organiser une visite, veuillez contacter le +33 1 44 41 41 99 01 ou envoyer un e-mail \u00e0 yourwedding@l-hotel.com<\/p>\n                <\/div>\n            \n            \n            \n                    <\/div>\n\n    <\/div>\n\n    \n    \n    \n<\/div>\n\n<\/div><\/div><\/div><\/div><div id=\"pg-1585-3\"  class=\"panel-grid panel-has-style\" ><div class=\"c-row--valign-default c-row--widget-default c-row--margin-default c-row--column-default panel-row-style panel-row-style-for-1585-3\" data-row-label=\"#info\" id=\"info\" ><div id=\"pgc-1585-3-0\"  class=\"panel-grid-cell\" ><div id=\"panel-1585-3-0-0\" class=\"so-panel widget widget_cn-core-cta-widget panel-first-child panel-last-child\" data-index=\"3\" ><div\n\t\t\t\n\t\t\tclass=\"so-widget-cn-core-cta-widget so-widget-cn-core-cta-widget-base\"\n\t\t\t\n\t\t><div class=\"c-cta c-cta--layout-image-right no-variation has-background\">\n\n    <div class=\"c-cta__content\">\n\n        <div class=\"c-cta__inner\">\n\n            \n            \n            \n            \n                <div class=\"c-cta__headings\">\n\n                \n                                    <h2 class=\"c-cta__heading\">\n                        Votre C\u00e9r\u00e9monie                    <\/h2>\n                \n                \n                <\/div>\n\n            \n            \n            \n                            <div class=\"c-cta__text \/ s-entry\">\n                    <p>Situ\u00e9e \u00e0 l'angle de l'H\u00f4tel, l'Abbaye de Saint-Germain-des-Pr\u00e9s est l'une des plus anciennes \u00e9glises de Paris. L'Abbaye est disponible pour les c\u00e9r\u00e9monies religieuses de mariage. Si vous pr\u00e9f\u00e9rez une c\u00e9l\u00e9bration non religieuse, il y a des lieux \u00e0 proximit\u00e9 qui conviennent parfaitement.<\/p>\n<p>Disponible du mardi au samedi, pour 16 \u00e0 40 personnes.<\/p>\n                <\/div>\n            \n            \n            \n                    <\/div>\n\n    <\/div>\n\n    \n            <div data-src=\"https:\/\/hotelcms-production.imgix.net\/l-hotel.com\/wp-content\/uploads\/2018\/09\/ShootingLHotel_24102016_HD_@MarineBlanchardPhotographie-67.jpg\" data-crop=\"centre\" class=\"imgix-fluid  crop \/ c-background c-cta__background\"><\/div><noscript><div style=\"background-image: url(https:\/\/hotelcms-production.imgix.net\/l-hotel.com\/wp-content\/uploads\/2018\/09\/ShootingLHotel_24102016_HD_@MarineBlanchardPhotographie-67.jpg);\" class=\"crop \/ c-background c-cta__background\" ><\/div><\/noscript>    \n    \n<\/div>\n\n<\/div><\/div><\/div><\/div><\/div><\/div>","protected":false},"excerpt":{"rendered":"<p>Mariages \u00c9v\u00e8nements priv\u00e9s Faites une Demande Lieu de mariage de luxe au coeur de Paris Mariages \u00e0 l&#8217;H\u00f4tel Il n&#8217;y a rien de plus romantique que de c\u00e9l\u00e9brer le jour de votre mariage dans la ville de l&#8217;amour et le cadre magique de L&#8217;Hotel. Des menus gastronomique et des int\u00e9rieurs s\u00e9duisants aux charmantes rues pav\u00e9es &hellip;<\/p>\n","protected":false},"author":1,"featured_media":2116,"parent":1584,"menu_order":0,"comment_status":"closed","ping_status":"closed","template":"","meta":{"_acf_changed":false,"footnotes":""},"class_list":["post--1585","post--page","post--type-page","post--status-publish","post--has-post-thumbnail","post--hentry"],"acf":[],"_links":{"self":[{"href":"https:\/\/www.l-hotel.com\/fr\/wp-json\/wp\/v2\/pages\/1585","targetHints":{"allow":["GET"]}}],"collection":[{"href":"https:\/\/www.l-hotel.com\/fr\/wp-json\/wp\/v2\/pages"}],"about":[{"href":"https:\/\/www.l-hotel.com\/fr\/wp-json\/wp\/v2\/types\/page"}],"author":[{"embeddable":true,"href":"https:\/\/www.l-hotel.com\/fr\/wp-json\/wp\/v2\/users\/1"}],"replies":[{"embeddable":true,"href":"https:\/\/www.l-hotel.com\/fr\/wp-json\/wp\/v2\/comments?post=1585"}],"version-history":[{"count":4,"href":"https:\/\/www.l-hotel.com\/fr\/wp-json\/wp\/v2\/pages\/1585\/revisions"}],"predecessor-version":[{"id":3312,"href":"https:\/\/www.l-hotel.com\/fr\/wp-json\/wp\/v2\/pages\/1585\/revisions\/3312"}],"up":[{"embeddable":true,"href":"https:\/\/www.l-hotel.com\/fr\/wp-json\/wp\/v2\/pages\/1584"}],"wp:featuredmedia":[{"embeddable":true,"href":"https:\/\/www.l-hotel.com\/fr\/wp-json\/wp\/v2\/media\/2116"}],"wp:attachment":[{"href":"https:\/\/www.l-hotel.com\/fr\/wp-json\/wp\/v2\/media?parent=1585"}],"curies":[{"name":"wp","href":"https:\/\/api.w.org\/{rel}","templated":true}]}}