{"id":1570,"date":"2018-08-08T15:37:38","date_gmt":"2018-08-08T14:37:38","guid":{"rendered":"https:\/\/lhotel.testingcreative.co.uk\/le-bar\/"},"modified":"2026-02-17T12:44:58","modified_gmt":"2026-02-17T12:44:58","slug":"wildes-lounge","status":"publish","type":"page","link":"https:\/\/www.l-hotel.com\/fr\/wildes-lounge\/","title":{"rendered":"Wilde&#8217;s Lounge"},"content":{"rendered":"<div id=\"pl-1570\"  class=\"panel-layout\" ><div id=\"pg-1570-0\"  class=\"panel-grid panel-has-style\" ><div class=\"c-row--valign-default c-row--widget-default c-row--margin-none c-row--column-none c-row--style-secondary siteorigin-panels-stretch panel-row-style panel-row-style-for-1570-0\" data-stretch-type=\"full-width-stretch\" ><div id=\"pgc-1570-0-0\"  class=\"panel-grid-cell\" ><div id=\"panel-1570-0-0-0\" class=\"so-panel widget widget_cn-core-static-menu-widget panel-first-child panel-last-child\" data-index=\"0\" ><div\n\t\t\t\n\t\t\tclass=\"so-widget-cn-core-static-menu-widget so-widget-cn-core-static-menu-widget-base\"\n\t\t\t\n\t\t>\n<nav class=\"c-ancestors \">\n  <h4 class=\"c-ancestors__heading\"><\/h4>\n\n  <ul class=\"menu\">\n\n                <li class=\"c-ancestors__page \/ menu__item \">\n        <a  class=\"c-button  no-variation\" href=\"#about_bar\">\n    \u00c0 propos du Bar<\/a>\n\n\n\n              <\/li>\n                <li class=\"c-ancestors__page \/ menu__item \">\n        <a  class=\"c-button  no-variation\" href=\"#cocktails\">\n    Cocktails<\/a>\n\n\n\n              <\/li>\n                <li class=\"c-ancestors__page \/ menu__item \">\n        <a  class=\"c-button  no-variation\" href=\"https:\/\/www.l-hotel.com\/fr\/mariage-et-evenements\/evenements-prives\/\">\n    \u00c9v\u00e9nements<\/a>\n\n\n\n              <\/li>\n      <\/ul>\n\n<\/nav>\n<\/div><\/div><\/div><\/div><\/div><div id=\"pg-1570-1\"  class=\"panel-grid panel-has-style\" ><div class=\"c-row--valign-default c-row--widget-default c-row--margin-default c-row--column-none siteorigin-panels-stretch panel-row-style panel-row-style-for-1570-1\" data-stretch-type=\"full-width-stretch\" ><div id=\"pgc-1570-1-0\"  class=\"panel-grid-cell\" ><div id=\"panel-1570-1-0-0\" class=\"so-panel widget widget_cn-core-hero-widget panel-first-child panel-last-child\" data-index=\"1\" ><div\n\t\t\t\n\t\t\tclass=\"so-widget-cn-core-hero-widget so-widget-cn-core-hero-widget-base\"\n\t\t\t\n\t\t><section class=\"c-hero no-variation\">\n    <div class=\"c-hero__inner\">\n        \n        <div class=\"c-hero__content\">\n\n            \n                            <p class=\"c-hero__subheading\">\n                    Wilde's Lounge                <\/p>\n                            <div class=\"s-entry \/ c-hero__text\">\n                    <p>\n                        Cocktails, Ap\u00e9ritifs et \u00c9v\u00e9nements                    <\/p>\n                <\/div>\n                    <\/div>\n\n        \n        <div class=\"c-hero__buttons\">\n\n            <div  class=\"c-button  c-button--play\">\n    <\/div>\n\n\n\n        <\/div>\n\n        \n    <\/div>\n\n\n\n    \n    \n    \n            <ol\n    class=\"c-hero__backgrounds\"\n    data-element-cycle-interval=\"4000\"\n>\n    <li>\n        <div data-src=\"https:\/\/hotelcms-production.imgix.net\/l-hotel.com\/wp-content\/uploads\/2022\/09\/DSC03740.jpg\" data-crop=\"\" class=\"imgix-fluid  crop  c-hero__background\"><\/div><noscript><div style=\"background-image: url(https:\/\/hotelcms-production.imgix.net\/l-hotel.com\/wp-content\/uploads\/2022\/09\/DSC03740.jpg);\" class=\"crop  c-hero__background\" ><\/div><\/noscript>    <\/li>\n\n            <li>\n            <div data-src=\"https:\/\/hotelcms-production.imgix.net\/l-hotel.com\/wp-content\/uploads\/2022\/09\/DSC03393.jpg\" data-crop=\"\" class=\"imgix-fluid  crop  c-hero__background\"><\/div><noscript><div style=\"background-image: url(https:\/\/hotelcms-production.imgix.net\/l-hotel.com\/wp-content\/uploads\/2022\/09\/DSC03393.jpg);\" class=\"crop  c-hero__background\" ><\/div><\/noscript>        <\/li>\n            <li>\n            <div data-src=\"https:\/\/hotelcms-production.imgix.net\/l-hotel.com\/wp-content\/uploads\/2022\/09\/DSC03629.jpg\" data-crop=\"\" class=\"imgix-fluid  crop  c-hero__background\"><\/div><noscript><div style=\"background-image: url(https:\/\/hotelcms-production.imgix.net\/l-hotel.com\/wp-content\/uploads\/2022\/09\/DSC03629.jpg);\" class=\"crop  c-hero__background\" ><\/div><\/noscript>        <\/li>\n            <li>\n            <div data-src=\"https:\/\/hotelcms-production.imgix.net\/l-hotel.com\/wp-content\/uploads\/2018\/09\/DSC_4485.jpg\" data-crop=\"centre\" class=\"imgix-fluid  crop  c-hero__background\"><\/div><noscript><div style=\"background-image: url(https:\/\/hotelcms-production.imgix.net\/l-hotel.com\/wp-content\/uploads\/2018\/09\/DSC_4485.jpg);\" class=\"crop  c-hero__background\" ><\/div><\/noscript>        <\/li>\n            <li>\n            <div data-src=\"https:\/\/hotelcms-production.imgix.net\/l-hotel.com\/wp-content\/uploads\/2018\/09\/DSC_4401-1.jpg\" data-crop=\"centre\" class=\"imgix-fluid  crop  c-hero__background\"><\/div><noscript><div style=\"background-image: url(https:\/\/hotelcms-production.imgix.net\/l-hotel.com\/wp-content\/uploads\/2018\/09\/DSC_4401-1.jpg);\" class=\"crop  c-hero__background\" ><\/div><\/noscript>        <\/li>\n    <\/ol>    \n            <a href=\"#main-content\" class=\"c-hero__scroller\" data-module=\"scroll-to\">\n            <span class=\"c-hero__scroller__text\">Scroll to explore<\/span>\n            <span class=\"c-hero__scroller__arrow\"><\/span>\n        <\/a>\n    <\/section>\n<\/div><\/div><\/div><\/div><\/div><div id=\"pg-1570-2\"  class=\"panel-grid panel-has-style\" ><div class=\"c-row--valign-middle c-row--widget-default c-row--margin-default c-row--column-large panel-row-style panel-row-style-for-1570-2\" data-row-label=\"#about_bar\" id=\"about_bar\" ><div id=\"pgc-1570-2-0\"  class=\"panel-grid-cell\" ><div id=\"panel-1570-2-0-0\" class=\"so-panel widget widget_cn-core-image-widget panel-first-child panel-last-child\" data-index=\"2\" ><div\n\t\t\t\n\t\t\tclass=\"so-widget-cn-core-image-widget so-widget-cn-core-image-widget-base\"\n\t\t\t\n\t\t>\n<div class=\"c-image-container  no-variation\">\n    \n    <figure class=\"img-fit\">\n                    <img decoding=\"async\" data-src=\"https:\/\/hotelcms-production.imgix.net\/l-hotel.com\/wp-content\/uploads\/2020\/01\/W-Quill-Logo-1-GOLD-APOSTROPHE.png\" data-crop=\"\" src=\"data:image\/gif;base64,R0lGODlhBAADAIAAAAAAAAAAACH5BAEAAAAALAAAAAAEAAMAAAIDhI9WADs=\" class=\"imgix-fluid \/ c-image\" alt=\"\"  \/><noscript><img decoding=\"async\" src=\"https:\/\/hotelcms-production.imgix.net\/l-hotel.com\/wp-content\/uploads\/2020\/01\/W-Quill-Logo-1-GOLD-APOSTROPHE.png\" class=\"c-image\" alt=\"\"  \/><\/noscript>            <\/figure>\n\n    <\/div>\n<\/div><\/div><\/div><div id=\"pgc-1570-2-1\"  class=\"panel-grid-cell\" ><div id=\"panel-1570-2-1-0\" class=\"so-panel widget widget_cn-core-heading-widget panel-first-child\" data-index=\"3\" ><div\n\t\t\t\n\t\t\tclass=\"so-widget-cn-core-heading-widget so-widget-cn-core-heading-widget-base\"\n\t\t\t\n\t\t><div class=\"c-heading  c-heading--left\">\n    \n            <h2 class=\"c-heading__heading \">\n            Atmosph\u00e9rique, opulent, et inspir\u00e9 de <em>l'\u00e9poque du style empire.<\/em>        <\/h2>\n    \n    <\/div>\n<\/div><\/div><div id=\"panel-1570-2-1-1\" class=\"so-panel widget widget_cn-core-text-widget panel-last-child\" data-index=\"4\" ><div\n\t\t\t\n\t\t\tclass=\"so-widget-cn-core-text-widget so-widget-cn-core-text-widget-base\"\n\t\t\t\n\t\t>\n<div class=\"c-text no-variation\" >\n\n    \n    \n    \n    <div class=\"c-text__content s-entry\">\n        <p>L\u2019Hotel ayant \u00e9t\u00e9 la derni\u00e8re demeure d\u2019Oscar Wilde, il nous semblait \u00e9vident de rendre hommage \u00e0 cet illustre r\u00e9sident en renommant notre bar \u00e0 cocktail par son nom.<\/p>\n<p>Le Wilde\u2019s Lounge, \u00e0 notre rez-de chauss\u00e9e symbolise le charme sophistiqu\u00e9 et la boh\u00e8me de la rive gauche. C\u2019est le lieu o\u00f9 les artistes, les stars de cin\u00e9ma et les parisiens branch\u00e9s se retrouvent. Les boissons sont servies jusqu\u2019\u00e0 1h00 du matin.<\/p>\n    <\/div>\n\n<\/div>\n<\/div><\/div><\/div><\/div><\/div><div id=\"pg-1570-3\"  class=\"panel-grid panel-has-style\" ><div class=\"c-row--valign-default c-row--widget-default c-row--margin-default c-row--column-default panel-row-style panel-row-style-for-1570-3\" data-row-label=\"#cocktails\" id=\"cocktails\" ><div id=\"pgc-1570-3-0\"  class=\"panel-grid-cell\" ><div id=\"panel-1570-3-0-0\" class=\"so-panel widget widget_cn-core-cta-widget panel-first-child panel-last-child\" data-index=\"5\" ><div\n\t\t\t\n\t\t\tclass=\"so-widget-cn-core-cta-widget so-widget-cn-core-cta-widget-base\"\n\t\t\t\n\t\t><div class=\"c-cta c-cta--layout-image-right no-variation has-background\">\n\n    <div class=\"c-cta__content\">\n\n        <div class=\"c-cta__inner\">\n\n                            <a href=\"https:\/\/hotelcms-production.imgix.net\/l-hotel.com\/wp-content\/uploads\/2026\/02\/Wildes-Cocktail-Menu-web.pdf?fm=pdf\" class=\"c-cta__anchor\">\n            \n            \n            \n            \n                <div class=\"c-cta__headings\">\n\n                \n                                    <h2 class=\"c-cta__heading\">\n                        Boissons &amp; Cocktails                    <\/h2>\n                \n                \n                <\/div>\n\n            \n            \n                            <\/a>\n            \n                            <div class=\"c-cta__text \/ s-entry\">\n                    <p>Partez pour un voyage \u00e0 travers l'histoire des cocktails avec une s\u00e9lection soign\u00e9e de cocktails classiques qui c\u00e9l\u00e8brent la riche histoire et les origines de ces boissons embl\u00e9matiques. Chaque recette a \u00e9t\u00e9 \u00e9labor\u00e9e avec soin pour rendre hommage \u00e0 ses racines, en utilisant des spiritueux et des ingr\u00e9dients authentiques provenant du pays d\u2019origine du cocktail.<\/p>\n<p>Savourez les saveurs telles qu\u2019elles \u00e9taient con\u00e7ues \u00e0 l\u2019origine et d\u00e9couvrez les histoires fascinantes (et parfois surprenantes !) qui se cachent derri\u00e8re vos cocktails pr\u00e9f\u00e9r\u00e9s. Ce n\u2019est pas seulement une boisson, c\u2019est un moment d\u2019histoire ramen\u00e9 \u00e0 la vie.<\/p>\n<p>Ouvert tous les jours de 7h00 \u00e0 1h00.<\/p>\n<p>Cocktails \u00e0 partir de 17h tous les soirs.<\/p>\n                <\/div>\n            \n            \n                            <div class=\"c-cta__buttons\">\n                    <a  class=\"c-button button \/ c-cta__button  no-variation\" href=\"https:\/\/hotelcms-production.imgix.net\/l-hotel.com\/wp-content\/uploads\/2026\/02\/Wildes-Cocktail-Menu-web.pdf?fm=pdf\">\n    Carte des cocktails classiques<\/a>\n\n\n                <\/div>\n            \n                    <\/div>\n\n    <\/div>\n\n    \n            <div data-src=\"https:\/\/hotelcms-production.imgix.net\/l-hotel.com\/wp-content\/uploads\/2024\/12\/IMG_1323.jpg\" data-crop=\"\" class=\"imgix-fluid  crop \/ c-background c-cta__background\"><\/div><noscript><div style=\"background-image: url(https:\/\/hotelcms-production.imgix.net\/l-hotel.com\/wp-content\/uploads\/2024\/12\/IMG_1323.jpg);\" class=\"crop \/ c-background c-cta__background\" ><\/div><\/noscript>    \n            <a href=\"https:\/\/hotelcms-production.imgix.net\/l-hotel.com\/wp-content\/uploads\/2026\/02\/Wildes-Cocktail-Menu-web.pdf?fm=pdf\" class=\"c-cta__detached-anchor\" href=\"https:\/\/hotelcms-production.imgix.net\/l-hotel.com\/wp-content\/uploads\/2026\/02\/Wildes-Cocktail-Menu-web.pdf?fm=pdf\"><\/a>\n    \n<\/div>\n\n<\/div><\/div><\/div><\/div><\/div><div id=\"pg-1570-4\"  class=\"panel-grid panel-has-style\" ><div class=\"c-row--valign-default c-row--widget-default c-row--margin-default c-row--column-default panel-row-style panel-row-style-for-1570-4\" data-row-label=\"#cocktails\" id=\"cocktails\" ><div id=\"pgc-1570-4-0\"  class=\"panel-grid-cell\" ><div id=\"panel-1570-4-0-0\" class=\"so-panel widget widget_cn-core-cta-widget panel-first-child panel-last-child\" data-index=\"6\" ><div\n\t\t\t\n\t\t\tclass=\"so-widget-cn-core-cta-widget so-widget-cn-core-cta-widget-base\"\n\t\t\t\n\t\t><div class=\"c-cta c-cta--layout-image-left no-variation has-background\">\n\n    <div class=\"c-cta__content\">\n\n        <div class=\"c-cta__inner\">\n\n                            <a href=\"https:\/\/hotelcms-production.imgix.net\/l-hotel.com\/wp-content\/uploads\/2025\/09\/LH-Breakfast-Menu-September-2025.pdf?fm=pdf\" class=\"c-cta__anchor\">\n            \n            \n            \n            \n                <div class=\"c-cta__headings\">\n\n                \n                                    <h2 class=\"c-cta__heading\">\n                        Petit-d\u00e9jeuner \u00e0 L\u2019H\u00f4tel                    <\/h2>\n                \n                \n                <\/div>\n\n            \n            \n                            <\/a>\n            \n                            <div class=\"c-cta__text \/ s-entry\">\n                    <p>Commencez votre journ\u00e9e avec le petit-d\u00e9jeuner \u00e0 L\u2019H\u00f4tel, une c\u00e9l\u00e9bration \u00e0 la carte des classiques du matin, pr\u00e9par\u00e9s avec soin. Savourez votre repas dans le confort \u00e9l\u00e9gant de notre salon ou dans l\u2019intimit\u00e9 de votre chambre.<\/p>\n<p>Disponible tous les jours de 7h30 \u00e0 10h30.<\/p>\n                <\/div>\n            \n            \n                            <div class=\"c-cta__buttons\">\n                    <a  class=\"c-button button \/ c-cta__button  no-variation\" href=\"https:\/\/hotelcms-production.imgix.net\/l-hotel.com\/wp-content\/uploads\/2025\/09\/LH-Breakfast-Menu-September-2025.pdf?fm=pdf\">\n    Carte du petit-d\u00e9jeuner<\/a>\n\n\n                <\/div>\n            \n                    <\/div>\n\n    <\/div>\n\n    \n            <div data-src=\"https:\/\/hotelcms-production.imgix.net\/l-hotel.com\/wp-content\/uploads\/2024\/12\/IMG_7335.jpg\" data-crop=\"\" class=\"imgix-fluid  crop \/ c-background c-cta__background\"><\/div><noscript><div style=\"background-image: url(https:\/\/hotelcms-production.imgix.net\/l-hotel.com\/wp-content\/uploads\/2024\/12\/IMG_7335.jpg);\" class=\"crop \/ c-background c-cta__background\" ><\/div><\/noscript>    \n            <a href=\"https:\/\/hotelcms-production.imgix.net\/l-hotel.com\/wp-content\/uploads\/2025\/09\/LH-Breakfast-Menu-September-2025.pdf?fm=pdf\" class=\"c-cta__detached-anchor\" href=\"https:\/\/hotelcms-production.imgix.net\/l-hotel.com\/wp-content\/uploads\/2025\/09\/LH-Breakfast-Menu-September-2025.pdf?fm=pdf\"><\/a>\n    \n<\/div>\n\n<\/div><\/div><\/div><\/div><\/div><div id=\"pg-1570-5\"  class=\"panel-grid panel-has-style\" ><div class=\"c-row--valign-default c-row--widget-default c-row--margin-none c-row--column-default siteorigin-panels-stretch panel-row-style panel-row-style-for-1570-5\" data-stretch-type=\"full-width-stretch\" ><div id=\"pgc-1570-5-0\"  class=\"panel-grid-cell\" ><div id=\"panel-1570-5-0-0\" class=\"so-panel widget widget_cn-core-cta-widget panel-first-child panel-last-child\" data-index=\"7\" ><div\n\t\t\t\n\t\t\tclass=\"so-widget-cn-core-cta-widget so-widget-cn-core-cta-widget-base\"\n\t\t\t\n\t\t><div class=\"c-cta c-cta--layout-breaker no-variation has-background\">\n\n    <div class=\"c-cta__content\">\n\n        <div class=\"c-cta__inner\">\n\n                            <a href=\"https:\/\/www.l-hotel.com\/fr\/contact-directions\/\" class=\"c-cta__anchor\">\n            \n            \n            \n            \n                <div class=\"c-cta__headings\">\n\n                                    <p class=\"c-cta__preheading\">\n                        Vous voulez en savoir plus sur Wilde's?                    <\/p>\n                \n                                    <h2 class=\"c-cta__heading\">\n                        Parlez \u00e0 l'\u00e9quipe                    <\/h2>\n                \n                \n                <\/div>\n\n            \n            \n                            <\/a>\n            \n            \n            \n                            <div class=\"c-cta__buttons\">\n                    <a  class=\"c-button button \/ c-cta__button  no-variation\" href=\"https:\/\/www.l-hotel.com\/fr\/contact-directions\/\">\n    Nous contacter<\/a>\n\n\n                <\/div>\n            \n                    <\/div>\n\n    <\/div>\n\n    \n            <div data-src=\"https:\/\/hotelcms-production.imgix.net\/l-hotel.com\/wp-content\/uploads\/2018\/09\/DSC_4485.jpg\" data-crop=\"centre\" class=\"imgix-fluid  crop \/ c-background c-cta__background\"><\/div><noscript><div style=\"background-image: url(https:\/\/hotelcms-production.imgix.net\/l-hotel.com\/wp-content\/uploads\/2018\/09\/DSC_4485.jpg);\" class=\"crop \/ c-background c-cta__background\" ><\/div><\/noscript>    \n            <a href=\"https:\/\/www.l-hotel.com\/fr\/contact-directions\/\" class=\"c-cta__detached-anchor\" href=\"https:\/\/www.l-hotel.com\/fr\/contact-directions\/\"><\/a>\n    \n<\/div>\n\n<\/div><\/div><\/div><\/div><\/div><\/div>","protected":false},"excerpt":{"rendered":"<p>\u00c0 propos du Bar Cocktails \u00c9v\u00e9nements Wilde&#8217;s Lounge Cocktails, Ap\u00e9ritifs et \u00c9v\u00e9nements Scroll to explore Atmosph\u00e9rique, opulent, et inspir\u00e9 de l&#8217;\u00e9poque du style empire. L\u2019Hotel ayant \u00e9t\u00e9 la derni\u00e8re demeure d\u2019Oscar Wilde, il nous semblait \u00e9vident de rendre hommage \u00e0 cet illustre r\u00e9sident en renommant notre bar \u00e0 cocktail par son nom. Le Wilde\u2019s Lounge, &hellip;<\/p>\n","protected":false},"author":1,"featured_media":2132,"parent":0,"menu_order":13,"comment_status":"closed","ping_status":"closed","template":"","meta":{"_acf_changed":false,"footnotes":""},"class_list":["post--1570","post--page","post--type-page","post--status-publish","post--has-post-thumbnail","post--hentry"],"acf":[],"_links":{"self":[{"href":"https:\/\/www.l-hotel.com\/fr\/wp-json\/wp\/v2\/pages\/1570","targetHints":{"allow":["GET"]}}],"collection":[{"href":"https:\/\/www.l-hotel.com\/fr\/wp-json\/wp\/v2\/pages"}],"about":[{"href":"https:\/\/www.l-hotel.com\/fr\/wp-json\/wp\/v2\/types\/page"}],"author":[{"embeddable":true,"href":"https:\/\/www.l-hotel.com\/fr\/wp-json\/wp\/v2\/users\/1"}],"replies":[{"embeddable":true,"href":"https:\/\/www.l-hotel.com\/fr\/wp-json\/wp\/v2\/comments?post=1570"}],"version-history":[{"count":6,"href":"https:\/\/www.l-hotel.com\/fr\/wp-json\/wp\/v2\/pages\/1570\/revisions"}],"predecessor-version":[{"id":5061,"href":"https:\/\/www.l-hotel.com\/fr\/wp-json\/wp\/v2\/pages\/1570\/revisions\/5061"}],"wp:featuredmedia":[{"embeddable":true,"href":"https:\/\/www.l-hotel.com\/fr\/wp-json\/wp\/v2\/media\/2132"}],"wp:attachment":[{"href":"https:\/\/www.l-hotel.com\/fr\/wp-json\/wp\/v2\/media?parent=1570"}],"curies":[{"name":"wp","href":"https:\/\/api.w.org\/{rel}","templated":true}]}}