{"id":1528,"date":"2018-08-08T15:47:00","date_gmt":"2018-08-08T14:47:06","guid":{"rendered":"https:\/\/lhotel.testingcreative.co.uk\/are-you-curious\/hammam-private-pool\/"},"modified":"2022-08-03T11:16:17","modified_gmt":"2022-08-03T10:16:17","slug":"piscine-privative-et-hammam","status":"publish","type":"page","link":"https:\/\/www.l-hotel.com\/fr\/etes-vous-curieux\/piscine-privative-et-hammam\/","title":{"rendered":"Piscine privative et Hammam"},"content":{"rendered":"<div id=\"pl-1528\"  class=\"panel-layout\" ><div id=\"pg-1528-0\"  class=\"panel-grid panel-has-style\" ><div class=\"c-row--valign-default c-row--widget-default c-row--margin-none c-row--column-none c-row--style-secondary siteorigin-panels-stretch panel-row-style panel-row-style-for-1528-0\" data-stretch-type=\"full-stretched\" ><div id=\"pgc-1528-0-0\"  class=\"panel-grid-cell\" ><div id=\"panel-1528-0-0-0\" class=\"so-panel widget widget_cn-core-static-menu-widget panel-first-child panel-last-child\" data-index=\"0\" ><div\n\t\t\t\n\t\t\tclass=\"so-widget-cn-core-static-menu-widget so-widget-cn-core-static-menu-widget-base\"\n\t\t\t\n\t\t>\n<nav class=\"c-ancestors \">\n  <h4 class=\"c-ancestors__heading\"><\/h4>\n\n  <ul class=\"menu\">\n\n                <li class=\"c-ancestors__page \/ menu__item \">\n        <a  class=\"c-button  no-variation\" href=\"https:\/\/www.l-hotel.com\/fr\/etes-vous-curieux\/\">\n    \u00cates-vous Curieux?<\/a>\n\n\n\n              <\/li>\n                <li class=\"c-ancestors__page \/ menu__item \">\n        <a  class=\"c-button  no-variation\" href=\"https:\/\/www.l-hotel.com\/fr\/etes-vous-curieux\/notre-histoire\/\">\n    Notre histoire<\/a>\n\n\n\n              <\/li>\n                <li class=\"c-ancestors__page \/ menu__item \">\n        <a  class=\"c-button  no-variation\" href=\"https:\/\/www.l-hotel.com\/fr\/etes-vous-curieux\/la-decoration\/\">\n    La d\u00e9coration<\/a>\n\n\n\n              <\/li>\n                <li class=\"c-ancestors__page \/ menu__item \">\n        <a  class=\"c-button  no-variation\" href=\"https:\/\/www.l-hotel.com\/fr\/etes-vous-curieux\/membres-get-curious\/\">\n    Membres \u2018Get Curious\u2019<\/a>\n\n\n\n              <\/li>\n      <\/ul>\n\n<\/nav>\n<\/div><\/div><\/div><\/div><\/div><div id=\"pg-1528-1\"  class=\"panel-grid panel-has-style\" ><div class=\"c-row--valign-default c-row--widget-none c-row--margin-default c-row--column-none siteorigin-panels-stretch panel-row-style panel-row-style-for-1528-1\" data-stretch-type=\"full-stretched\" ><div id=\"pgc-1528-1-0\"  class=\"panel-grid-cell\" ><div id=\"panel-1528-1-0-0\" class=\"so-panel widget widget_cn-core-hero-widget panel-first-child panel-last-child\" data-index=\"1\" ><div\n\t\t\t\n\t\t\tclass=\"so-widget-cn-core-hero-widget so-widget-cn-core-hero-widget-base\"\n\t\t\t\n\t\t><section class=\"c-hero no-variation has-video\">\n    <div class=\"c-hero__inner\">\n        \n        <div class=\"c-hero__content\">\n\n                            <h1 class=\"c-hero__heading\">\n                    La relaxation \u00e0 L'Hotel Paris                <\/h1>\n            \n                            <p class=\"c-hero__subheading\">\n                    Piscine et hammam                 <\/p>\n                    <\/div>\n\n        \n        <div class=\"c-hero__buttons\">\n\n            <a  class=\"c-button  c-button--play\" data-module=\"ajax-modal\" href=\"https:\/\/www.l-hotel.com\/fr\/video\/hammam-pool\/\">\n    Lancez la vid\u00e9o<\/a>\n\n\n\n        <\/div>\n\n        \n    <\/div>\n\n\n\n    \n            <div class=\"c-hero__video-container\">\n            <video\n                class=\"js-hero-video\"\n                data-plyr-config='{\"controls\":[],\"autoplay\":true,\"muted\":true,\"loop\":{\"active\":true}}'\n                autoplay\n                muted\n                playsinline\n            >\n                <source src=\"https:\/\/cdn1.cinema8.com\/mp4\/12400\/122\/122841\/122841_650_720_1280.mp4\" type=\"video\/mp4\">\n            <\/video>\n        <\/div>\n    \n    <div data-src=\"https:\/\/hotelcms-production.imgix.net\/l-hotel.com\/wp-content\/uploads\/2018\/09\/2018_Curious_Lhotel_Options-745_SP_1188.jpg\" data-crop=\"centre\" class=\"imgix-fluid  crop \/ c-hero__background\"><\/div><noscript><div style=\"background-image: url(https:\/\/hotelcms-production.imgix.net\/l-hotel.com\/wp-content\/uploads\/2018\/09\/2018_Curious_Lhotel_Options-745_SP_1188.jpg);\" class=\"crop \/ c-hero__background\" ><\/div><\/noscript>\n    \n    <\/section>\n<\/div><\/div><\/div><\/div><\/div><div id=\"pg-1528-2\"  class=\"panel-grid panel-has-style\" ><div class=\"c-row--valign-default c-row--widget-default c-row--margin-default c-row--column-default panel-row-style panel-row-style-for-1528-2\" ><div id=\"pgc-1528-2-0\"  class=\"panel-grid-cell\" ><div id=\"panel-1528-2-0-0\" class=\"so-panel widget widget_cn-core-cta-widget panel-first-child panel-last-child\" data-index=\"2\" ><div\n\t\t\t\n\t\t\tclass=\"so-widget-cn-core-cta-widget so-widget-cn-core-cta-widget-base\"\n\t\t\t\n\t\t><div class=\"c-cta c-cta--lead no-variation\">\n\n    <div class=\"c-cta__content\">\n\n        <div class=\"c-cta__inner\">\n\n            \n            \n            \n            \n            \n            \n                            <div class=\"c-cta__text \/ s-entry\">\n                    <p>Au sous-sol, dans une cave vout\u00e9e, se trouve une piscine et un hammam tr\u00e8s priv\u00e9s, ouverts tous les jours de 8h \u00e0 21h30. L'utilisation de notre espace relaxation est gratuite pour tous les clients de L'Hotel qui b\u00e9n\u00e9ficient d\u2019un usage privatif sur r\u00e9servation \u00e0 l'avance aupr\u00e8s de nos concierges.<\/p>\n                <\/div>\n            \n            \n            \n                    <\/div>\n\n    <\/div>\n\n    \n    \n    \n<\/div>\n\n<\/div><\/div><\/div><\/div><\/div><div id=\"pg-1528-3\"  class=\"panel-grid panel-has-style\" ><div class=\"c-row--valign-default c-row--widget-default c-row--margin-large c-row--column-default panel-row-style panel-row-style-for-1528-3\" ><div id=\"pgc-1528-3-0\"  class=\"panel-grid-cell\" ><div id=\"panel-1528-3-0-0\" class=\"so-panel widget widget_cn-core-image-slider-widget panel-first-child panel-last-child\" data-index=\"3\" ><div\n\t\t\t\n\t\t\tclass=\"so-widget-cn-core-image-slider-widget so-widget-cn-core-image-slider-widget-base\"\n\t\t\t\n\t\t><div class=\"c-slider-wrapper no-variation no-variation\">\n\n    \n    \n    <div\n        id=\"slider-69e63af2656ff\"\n        class=\"c-slider c-slider--image c-slider--set-height js-flickity\"\n                    data-flickity-options='{\"pageDots\":true,\"prevNextButtons\":true,\"cellAlign\":\"center\",\"contain\":false,\"wrapAround\":true,\"imagesLoaded\":true,\"setGallerySize\":false,\"adaptiveHeight\":false,\"autoPlay\":0,\"friction\":0.28,\"pauseAutoPlayOnHover\":false,\"rightToLeft\":false,\"groupCells\":false}'\n            >\n                    <div\n                class=\"c-slider__cell  js-flickity-cell\"\n                id=\"image-cell-0\"\n            >\n                \n<div class=\"c-image-container  no-variation\">\n    \n    <figure class=\"crop\">\n                    <div data-src=\"https:\/\/hotelcms-production.imgix.net\/l-hotel.com\/wp-content\/uploads\/2018\/09\/2018_Curious_Lhotel_Options-745_SP_1188.jpg\" data-crop=\"centre\" class=\"imgix-fluid  c-image\"><\/div><noscript><div style=\"background-image: url(https:\/\/hotelcms-production.imgix.net\/l-hotel.com\/wp-content\/uploads\/2018\/09\/2018_Curious_Lhotel_Options-745_SP_1188.jpg);\" class=\"c-image\" ><\/div><\/noscript>            <\/figure>\n\n    <\/div>\n            <\/div>\n                    <div\n                class=\"c-slider__cell  js-flickity-cell\"\n                id=\"image-cell-1\"\n            >\n                \n<div class=\"c-image-container  no-variation\">\n    \n    <figure class=\"crop\">\n                    <div data-src=\"https:\/\/hotelcms-production.imgix.net\/l-hotel.com\/wp-content\/uploads\/2018\/09\/2018_Curious_Lhotel_Options-6850M4A0977.jpg\" data-crop=\"centre\" class=\"imgix-fluid  c-image\"><\/div><noscript><div style=\"background-image: url(https:\/\/hotelcms-production.imgix.net\/l-hotel.com\/wp-content\/uploads\/2018\/09\/2018_Curious_Lhotel_Options-6850M4A0977.jpg);\" class=\"c-image\" ><\/div><\/noscript>            <\/figure>\n\n    <\/div>\n            <\/div>\n                    <div\n                class=\"c-slider__cell  js-flickity-cell\"\n                id=\"image-cell-2\"\n            >\n                \n<div class=\"c-image-container  no-variation\">\n    \n    <figure class=\"crop\">\n                    <div data-src=\"https:\/\/hotelcms-production.imgix.net\/l-hotel.com\/wp-content\/uploads\/2018\/09\/DSC_6672insta.jpg\" data-crop=\"centre\" class=\"imgix-fluid  c-image\"><\/div><noscript><div style=\"background-image: url(https:\/\/hotelcms-production.imgix.net\/l-hotel.com\/wp-content\/uploads\/2018\/09\/DSC_6672insta.jpg);\" class=\"c-image\" ><\/div><\/noscript>            <\/figure>\n\n    <\/div>\n            <\/div>\n                    <div\n                class=\"c-slider__cell  js-flickity-cell\"\n                id=\"image-cell-3\"\n            >\n                \n<div class=\"c-image-container  no-variation\">\n    \n    <figure class=\"crop\">\n                    <div data-src=\"https:\/\/hotelcms-production.imgix.net\/l-hotel.com\/wp-content\/uploads\/2018\/09\/LHotel-\u00a9-Amy-Murrell-2010-152.jpg\" data-crop=\"centre\" class=\"imgix-fluid  c-image\"><\/div><noscript><div style=\"background-image: url(https:\/\/hotelcms-production.imgix.net\/l-hotel.com\/wp-content\/uploads\/2018\/09\/LHotel-\u00a9-Amy-Murrell-2010-152.jpg);\" class=\"c-image\" ><\/div><\/noscript>            <\/figure>\n\n    <\/div>\n            <\/div>\n            <\/div>\n\n    <\/div><\/div><\/div><\/div><\/div><\/div><div id=\"pg-1528-4\"  class=\"panel-grid panel-has-style\" ><div class=\"c-row--valign-default c-row--widget-default c-row--margin-none c-row--column-default siteorigin-panels-stretch panel-row-style panel-row-style-for-1528-4\" data-stretch-type=\"full-stretched\" ><div id=\"pgc-1528-4-0\"  class=\"panel-grid-cell\" ><div id=\"panel-1528-4-0-0\" class=\"so-panel widget widget_cn-core-cta-widget panel-first-child panel-last-child\" data-index=\"4\" ><div\n\t\t\t\n\t\t\tclass=\"so-widget-cn-core-cta-widget so-widget-cn-core-cta-widget-base\"\n\t\t\t\n\t\t><div class=\"c-cta c-cta--layout-breaker no-variation has-background\">\n\n    <div class=\"c-cta__content\">\n\n        <div class=\"c-cta__inner\">\n\n                            <a href=\"https:\/\/www.l-hotel.com\/fr\/chambres\/faites-une-demande\/\" class=\"c-cta__anchor\">\n            \n            \n            \n            \n                <div class=\"c-cta__headings\">\n\n                                    <p class=\"c-cta__preheading\">\n                        D\u00e9tendez-vous dans le luxe priv\u00e9                    <\/p>\n                \n                                    <h2 class=\"c-cta__heading\">\n                        Prendre un rendez-vous                    <\/h2>\n                \n                \n                <\/div>\n\n            \n            \n                            <\/a>\n            \n            \n            \n                            <div class=\"c-cta__buttons\">\n                    <a  class=\"c-button button \/ c-cta__button  no-variation\" href=\"https:\/\/www.l-hotel.com\/fr\/chambres\/faites-une-demande\/\">\n    Renseignez-vous maintenant<\/a>\n\n\n                <\/div>\n            \n                    <\/div>\n\n    <\/div>\n\n    \n            <div data-src=\"https:\/\/hotelcms-production.imgix.net\/l-hotel.com\/wp-content\/uploads\/2018\/09\/4-1.jpg\" data-crop=\"\" class=\"imgix-fluid  crop \/ c-background c-cta__background\"><\/div><noscript><div style=\"background-image: url(https:\/\/hotelcms-production.imgix.net\/l-hotel.com\/wp-content\/uploads\/2018\/09\/4-1.jpg);\" class=\"crop \/ c-background c-cta__background\" ><\/div><\/noscript>    \n            <a href=\"https:\/\/www.l-hotel.com\/fr\/chambres\/faites-une-demande\/\" class=\"c-cta__detached-anchor\" href=\"https:\/\/www.l-hotel.com\/fr\/chambres\/faites-une-demande\/\"><\/a>\n    \n<\/div>\n\n<\/div><\/div><\/div><\/div><\/div><\/div>","protected":false},"excerpt":{"rendered":"<p>\u00cates-vous Curieux? Notre histoire La d\u00e9coration Membres \u2018Get Curious\u2019 La relaxation \u00e0 L&#8217;Hotel Paris Piscine et hammam Lancez la vid\u00e9o Au sous-sol, dans une cave vout\u00e9e, se trouve une piscine et un hammam tr\u00e8s priv\u00e9s, ouverts tous les jours de 8h \u00e0 21h30. L&#8217;utilisation de notre espace relaxation est gratuite pour tous les clients de &hellip;<\/p>\n","protected":false},"author":1,"featured_media":2138,"parent":1519,"menu_order":2,"comment_status":"closed","ping_status":"closed","template":"","meta":{"_acf_changed":false,"footnotes":""},"class_list":["post--1528","post--page","post--type-page","post--status-publish","post--has-post-thumbnail","post--hentry"],"acf":[],"_links":{"self":[{"href":"https:\/\/www.l-hotel.com\/fr\/wp-json\/wp\/v2\/pages\/1528","targetHints":{"allow":["GET"]}}],"collection":[{"href":"https:\/\/www.l-hotel.com\/fr\/wp-json\/wp\/v2\/pages"}],"about":[{"href":"https:\/\/www.l-hotel.com\/fr\/wp-json\/wp\/v2\/types\/page"}],"author":[{"embeddable":true,"href":"https:\/\/www.l-hotel.com\/fr\/wp-json\/wp\/v2\/users\/1"}],"replies":[{"embeddable":true,"href":"https:\/\/www.l-hotel.com\/fr\/wp-json\/wp\/v2\/comments?post=1528"}],"version-history":[{"count":4,"href":"https:\/\/www.l-hotel.com\/fr\/wp-json\/wp\/v2\/pages\/1528\/revisions"}],"predecessor-version":[{"id":3196,"href":"https:\/\/www.l-hotel.com\/fr\/wp-json\/wp\/v2\/pages\/1528\/revisions\/3196"}],"up":[{"embeddable":true,"href":"https:\/\/www.l-hotel.com\/fr\/wp-json\/wp\/v2\/pages\/1519"}],"wp:featuredmedia":[{"embeddable":true,"href":"https:\/\/www.l-hotel.com\/fr\/wp-json\/wp\/v2\/media\/2138"}],"wp:attachment":[{"href":"https:\/\/www.l-hotel.com\/fr\/wp-json\/wp\/v2\/media?parent=1528"}],"curies":[{"name":"wp","href":"https:\/\/api.w.org\/{rel}","templated":true}]}}