{"id":1525,"date":"2018-08-08T15:47:00","date_gmt":"2018-08-08T14:47:06","guid":{"rendered":"https:\/\/lhotel.testingcreative.co.uk\/are-you-curious\/design\/"},"modified":"2021-08-20T14:24:58","modified_gmt":"2021-08-20T13:24:58","slug":"la-decoration","status":"publish","type":"page","link":"https:\/\/www.l-hotel.com\/fr\/etes-vous-curieux\/la-decoration\/","title":{"rendered":"La d\u00e9coration"},"content":{"rendered":"<div id=\"pl-1525\"  class=\"panel-layout\" ><div id=\"pg-1525-0\"  class=\"panel-grid panel-has-style\" ><div class=\"c-row--valign-default c-row--widget-default c-row--margin-none c-row--column-none c-row--style-secondary siteorigin-panels-stretch panel-row-style panel-row-style-for-1525-0\" data-stretch-type=\"full-stretched\" ><div id=\"pgc-1525-0-0\"  class=\"panel-grid-cell\" ><div id=\"panel-1525-0-0-0\" class=\"so-panel widget widget_cn-core-static-menu-widget panel-first-child panel-last-child\" data-index=\"0\" ><div\n\t\t\t\n\t\t\tclass=\"so-widget-cn-core-static-menu-widget so-widget-cn-core-static-menu-widget-base\"\n\t\t\t\n\t\t>\n<nav class=\"c-ancestors \">\n  <h4 class=\"c-ancestors__heading\"><\/h4>\n\n  <ul class=\"menu\">\n\n                <li class=\"c-ancestors__page \/ menu__item \">\n        <a  class=\"c-button  no-variation\" href=\"https:\/\/www.l-hotel.com\/fr\/etes-vous-curieux\/\">\n    \u00cates-vous Curieux?<\/a>\n\n\n\n              <\/li>\n                <li class=\"c-ancestors__page \/ menu__item \">\n        <a  class=\"c-button  no-variation\" href=\"https:\/\/www.l-hotel.com\/fr\/etes-vous-curieux\/notre-histoire\/\">\n    Notre histoire<\/a>\n\n\n\n              <\/li>\n                <li class=\"c-ancestors__page \/ menu__item \">\n        <a  class=\"c-button  no-variation\" href=\"https:\/\/www.l-hotel.com\/fr\/etes-vous-curieux\/piscine-privative-et-hammam\/\">\n    Piscine et Hammam<\/a>\n\n\n\n              <\/li>\n                <li class=\"c-ancestors__page \/ menu__item \">\n        <a  class=\"c-button  no-variation\" href=\"https:\/\/www.l-hotel.com\/fr\/etes-vous-curieux\/membres-get-curious\/\">\n    Membres \u2018Get Curious\u2019<\/a>\n\n\n\n              <\/li>\n      <\/ul>\n\n<\/nav>\n<\/div><\/div><\/div><\/div><\/div><div id=\"pg-1525-1\"  class=\"panel-grid panel-has-style\" ><div class=\"c-row--valign-default c-row--widget-none c-row--margin-small c-row--column-none siteorigin-panels-stretch panel-row-style panel-row-style-for-1525-1\" data-stretch-type=\"full-stretched\" ><div id=\"pgc-1525-1-0\"  class=\"panel-grid-cell\" ><div id=\"panel-1525-1-0-0\" class=\"so-panel widget widget_cn-core-hero-widget panel-first-child panel-last-child\" data-index=\"1\" ><div\n\t\t\t\n\t\t\tclass=\"so-widget-cn-core-hero-widget so-widget-cn-core-hero-widget-base\"\n\t\t\t\n\t\t><section class=\"c-hero c-hero--short\">\n    <div class=\"c-hero__inner\">\n        \n        <div class=\"c-hero__content\">\n\n                            <h1 class=\"c-hero__heading\">\n                    Int\u00e9rieur d\u00e9cor\u00e9 par Jacques Garcia                <\/h1>\n            \n                            <p class=\"c-hero__subheading\">\n                    D\u00e9cor                <\/p>\n                    <\/div>\n\n        \n    <\/div>\n\n\n\n    \n    \n    \n            <ol\n    class=\"c-hero__backgrounds\"\n    data-element-cycle-interval=\"4000\"\n>\n    <li>\n        <div data-src=\"https:\/\/hotelcms-production.imgix.net\/l-hotel.com\/wp-content\/uploads\/2018\/09\/2018_Curious_Lhotel_Options-3760M4A0649stack.jpg\" data-crop=\"centre\" class=\"imgix-fluid  crop  c-hero__background\"><\/div><noscript><div style=\"background-image: url(https:\/\/hotelcms-production.imgix.net\/l-hotel.com\/wp-content\/uploads\/2018\/09\/2018_Curious_Lhotel_Options-3760M4A0649stack.jpg);\" class=\"crop  c-hero__background\" ><\/div><\/noscript>    <\/li>\n\n            <li>\n            <div data-src=\"https:\/\/hotelcms-production.imgix.net\/l-hotel.com\/wp-content\/uploads\/2018\/09\/2018_Curious_Lhotel_Options-268_SP_0539.jpg\" data-crop=\"centre\" class=\"imgix-fluid  crop  c-hero__background\"><\/div><noscript><div style=\"background-image: url(https:\/\/hotelcms-production.imgix.net\/l-hotel.com\/wp-content\/uploads\/2018\/09\/2018_Curious_Lhotel_Options-268_SP_0539.jpg);\" class=\"crop  c-hero__background\" ><\/div><\/noscript>        <\/li>\n            <li>\n            <div data-src=\"https:\/\/hotelcms-production.imgix.net\/l-hotel.com\/wp-content\/uploads\/2018\/09\/2018_Curious_Lhotel_Options-424_SP_0785.jpg\" data-crop=\"centre\" class=\"imgix-fluid  crop  c-hero__background\"><\/div><noscript><div style=\"background-image: url(https:\/\/hotelcms-production.imgix.net\/l-hotel.com\/wp-content\/uploads\/2018\/09\/2018_Curious_Lhotel_Options-424_SP_0785.jpg);\" class=\"crop  c-hero__background\" ><\/div><\/noscript>        <\/li>\n            <li>\n            <div data-src=\"https:\/\/hotelcms-production.imgix.net\/l-hotel.com\/wp-content\/uploads\/2018\/09\/2018_Curious_Lhotel_Options-736_SP_1171.jpg\" data-crop=\"centre\" class=\"imgix-fluid  crop  c-hero__background\"><\/div><noscript><div style=\"background-image: url(https:\/\/hotelcms-production.imgix.net\/l-hotel.com\/wp-content\/uploads\/2018\/09\/2018_Curious_Lhotel_Options-736_SP_1171.jpg);\" class=\"crop  c-hero__background\" ><\/div><\/noscript>        <\/li>\n    <\/ol>    \n    <\/section>\n<\/div><\/div><\/div><\/div><\/div><div id=\"pg-1525-2\"  class=\"panel-grid panel-no-style\" ><div id=\"pgc-1525-2-0\"  class=\"panel-grid-cell\" ><div id=\"panel-1525-2-0-0\" class=\"so-panel widget widget_cn-core-cta-widget panel-first-child panel-last-child\" data-index=\"2\" ><div\n\t\t\t\n\t\t\tclass=\"so-widget-cn-core-cta-widget so-widget-cn-core-cta-widget-base\"\n\t\t\t\n\t\t><div class=\"c-cta c-cta--lead no-variation\">\n\n    <div class=\"c-cta__content\">\n\n        <div class=\"c-cta__inner\">\n\n            \n            \n            \n            \n            \n            \n                            <div class=\"c-cta__text \/ s-entry\">\n                    <p>L'int\u00e9rieur de L'Hotel ne ressemble \u00e0 aucun autre h\u00f4tel de luxe. Des riches rideaux de soie aux papiers peints textur\u00e9s, le c\u00e9l\u00e8bre architecte d'int\u00e9rieur Jacques Garcia a un \u0153il pour les d\u00e9tails et les textures extravagantes qui couvrent chaque centim\u00e8tre de ce magnifique b\u00e2timent.<\/p>\n                <\/div>\n            \n            \n            \n                    <\/div>\n\n    <\/div>\n\n    \n    \n    \n<\/div>\n\n<\/div><\/div><\/div><\/div><div id=\"pg-1525-3\"  class=\"panel-grid panel-has-style\" ><div class=\"c-row--valign-default c-row--widget-default c-row--margin-default c-row--column-default panel-row-style panel-row-style-for-1525-3\" ><div id=\"pgc-1525-3-0\"  class=\"panel-grid-cell\" ><div id=\"panel-1525-3-0-0\" class=\"so-panel widget widget_cn-core-cta-widget panel-first-child panel-last-child\" data-index=\"3\" ><div\n\t\t\t\n\t\t\tclass=\"so-widget-cn-core-cta-widget so-widget-cn-core-cta-widget-base\"\n\t\t\t\n\t\t><div class=\"c-cta c-cta--layout-image-right no-variation has-background\">\n\n    <div class=\"c-cta__content\">\n\n        <div class=\"c-cta__inner\">\n\n            \n            \n            \n            \n                <div class=\"c-cta__headings\">\n\n                \n                                    <h2 class=\"c-cta__heading\">\n                        Une ville o\u00f9 l'on se sent chez soi                    <\/h2>\n                \n                \n                <\/div>\n\n            \n            \n            \n                            <div class=\"c-cta__text \/ s-entry\">\n                    <p>Nous sommes tomb\u00e9s amoureux de L'H\u00f4tel il y a plus de deux d\u00e9cennies. Outre le fait qu'il est l'un des h\u00f4tels les plus c\u00e9l\u00e8bres de Paris, il est \u00e9galement parfait \u00e0 tous points de vue. Situ\u00e9 au c\u0153ur de la Rive Gauche, l'h\u00f4tel L'Hotel se trouve dans un quartier de la ville que nous avons toujours habit\u00e9. Chaque rue, chaque coin de rue autour de nous a une histoire \u00e0 raconter. L'Hotel ne respire pas seulement l'histoire, il respire la po\u00e9sie et l'amour, l'excitation et la passion. Lorsque nous l'avons repris il y a plus de quinze ans, nous savions que nous faisions plus que prendre le contr\u00f4le d'un h\u00f4tel. Nous devenions les gardiens d'une institution.<\/p>\n<p>L'Hotel est l'endroit o\u00f9 Oscar Wilde a pass\u00e9 ses derni\u00e8res ann\u00e9es ; c'est l\u00e0 que Frank Sinatra a fr\u00e9quent\u00e9 Ava Gardner, o\u00f9 Richard Burton et Elizabeth Taylor ont s\u00e9journ\u00e9 quand ils ont visit\u00e9 la ville de l'amour. C'est l\u00e0 o\u00f9 mon mari et moi vivons quand nous sommes \u00e0 Paris.<\/p>\n                <\/div>\n            \n            \n            \n                    <\/div>\n\n    <\/div>\n\n    \n            <div data-src=\"https:\/\/hotelcms-production.imgix.net\/l-hotel.com\/wp-content\/uploads\/2018\/09\/LHotel-\u00a9-Amy-Murrell-2010-12.jpg\" data-crop=\"centre\" class=\"imgix-fluid  crop \/ c-background c-cta__background\"><\/div><noscript><div style=\"background-image: url(https:\/\/hotelcms-production.imgix.net\/l-hotel.com\/wp-content\/uploads\/2018\/09\/LHotel-\u00a9-Amy-Murrell-2010-12.jpg);\" class=\"crop \/ c-background c-cta__background\" ><\/div><\/noscript>    \n    \n<\/div>\n\n<\/div><\/div><\/div><\/div><\/div><div id=\"pg-1525-4\"  class=\"panel-grid panel-has-style\" ><div class=\"c-row--valign-default c-row--widget-default c-row--margin-default c-row--column-default panel-row-style panel-row-style-for-1525-4\" ><div id=\"pgc-1525-4-0\"  class=\"panel-grid-cell\" ><div id=\"panel-1525-4-0-0\" class=\"so-panel widget widget_cn-core-cta-widget panel-first-child panel-last-child\" data-index=\"4\" ><div\n\t\t\t\n\t\t\tclass=\"so-widget-cn-core-cta-widget so-widget-cn-core-cta-widget-base\"\n\t\t\t\n\t\t><div class=\"c-cta c-cta--layout-image-left no-variation has-background\">\n\n    <div class=\"c-cta__content\">\n\n        <div class=\"c-cta__inner\">\n\n            \n            \n            \n            \n                <div class=\"c-cta__headings\">\n\n                \n                                    <h2 class=\"c-cta__heading\">\n                        Aussi spectaculaire que Paris puisse l\u2019\u00eatre                    <\/h2>\n                \n                \n                <\/div>\n\n            \n            \n            \n                            <div class=\"c-cta__text \/ s-entry\">\n                    <p>L'Hotel est petit, mais parfaitement \u00e9quilibr\u00e9. Le fait que nous n'ayons que 20 chambres, nous permet d'offrir \u00e0 nos clients un niveau de service non seulement exceptionnel (comme il se doit dans un h\u00f4tel 5*), mais aussi personnalis\u00e9. Visiter Paris est une joie totale et notre philosophie est de renforcer ce sentiment en rendant votre moment \u00e0 l'Hotel aussi spectaculaire que la ville elle-m\u00eame.<\/p>\n                <\/div>\n            \n            \n            \n                    <\/div>\n\n    <\/div>\n\n    \n            <div data-src=\"https:\/\/hotelcms-production.imgix.net\/l-hotel.com\/wp-content\/uploads\/2018\/09\/2018_Curious_Lhotel_Options-6950M4A1003.jpg\" data-crop=\"centre\" class=\"imgix-fluid  crop \/ c-background c-cta__background\"><\/div><noscript><div style=\"background-image: url(https:\/\/hotelcms-production.imgix.net\/l-hotel.com\/wp-content\/uploads\/2018\/09\/2018_Curious_Lhotel_Options-6950M4A1003.jpg);\" class=\"crop \/ c-background c-cta__background\" ><\/div><\/noscript>    \n    \n<\/div>\n\n<\/div><\/div><\/div><\/div><\/div><div id=\"pg-1525-5\"  class=\"panel-grid panel-has-style\" ><div class=\"c-row--valign-default c-row--widget-default c-row--margin-default c-row--column-default panel-row-style panel-row-style-for-1525-5\" ><div id=\"pgc-1525-5-0\"  class=\"panel-grid-cell\" ><div id=\"panel-1525-5-0-0\" class=\"so-panel widget widget_cn-core-cta-widget panel-first-child panel-last-child\" data-index=\"5\" ><div\n\t\t\t\n\t\t\tclass=\"so-widget-cn-core-cta-widget so-widget-cn-core-cta-widget-base\"\n\t\t\t\n\t\t><div class=\"c-cta c-cta--layout-image-right no-variation has-background\">\n\n    <div class=\"c-cta__content\">\n\n        <div class=\"c-cta__inner\">\n\n            \n            \n            \n            \n                <div class=\"c-cta__headings\">\n\n                \n                                    <h2 class=\"c-cta__heading\">\n                        Jacques Garcia                    <\/h2>\n                \n                \n                <\/div>\n\n            \n            \n            \n                            <div class=\"c-cta__text \/ s-entry\">\n                    <p>Le fait que les chambres aient \u00e9t\u00e9 d\u00e9cor\u00e9es par Jacques Garcia, l'un des architectes d\u2019int\u00e9rieur les plus c\u00e9l\u00e8bres de France, a \u00e9t\u00e9 tr\u00e8s pr\u00e9cieux. Nous avons aim\u00e9 travailler avec quelqu'un qui se souciait de l'histoire du b\u00e2timent - et qui voulait cr\u00e9er des pi\u00e8ces qui refl\u00e8tent le c\u00e9l\u00e8bre b\u00e2timent sublim\u00e9 par son atrium et son escalier extraordinaires. Je suis tr\u00e8s fier que le b\u00e2timent lui-m\u00eame, comme les chambres et le service, soit d'une qualit\u00e9 incroyable.<\/p>\n                <\/div>\n            \n            \n            \n                    <\/div>\n\n    <\/div>\n\n    \n            <div data-src=\"https:\/\/hotelcms-production.imgix.net\/l-hotel.com\/wp-content\/uploads\/2018\/09\/LHotel-\u00a9-Amy-Murrell-2010-184.jpg\" data-crop=\"centre\" class=\"imgix-fluid  crop \/ c-background c-cta__background\"><\/div><noscript><div style=\"background-image: url(https:\/\/hotelcms-production.imgix.net\/l-hotel.com\/wp-content\/uploads\/2018\/09\/LHotel-\u00a9-Amy-Murrell-2010-184.jpg);\" class=\"crop \/ c-background c-cta__background\" ><\/div><\/noscript>    \n    \n<\/div>\n\n<\/div><\/div><\/div><\/div><\/div><div id=\"pg-1525-6\"  class=\"panel-grid panel-has-style\" ><div class=\"c-row--valign-default c-row--widget-default c-row--margin-default c-row--column-default panel-row-style panel-row-style-for-1525-6\" ><div id=\"pgc-1525-6-0\"  class=\"panel-grid-cell\" ><div id=\"panel-1525-6-0-0\" class=\"so-panel widget widget_cn-core-cta-widget panel-first-child panel-last-child\" data-index=\"6\" ><div\n\t\t\t\n\t\t\tclass=\"so-widget-cn-core-cta-widget so-widget-cn-core-cta-widget-base\"\n\t\t\t\n\t\t><div class=\"c-cta c-cta--layout-image-left no-variation has-background\">\n\n    <div class=\"c-cta__content\">\n\n        <div class=\"c-cta__inner\">\n\n            \n            \n            \n            \n                <div class=\"c-cta__headings\">\n\n                \n                                    <h2 class=\"c-cta__heading\">\n                        Opulent, fabuleux et sexy                    <\/h2>\n                \n                \n                <\/div>\n\n            \n            \n            \n                            <div class=\"c-cta__text \/ s-entry\">\n                    <p>Chaque chambre est diff\u00e9rente, opulente, fabuleuse et sexy, tout comme Paris. Elles combinent des tissus riches et des couleurs profondes et sensuelles pour cr\u00e9er des chambres qui ont chacune un th\u00e8me qui leur est propre et qui puise dans le pass\u00e9 de Paris et de la France, comme Charles X, Reine Hortense, et bien s\u00fbr Oscar Wilde. Ils ont chacun leur caract\u00e8re et leur charme. Le lit miroir de Mistinguett est \u00e9tonnant, tandis que les violets fonc\u00e9s et les soies de Mata Hari sont tout simplement fabuleux.<\/p>\n<p>La piscine priv\u00e9e dans les caves est assez extraordinaire. Il n'y a rien de mieux que de revenir d'une journ\u00e9e de travail ou d'une visite et de flotter \u00e0 la chandelle.<\/p>\n                <\/div>\n            \n            \n            \n                    <\/div>\n\n    <\/div>\n\n    \n            <div data-src=\"https:\/\/hotelcms-production.imgix.net\/l-hotel.com\/wp-content\/uploads\/2018\/09\/2018_Curious_Lhotel_Options-55_SP_9250.jpg\" data-crop=\"manual\" class=\"imgix-fluid  crop \/ c-background c-cta__background\" data-focus-horizontal=\"50\" data-focus-vertical=\"70\"><\/div><noscript><div style=\"background-image: url(https:\/\/hotelcms-production.imgix.net\/l-hotel.com\/wp-content\/uploads\/2018\/09\/2018_Curious_Lhotel_Options-55_SP_9250.jpg);\" class=\"crop \/ c-background c-cta__background\" ><\/div><\/noscript>    \n    \n<\/div>\n\n<\/div><\/div><\/div><\/div><\/div><div id=\"pg-1525-7\"  class=\"panel-grid panel-has-style\" ><div class=\"c-row--valign-default c-row--widget-default c-row--margin-default c-row--column-default panel-row-style panel-row-style-for-1525-7\" ><div id=\"pgc-1525-7-0\"  class=\"panel-grid-cell\" ><div id=\"panel-1525-7-0-0\" class=\"so-panel widget widget_cn-core-cta-widget panel-first-child panel-last-child\" data-index=\"7\" ><div\n\t\t\t\n\t\t\tclass=\"so-widget-cn-core-cta-widget so-widget-cn-core-cta-widget-base\"\n\t\t\t\n\t\t><div class=\"c-cta c-cta--layout-image-right no-variation has-background\">\n\n    <div class=\"c-cta__content\">\n\n        <div class=\"c-cta__inner\">\n\n            \n            \n            \n            \n                <div class=\"c-cta__headings\">\n\n                \n                                    <h2 class=\"c-cta__heading\">\n                        Uniquement \u00e0 Paris                    <\/h2>\n                \n                \n                <\/div>\n\n            \n            \n            \n                            <div class=\"c-cta__text \/ s-entry\">\n                    <p>Nous avons toujours voulu faire en sorte que les gens sentent qu'ils reviennent \u00e0 la maison quand ils passent \u00e0 nouveau les portes ; les grandes capitales sont en mouvement permanent, elles sont anim\u00e9es, parfois bruyantes, lumineuses et Paris ne d\u00e9roge pas \u00e0 ce constat, \u00e9tant aussi spectaculaire que vivante. Nous voulions que L'Hotel ressemble \u00e0 la maison avec sa s\u00e9r\u00e9nit\u00e9, tout en faisant partie de la ville. Nous n\u2019aimons pas les h\u00f4tels communs, sans personnalit\u00e9. L'Hotel, c'est le contraire. Vous ne pouvez \u00eatre qu\u2019\u00e0 Paris.<\/p>\n                <\/div>\n            \n            \n            \n                    <\/div>\n\n    <\/div>\n\n    \n            <div data-src=\"https:\/\/hotelcms-production.imgix.net\/l-hotel.com\/wp-content\/uploads\/2018\/09\/2018_Curious_Lhotel_Options-432_SP_0799.jpg\" data-crop=\"centre\" class=\"imgix-fluid  crop \/ c-background c-cta__background\"><\/div><noscript><div style=\"background-image: url(https:\/\/hotelcms-production.imgix.net\/l-hotel.com\/wp-content\/uploads\/2018\/09\/2018_Curious_Lhotel_Options-432_SP_0799.jpg);\" class=\"crop \/ c-background c-cta__background\" ><\/div><\/noscript>    \n    \n<\/div>\n\n<\/div><\/div><\/div><\/div><\/div><div id=\"pg-1525-8\"  class=\"panel-grid panel-has-style\" ><div class=\"c-row--valign-default c-row--widget-default c-row--margin-none c-row--column-default siteorigin-panels-stretch panel-row-style panel-row-style-for-1525-8\" data-stretch-type=\"full-stretched\" ><div id=\"pgc-1525-8-0\"  class=\"panel-grid-cell\" ><div id=\"panel-1525-8-0-0\" class=\"so-panel widget widget_cn-core-cta-widget panel-first-child panel-last-child\" data-index=\"8\" ><div\n\t\t\t\n\t\t\tclass=\"so-widget-cn-core-cta-widget so-widget-cn-core-cta-widget-base\"\n\t\t\t\n\t\t><div class=\"c-cta c-cta--layout-breaker no-variation has-background\">\n\n    <div class=\"c-cta__content\">\n\n        <div class=\"c-cta__inner\">\n\n                            <a href=\"https:\/\/www.l-hotel.com\/fr\/chambres\/\" class=\"c-cta__anchor\">\n            \n            \n            \n            \n                <div class=\"c-cta__headings\">\n\n                                    <p class=\"c-cta__preheading\">\n                        Faites l'exp\u00e9rience d'un d\u00e9cor exquis pour vous-m\u00eame                    <\/p>\n                \n                                    <h2 class=\"c-cta__heading\">\n                        Les Chambres de L'Hotel                    <\/h2>\n                \n                \n                <\/div>\n\n            \n            \n                            <\/a>\n            \n            \n            \n                            <div class=\"c-cta__buttons\">\n                    <a  class=\"c-button button \/ c-cta__button  no-variation\" href=\"https:\/\/www.l-hotel.com\/fr\/chambres\/\">\n    Voir les chambres<\/a>\n\n\n                <\/div>\n            \n                    <\/div>\n\n    <\/div>\n\n    \n            <div data-src=\"https:\/\/hotelcms-production.imgix.net\/l-hotel.com\/wp-content\/uploads\/2018\/09\/4-1.jpg\" data-crop=\"\" class=\"imgix-fluid  crop \/ c-background c-cta__background\"><\/div><noscript><div style=\"background-image: url(https:\/\/hotelcms-production.imgix.net\/l-hotel.com\/wp-content\/uploads\/2018\/09\/4-1.jpg);\" class=\"crop \/ c-background c-cta__background\" ><\/div><\/noscript>    \n            <a href=\"https:\/\/www.l-hotel.com\/fr\/chambres\/\" class=\"c-cta__detached-anchor\" href=\"https:\/\/www.l-hotel.com\/fr\/chambres\/\"><\/a>\n    \n<\/div>\n\n<\/div><\/div><\/div><\/div><\/div><\/div>","protected":false},"excerpt":{"rendered":"<p>\u00cates-vous Curieux? Notre histoire Piscine et Hammam Membres \u2018Get Curious\u2019 Int\u00e9rieur d\u00e9cor\u00e9 par Jacques Garcia D\u00e9cor L&#8217;int\u00e9rieur de L&#8217;Hotel ne ressemble \u00e0 aucun autre h\u00f4tel de luxe. Des riches rideaux de soie aux papiers peints textur\u00e9s, le c\u00e9l\u00e8bre architecte d&#8217;int\u00e9rieur Jacques Garcia a un \u0153il pour les d\u00e9tails et les textures extravagantes qui couvrent chaque &hellip;<\/p>\n","protected":false},"author":1,"featured_media":2142,"parent":1519,"menu_order":1,"comment_status":"closed","ping_status":"closed","template":"","meta":{"_acf_changed":false,"footnotes":""},"class_list":["post--1525","post--page","post--type-page","post--status-publish","post--has-post-thumbnail","post--hentry"],"acf":[],"_links":{"self":[{"href":"https:\/\/www.l-hotel.com\/fr\/wp-json\/wp\/v2\/pages\/1525","targetHints":{"allow":["GET"]}}],"collection":[{"href":"https:\/\/www.l-hotel.com\/fr\/wp-json\/wp\/v2\/pages"}],"about":[{"href":"https:\/\/www.l-hotel.com\/fr\/wp-json\/wp\/v2\/types\/page"}],"author":[{"embeddable":true,"href":"https:\/\/www.l-hotel.com\/fr\/wp-json\/wp\/v2\/users\/1"}],"replies":[{"embeddable":true,"href":"https:\/\/www.l-hotel.com\/fr\/wp-json\/wp\/v2\/comments?post=1525"}],"version-history":[{"count":2,"href":"https:\/\/www.l-hotel.com\/fr\/wp-json\/wp\/v2\/pages\/1525\/revisions"}],"predecessor-version":[{"id":3114,"href":"https:\/\/www.l-hotel.com\/fr\/wp-json\/wp\/v2\/pages\/1525\/revisions\/3114"}],"up":[{"embeddable":true,"href":"https:\/\/www.l-hotel.com\/fr\/wp-json\/wp\/v2\/pages\/1519"}],"wp:featuredmedia":[{"embeddable":true,"href":"https:\/\/www.l-hotel.com\/fr\/wp-json\/wp\/v2\/media\/2142"}],"wp:attachment":[{"href":"https:\/\/www.l-hotel.com\/fr\/wp-json\/wp\/v2\/media?parent=1525"}],"curies":[{"name":"wp","href":"https:\/\/api.w.org\/{rel}","templated":true}]}}