{"id":1522,"date":"2018-08-08T15:47:00","date_gmt":"2018-08-08T14:47:06","guid":{"rendered":"https:\/\/lhotel.testingcreative.co.uk\/are-you-curious\/our-story\/"},"modified":"2024-07-30T09:31:32","modified_gmt":"2024-07-30T08:31:32","slug":"notre-histoire","status":"publish","type":"page","link":"https:\/\/www.l-hotel.com\/fr\/etes-vous-curieux\/notre-histoire\/","title":{"rendered":"Notre histoire"},"content":{"rendered":"<div id=\"pl-1522\"  class=\"panel-layout\" ><div id=\"pg-1522-0\"  class=\"panel-grid panel-has-style\" ><div class=\"c-row--valign-default c-row--widget-default c-row--margin-none c-row--column-none c-row--style-secondary siteorigin-panels-stretch panel-row-style panel-row-style-for-1522-0\" data-stretch-type=\"full-stretched\" ><div id=\"pgc-1522-0-0\"  class=\"panel-grid-cell\" ><div id=\"panel-1522-0-0-0\" class=\"so-panel widget widget_cn-core-static-menu-widget panel-first-child panel-last-child\" data-index=\"0\" ><div\n\t\t\t\n\t\t\tclass=\"so-widget-cn-core-static-menu-widget so-widget-cn-core-static-menu-widget-base\"\n\t\t\t\n\t\t>\n<nav class=\"c-ancestors \">\n  <h4 class=\"c-ancestors__heading\"><\/h4>\n\n  <ul class=\"menu\">\n\n                <li class=\"c-ancestors__page \/ menu__item \">\n        <a  class=\"c-button  no-variation\" href=\"https:\/\/www.l-hotel.com\/fr\/etes-vous-curieux\/\">\n    \u00cates-vous Curieux?<\/a>\n\n\n\n              <\/li>\n                <li class=\"c-ancestors__page \/ menu__item \">\n        <a  class=\"c-button  no-variation\" href=\"https:\/\/www.l-hotel.com\/fr\/etes-vous-curieux\/la-decoration\/\">\n    La d\u00e9coration<\/a>\n\n\n\n              <\/li>\n                <li class=\"c-ancestors__page \/ menu__item \">\n        <a  class=\"c-button  no-variation\" href=\"https:\/\/www.l-hotel.com\/fr\/etes-vous-curieux\/piscine-privative-et-hammam\/\">\n    Piscine et Hammam<\/a>\n\n\n\n              <\/li>\n                <li class=\"c-ancestors__page \/ menu__item \">\n        <a  class=\"c-button  no-variation\" href=\"https:\/\/www.l-hotel.com\/fr\/etes-vous-curieux\/membres-get-curious\/\">\n    Membres \u2018Get Curious\u2019<\/a>\n\n\n\n              <\/li>\n      <\/ul>\n\n<\/nav>\n<\/div><\/div><\/div><\/div><\/div><div id=\"pg-1522-1\"  class=\"panel-grid panel-has-style\" ><div class=\"c-row--valign-default c-row--widget-none c-row--margin-small c-row--column-none siteorigin-panels-stretch panel-row-style panel-row-style-for-1522-1\" data-stretch-type=\"full-stretched\" ><div id=\"pgc-1522-1-0\"  class=\"panel-grid-cell\" ><div id=\"panel-1522-1-0-0\" class=\"so-panel widget widget_cn-core-hero-widget panel-first-child panel-last-child\" data-index=\"1\" ><div\n\t\t\t\n\t\t\tclass=\"so-widget-cn-core-hero-widget so-widget-cn-core-hero-widget-base\"\n\t\t\t\n\t\t><section class=\"c-hero c-hero--short\">\n    <div class=\"c-hero__inner\">\n        \n        <div class=\"c-hero__content\">\n\n                            <h1 class=\"c-hero__heading\">\n                    L\u2019Histoire de L\u2019Hotel Paris                <\/h1>\n            \n                            <p class=\"c-hero__subheading\">\n                    Notre histoire                <\/p>\n                    <\/div>\n\n        \n    <\/div>\n\n\n\n    \n    \n    <div data-src=\"https:\/\/hotelcms-production.imgix.net\/l-hotel.com\/wp-content\/uploads\/2018\/09\/2018_Curious_Lhotel_Options-5090M4A0765.jpg\" data-crop=\"centre\" class=\"imgix-fluid  crop \/ c-hero__background\"><\/div><noscript><div style=\"background-image: url(https:\/\/hotelcms-production.imgix.net\/l-hotel.com\/wp-content\/uploads\/2018\/09\/2018_Curious_Lhotel_Options-5090M4A0765.jpg);\" class=\"crop \/ c-hero__background\" ><\/div><\/noscript>\n    \n    <\/section>\n<\/div><\/div><\/div><\/div><\/div><div id=\"pg-1522-2\"  class=\"panel-grid panel-no-style\" ><div id=\"pgc-1522-2-0\"  class=\"panel-grid-cell\" ><div id=\"panel-1522-2-0-0\" class=\"so-panel widget widget_cn-core-cta-widget panel-first-child panel-last-child\" data-index=\"2\" ><div\n\t\t\t\n\t\t\tclass=\"so-widget-cn-core-cta-widget so-widget-cn-core-cta-widget-base\"\n\t\t\t\n\t\t><div class=\"c-cta c-cta--lead no-variation\">\n\n    <div class=\"c-cta__content\">\n\n        <div class=\"c-cta__inner\">\n\n            \n            \n            \n            \n            \n            \n                            <div class=\"c-cta__text \/ s-entry\">\n                    <p>L'Hotel a \u00e9t\u00e9 construit en 1828 par C\u00e9lestin-Joseph Happe \u00e0 l'emplacement exact occup\u00e9 par le Pavillon d'Amour de La Reine Margot au 17e si\u00e8cle. Le b\u00e2timent devient l\u2019h\u00f4tel d'Allemagne en 1868, puis l\u2019h\u00f4tel d'Alsace apr\u00e8s la guerre de 1870.<\/p>\n                <\/div>\n            \n            \n            \n                    <\/div>\n\n    <\/div>\n\n    \n    \n    \n<\/div>\n\n<\/div><\/div><\/div><\/div><div id=\"pg-1522-3\"  class=\"panel-grid panel-has-style\" ><div class=\"c-row--valign-default c-row--widget-default c-row--margin-default c-row--column-default panel-row-style panel-row-style-for-1522-3\" ><div id=\"pgc-1522-3-0\"  class=\"panel-grid-cell\" ><div id=\"panel-1522-3-0-0\" class=\"so-panel widget widget_cn-core-cta-widget panel-first-child panel-last-child\" data-index=\"3\" ><div\n\t\t\t\n\t\t\tclass=\"so-widget-cn-core-cta-widget so-widget-cn-core-cta-widget-base\"\n\t\t\t\n\t\t><div class=\"c-cta c-cta--layout-image-right no-variation has-background\">\n\n    <div class=\"c-cta__content\">\n\n        <div class=\"c-cta__inner\">\n\n            \n            \n            \n            \n                <div class=\"c-cta__headings\">\n\n                \n                                    <h2 class=\"c-cta__heading\">\n                        Le lieu pour \u00eatre vu                    <\/h2>\n                \n                \n                <\/div>\n\n            \n            \n            \n                            <div class=\"c-cta__text \/ s-entry\">\n                    <p>Oscar Wilde s'installe \u00e0 la fin du XIXe si\u00e8cle et vit \u00e0 L'Hotel jusqu'\u00e0 sa mort, pr\u00e9tendant \" vivre au-dessus de ses moyens \".<\/p>\n<p>Apr\u00e8s avoir fait l'objet d'une vaste r\u00e9novation en 1967, L'Hotel est rapidement devenu l'endroit pour \u00eatre vu \u00e0 Paris De nombreuses personnalit\u00e9s y ont s\u00e9journ\u00e9es, entre autres Salvador Dali, la Princesse Grace, Frank Sinatra mais aussi Elizabeth Taylor, Richard Burton, Jim Morrison et Serge Gainsbourg.<\/p>\n<p>Le statut embl\u00e9matique de L'Hotel en tant qu'h\u00f4tel phare de la Rive Gauche a \u00e9t\u00e9 confirm\u00e9 \u00e0 la suite d'une superbe r\u00e9novation, orchestr\u00e9e par le l\u00e9gendaire architecte d\u2019int\u00e9rieur Jacques Garcia.<\/p>\n                <\/div>\n            \n            \n            \n                    <\/div>\n\n    <\/div>\n\n    \n            <div data-src=\"https:\/\/hotelcms-production.imgix.net\/l-hotel.com\/wp-content\/uploads\/2018\/09\/shrads-l-hotel-paris-2-2.jpg\" data-crop=\"manual\" class=\"imgix-fluid  crop \/ c-background c-cta__background\" data-focus-horizontal=\"50\" data-focus-vertical=\"40\"><\/div><noscript><div style=\"background-image: url(https:\/\/hotelcms-production.imgix.net\/l-hotel.com\/wp-content\/uploads\/2018\/09\/shrads-l-hotel-paris-2-2.jpg);\" class=\"crop \/ c-background c-cta__background\" ><\/div><\/noscript>    \n    \n<\/div>\n\n<\/div><\/div><\/div><\/div><\/div><div id=\"pg-1522-4\"  class=\"panel-grid panel-has-style\" ><div class=\"c-row--valign-default c-row--widget-default c-row--margin-default c-row--column-default panel-row-style panel-row-style-for-1522-4\" ><div id=\"pgc-1522-4-0\"  class=\"panel-grid-cell\" ><div id=\"panel-1522-4-0-0\" class=\"so-panel widget widget_cn-core-cta-widget panel-first-child panel-last-child\" data-index=\"4\" ><div\n\t\t\t\n\t\t\tclass=\"so-widget-cn-core-cta-widget so-widget-cn-core-cta-widget-base\"\n\t\t\t\n\t\t><div class=\"c-cta c-cta--layout-image-left no-variation has-background\">\n\n    <div class=\"c-cta__content\">\n\n        <div class=\"c-cta__inner\">\n\n            \n            \n            \n            \n                <div class=\"c-cta__headings\">\n\n                \n                                    <h2 class=\"c-cta__heading\">\n                        L'H\u00f4tel Aujourd'hui                    <\/h2>\n                \n                \n                <\/div>\n\n            \n            \n            \n                            <div class=\"c-cta__text \/ s-entry\">\n                    <p>Avec ses 20 chambres, l'H\u00f4tel est l'un des plus intimistes de Paris. Une piscine priv\u00e9e, nich\u00e9e sous les vo\u00fbtes est \u00e0 la disposition des clients, et Wilde's est un bar \u00e0 cocktails anim\u00e9 et appr\u00e9ci\u00e9 des locaux ; faisant de l'H\u00f4tel une institution parisienne c\u00e9l\u00e8bre dans le monde entier pour son charme discret et son glamour inimitable.<\/p>\n<p>L'h\u00f4tel appartient \u00e0 \u00ab A Curious Group of Hotels \u00bb, une soci\u00e9t\u00e9 britannique d'h\u00f4tels chics pour les amateurs de culture, qui poss\u00e8de \u00e9galement Canal House \u00e0 Amsterdam, Portobello Hotel \u00e0 Londres et Drakes Hotel \u00e0 Brighton.<\/p>\n                <\/div>\n            \n            \n            \n                    <\/div>\n\n    <\/div>\n\n    \n            <div data-src=\"https:\/\/hotelcms-production.imgix.net\/l-hotel.com\/wp-content\/uploads\/2018\/09\/DSC_6095A.jpg\" data-crop=\"centre\" class=\"imgix-fluid  crop \/ c-background c-cta__background\"><\/div><noscript><div style=\"background-image: url(https:\/\/hotelcms-production.imgix.net\/l-hotel.com\/wp-content\/uploads\/2018\/09\/DSC_6095A.jpg);\" class=\"crop \/ c-background c-cta__background\" ><\/div><\/noscript>    \n    \n<\/div>\n\n<\/div><\/div><\/div><\/div><\/div><div id=\"pg-1522-5\"  class=\"panel-grid panel-has-style\" ><div class=\"c-row--valign-default c-row--widget-default c-row--margin-none c-row--column-default siteorigin-panels-stretch panel-row-style panel-row-style-for-1522-5\" data-stretch-type=\"full-stretched\" ><div id=\"pgc-1522-5-0\"  class=\"panel-grid-cell\" ><div id=\"panel-1522-5-0-0\" class=\"so-panel widget widget_cn-core-cta-widget panel-first-child panel-last-child\" data-index=\"5\" ><div\n\t\t\t\n\t\t\tclass=\"so-widget-cn-core-cta-widget so-widget-cn-core-cta-widget-base\"\n\t\t\t\n\t\t><div class=\"c-cta c-cta--layout-breaker no-variation has-background\">\n\n    <div class=\"c-cta__content\">\n\n        <div class=\"c-cta__inner\">\n\n                            <a href=\"https:\/\/www.l-hotel.com\/fr\/chambres\/\" class=\"c-cta__anchor\">\n            \n            \n            \n            \n                <div class=\"c-cta__headings\">\n\n                                    <p class=\"c-cta__preheading\">\n                        Faites-en l'exp\u00e9rience par vous-m\u00eame                    <\/p>\n                \n                                    <h2 class=\"c-cta__heading\">\n                        Les Chambres de L'Hotel                    <\/h2>\n                \n                \n                <\/div>\n\n            \n            \n                            <\/a>\n            \n            \n            \n                            <div class=\"c-cta__buttons\">\n                    <a  class=\"c-button button \/ c-cta__button  no-variation\" href=\"https:\/\/www.l-hotel.com\/fr\/chambres\/\">\n    Voir les chambres<\/a>\n\n\n                <\/div>\n            \n                    <\/div>\n\n    <\/div>\n\n    \n            <div data-src=\"https:\/\/hotelcms-production.imgix.net\/l-hotel.com\/wp-content\/uploads\/2018\/09\/4-1.jpg\" data-crop=\"\" class=\"imgix-fluid  crop \/ c-background c-cta__background\"><\/div><noscript><div style=\"background-image: url(https:\/\/hotelcms-production.imgix.net\/l-hotel.com\/wp-content\/uploads\/2018\/09\/4-1.jpg);\" class=\"crop \/ c-background c-cta__background\" ><\/div><\/noscript>    \n            <a href=\"https:\/\/www.l-hotel.com\/fr\/chambres\/\" class=\"c-cta__detached-anchor\" href=\"https:\/\/www.l-hotel.com\/fr\/chambres\/\"><\/a>\n    \n<\/div>\n\n<\/div><\/div><\/div><\/div><\/div><\/div>","protected":false},"excerpt":{"rendered":"<p>\u00cates-vous Curieux? La d\u00e9coration Piscine et Hammam Membres \u2018Get Curious\u2019 L\u2019Histoire de L\u2019Hotel Paris Notre histoire L&#8217;Hotel a \u00e9t\u00e9 construit en 1828 par C\u00e9lestin-Joseph Happe \u00e0 l&#8217;emplacement exact occup\u00e9 par le Pavillon d&#8217;Amour de La Reine Margot au 17e si\u00e8cle. Le b\u00e2timent devient l\u2019h\u00f4tel d&#8217;Allemagne en 1868, puis l\u2019h\u00f4tel d&#8217;Alsace apr\u00e8s la guerre de 1870. &hellip;<\/p>\n","protected":false},"author":1,"featured_media":2124,"parent":1519,"menu_order":0,"comment_status":"closed","ping_status":"closed","template":"","meta":{"_acf_changed":false,"footnotes":""},"class_list":["post--1522","post--page","post--type-page","post--status-publish","post--has-post-thumbnail","post--hentry"],"acf":[],"_links":{"self":[{"href":"https:\/\/www.l-hotel.com\/fr\/wp-json\/wp\/v2\/pages\/1522","targetHints":{"allow":["GET"]}}],"collection":[{"href":"https:\/\/www.l-hotel.com\/fr\/wp-json\/wp\/v2\/pages"}],"about":[{"href":"https:\/\/www.l-hotel.com\/fr\/wp-json\/wp\/v2\/types\/page"}],"author":[{"embeddable":true,"href":"https:\/\/www.l-hotel.com\/fr\/wp-json\/wp\/v2\/users\/1"}],"replies":[{"embeddable":true,"href":"https:\/\/www.l-hotel.com\/fr\/wp-json\/wp\/v2\/comments?post=1522"}],"version-history":[{"count":3,"href":"https:\/\/www.l-hotel.com\/fr\/wp-json\/wp\/v2\/pages\/1522\/revisions"}],"predecessor-version":[{"id":3566,"href":"https:\/\/www.l-hotel.com\/fr\/wp-json\/wp\/v2\/pages\/1522\/revisions\/3566"}],"up":[{"embeddable":true,"href":"https:\/\/www.l-hotel.com\/fr\/wp-json\/wp\/v2\/pages\/1519"}],"wp:featuredmedia":[{"embeddable":true,"href":"https:\/\/www.l-hotel.com\/fr\/wp-json\/wp\/v2\/media\/2124"}],"wp:attachment":[{"href":"https:\/\/www.l-hotel.com\/fr\/wp-json\/wp\/v2\/media?parent=1522"}],"curies":[{"name":"wp","href":"https:\/\/api.w.org\/{rel}","templated":true}]}}