{"id":1519,"date":"2018-08-08T15:37:00","date_gmt":"2018-08-08T14:37:38","guid":{"rendered":"https:\/\/lhotel.testingcreative.co.uk\/are-you-curious\/"},"modified":"2024-05-09T11:14:28","modified_gmt":"2024-05-09T10:14:28","slug":"etes-vous-curieux","status":"publish","type":"page","link":"https:\/\/www.l-hotel.com\/fr\/etes-vous-curieux\/","title":{"rendered":"\u00cates-vous Curieux?"},"content":{"rendered":"<div id=\"pl-1519\"  class=\"panel-layout\" ><div id=\"pg-1519-0\"  class=\"panel-grid panel-has-style\" ><div class=\"c-row--valign-default c-row--widget-default c-row--margin-none c-row--column-none c-row--style-secondary siteorigin-panels-stretch panel-row-style panel-row-style-for-1519-0\" data-stretch-type=\"full-stretched\" ><div id=\"pgc-1519-0-0\"  class=\"panel-grid-cell\" ><div id=\"panel-1519-0-0-0\" class=\"so-panel widget widget_cn-core-static-menu-widget panel-first-child panel-last-child\" data-index=\"0\" ><div\n\t\t\t\n\t\t\tclass=\"so-widget-cn-core-static-menu-widget so-widget-cn-core-static-menu-widget-base\"\n\t\t\t\n\t\t>\n<nav class=\"c-ancestors \">\n  <h4 class=\"c-ancestors__heading\"><\/h4>\n\n  <ul class=\"menu\">\n\n                <li class=\"c-ancestors__page \/ menu__item \">\n        <a  class=\"c-button  no-variation\" href=\"https:\/\/www.l-hotel.com\/fr\/etes-vous-curieux\/notre-histoire\/\">\n    Notre histoire<\/a>\n\n\n\n              <\/li>\n                <li class=\"c-ancestors__page \/ menu__item \">\n        <a  class=\"c-button  no-variation\" href=\"https:\/\/www.l-hotel.com\/fr\/etes-vous-curieux\/la-decoration\/\">\n    La d\u00e9coration<\/a>\n\n\n\n              <\/li>\n                <li class=\"c-ancestors__page \/ menu__item \">\n        <a  class=\"c-button  no-variation\" href=\"https:\/\/www.l-hotel.com\/fr\/etes-vous-curieux\/piscine-privative-et-hammam\/\">\n    Piscine et Hammam<\/a>\n\n\n\n              <\/li>\n                <li class=\"c-ancestors__page \/ menu__item \">\n        <a  class=\"c-button  no-variation\" href=\"https:\/\/www.l-hotel.com\/fr\/etes-vous-curieux\/membres-get-curious\/\">\n    Membres 'Get Curious'<\/a>\n\n\n\n              <\/li>\n      <\/ul>\n\n<\/nav>\n<\/div><\/div><\/div><\/div><\/div><div id=\"pg-1519-1\"  class=\"panel-grid panel-has-style\" ><div class=\"c-row--valign-default c-row--widget-default c-row--margin-default c-row--column-none siteorigin-panels-stretch panel-row-style panel-row-style-for-1519-1\" data-stretch-type=\"full-stretched\" ><div id=\"pgc-1519-1-0\"  class=\"panel-grid-cell\" ><div id=\"panel-1519-1-0-0\" class=\"so-panel widget widget_cn-core-hero-widget panel-first-child panel-last-child\" data-index=\"1\" ><div\n\t\t\t\n\t\t\tclass=\"so-widget-cn-core-hero-widget so-widget-cn-core-hero-widget-base\"\n\t\t\t\n\t\t><section class=\"c-hero no-variation\">\n    <div class=\"c-hero__inner\">\n        \n        <div class=\"c-hero__content\">\n\n                            <h1 class=\"c-hero__heading\">\n                    A propos de L'H\u00f4tel Paris                <\/h1>\n            \n                            <p class=\"c-hero__subheading\">\n                    \u00cates-vous Curieux?                <\/p>\n                            <div class=\"s-entry \/ c-hero__text\">\n                    <p>\n                        D\u00e9couvrez notre histoire, explorez les int\u00e9rieurs exquis de Jacques Garcia, et d\u00e9couvrez comment acc\u00e9der \u00e0 des offres exclusives \u00e0 travers nos quatre propri\u00e9t\u00e9s uniques qui composent A Curious Group of Hotels.                    <\/p>\n                <\/div>\n                    <\/div>\n\n        \n    <\/div>\n\n\n\n    \n    \n    \n            <ol\n    class=\"c-hero__backgrounds\"\n    data-element-cycle-interval=\"4000\"\n>\n    <li>\n        <div data-src=\"https:\/\/hotelcms-production.imgix.net\/l-hotel.com\/wp-content\/uploads\/2018\/09\/DSC_4497.jpg\" data-crop=\"centre\" class=\"imgix-fluid  crop  c-hero__background\"><\/div><noscript><div style=\"background-image: url(https:\/\/hotelcms-production.imgix.net\/l-hotel.com\/wp-content\/uploads\/2018\/09\/DSC_4497.jpg);\" class=\"crop  c-hero__background\" ><\/div><\/noscript>    <\/li>\n\n            <li>\n            <div data-src=\"https:\/\/hotelcms-production.imgix.net\/l-hotel.com\/wp-content\/uploads\/2018\/09\/2018_Curious_Lhotel_Options-4_SP_0001.jpg\" data-crop=\"\" class=\"imgix-fluid  crop  c-hero__background\"><\/div><noscript><div style=\"background-image: url(https:\/\/hotelcms-production.imgix.net\/l-hotel.com\/wp-content\/uploads\/2018\/09\/2018_Curious_Lhotel_Options-4_SP_0001.jpg);\" class=\"crop  c-hero__background\" ><\/div><\/noscript>        <\/li>\n            <li>\n            <div data-src=\"https:\/\/hotelcms-production.imgix.net\/l-hotel.com\/wp-content\/uploads\/2018\/09\/2018_Curious_Lhotel_Options-731_SP_1164.jpg\" data-crop=\"centre\" class=\"imgix-fluid  crop  c-hero__background\"><\/div><noscript><div style=\"background-image: url(https:\/\/hotelcms-production.imgix.net\/l-hotel.com\/wp-content\/uploads\/2018\/09\/2018_Curious_Lhotel_Options-731_SP_1164.jpg);\" class=\"crop  c-hero__background\" ><\/div><\/noscript>        <\/li>\n            <li>\n            <div data-src=\"https:\/\/hotelcms-production.imgix.net\/l-hotel.com\/wp-content\/uploads\/2018\/09\/2018_Curious_Lhotel_Options-555_SP_0946.jpg\" data-crop=\"\" class=\"imgix-fluid  crop  c-hero__background\"><\/div><noscript><div style=\"background-image: url(https:\/\/hotelcms-production.imgix.net\/l-hotel.com\/wp-content\/uploads\/2018\/09\/2018_Curious_Lhotel_Options-555_SP_0946.jpg);\" class=\"crop  c-hero__background\" ><\/div><\/noscript>        <\/li>\n    <\/ol>    \n            <a href=\"#main-content\" class=\"c-hero__scroller\" data-module=\"scroll-to\">\n            <span class=\"c-hero__scroller__text\">Scroll to explore<\/span>\n            <span class=\"c-hero__scroller__arrow\"><\/span>\n        <\/a>\n    <\/section>\n<\/div><\/div><\/div><\/div><\/div><div id=\"pg-1519-2\"  class=\"panel-grid panel-has-style\" ><div class=\"c-row--valign-default c-row--widget-default c-row--margin-default c-row--column-default panel-row-style panel-row-style-for-1519-2\" data-row-label=\"#our-story\" id=\"our-story\" ><div id=\"pgc-1519-2-0\"  class=\"panel-grid-cell\" ><div id=\"panel-1519-2-0-0\" class=\"so-panel widget widget_cn-core-cta-widget panel-first-child panel-last-child\" data-index=\"2\" ><div\n\t\t\t\n\t\t\tclass=\"so-widget-cn-core-cta-widget so-widget-cn-core-cta-widget-base\"\n\t\t\t\n\t\t><div class=\"c-cta c-cta--layout-breaker-right c-cta--layout-breaker-image-right has-background\">\n\n    <div class=\"c-cta__content\">\n\n        <div class=\"c-cta__inner\">\n\n                            <a href=\"https:\/\/www.l-hotel.com\/fr\/etes-vous-curieux\/notre-histoire\/\" class=\"c-cta__anchor\">\n            \n            \n            \n            \n                <div class=\"c-cta__headings\">\n\n                \n                                    <h2 class=\"c-cta__heading\">\n                        Notre histoire                     <\/h2>\n                \n                \n                <\/div>\n\n            \n            \n                            <\/a>\n            \n                            <div class=\"c-cta__text \/ s-entry\">\n                    <p>Plongez dans l'histoire de l'Hotel et d\u00e9couvrez les nombreux visages c\u00e9l\u00e8bres qui sont pass\u00e9s par nos portes, dont le c\u00e9l\u00e8bre auteur Oscar Wilde.<\/p>\n                <\/div>\n            \n            \n                            <div class=\"c-cta__buttons\">\n                    <a  class=\"c-button button \/ c-cta__button  c-button--hollow\" href=\"https:\/\/www.l-hotel.com\/fr\/etes-vous-curieux\/notre-histoire\/\">\n    Pour en savoir plus<\/a>\n\n\n                <\/div>\n            \n                    <\/div>\n\n    <\/div>\n\n    \n            <div data-src=\"https:\/\/hotelcms-production.imgix.net\/l-hotel.com\/wp-content\/uploads\/2018\/09\/2018_Curious_Lhotel_Options-5090M4A0765.jpg\" data-crop=\"centre\" class=\"imgix-fluid  crop \/ c-background c-cta__background\"><\/div><noscript><div style=\"background-image: url(https:\/\/hotelcms-production.imgix.net\/l-hotel.com\/wp-content\/uploads\/2018\/09\/2018_Curious_Lhotel_Options-5090M4A0765.jpg);\" class=\"crop \/ c-background c-cta__background\" ><\/div><\/noscript>    \n            <a href=\"https:\/\/www.l-hotel.com\/fr\/etes-vous-curieux\/notre-histoire\/\" class=\"c-cta__detached-anchor\" href=\"https:\/\/www.l-hotel.com\/fr\/etes-vous-curieux\/notre-histoire\/\"><\/a>\n    \n<\/div>\n\n<\/div><\/div><\/div><\/div><\/div><div id=\"pg-1519-3\"  class=\"panel-grid panel-has-style\" ><div class=\"c-row--valign-default c-row--widget-default c-row--margin-default c-row--column-default panel-row-style panel-row-style-for-1519-3\" data-row-label=\"#design\" id=\"design\" ><div id=\"pgc-1519-3-0\"  class=\"panel-grid-cell\" ><div id=\"panel-1519-3-0-0\" class=\"so-panel widget widget_cn-core-cta-widget panel-first-child panel-last-child\" data-index=\"3\" ><div\n\t\t\t\n\t\t\tclass=\"so-widget-cn-core-cta-widget so-widget-cn-core-cta-widget-base\"\n\t\t\t\n\t\t><div class=\"c-cta c-cta--layout-breaker-left c-cta--layout-breaker-image-left has-background\">\n\n    <div class=\"c-cta__content\">\n\n        <div class=\"c-cta__inner\">\n\n                            <a href=\"https:\/\/www.l-hotel.com\/fr\/etes-vous-curieux\/la-decoration\/\" class=\"c-cta__anchor\">\n            \n            \n            \n            \n                <div class=\"c-cta__headings\">\n\n                \n                                    <h2 class=\"c-cta__heading\">\n                        D\u00e9coration                    <\/h2>\n                \n                \n                <\/div>\n\n            \n            \n                            <\/a>\n            \n                            <div class=\"c-cta__text \/ s-entry\">\n                    <p>Cr\u00e9\u00e9s par Jacques Garcia, c\u00e9l\u00e8bre architecte d'int\u00e9rieur, les int\u00e9rieurs de L'H\u00f4tel sont opulents, avec des tissus somptueux et des d\u00e9tails qui recouvrent chaque surface de L'H\u00f4tel.<\/p>\n                <\/div>\n            \n            \n                            <div class=\"c-cta__buttons\">\n                    <a  class=\"c-button button \/ c-cta__button  c-button--hollow\" href=\"https:\/\/www.l-hotel.com\/fr\/etes-vous-curieux\/la-decoration\/\">\n    Pour en savoir plus<\/a>\n\n\n                <\/div>\n            \n                    <\/div>\n\n    <\/div>\n\n    \n            <div data-src=\"https:\/\/hotelcms-production.imgix.net\/l-hotel.com\/wp-content\/uploads\/2018\/09\/2018_Curious_Lhotel_Options-3760M4A0649stack.jpg\" data-crop=\"centre\" class=\"imgix-fluid  crop \/ c-background c-cta__background\"><\/div><noscript><div style=\"background-image: url(https:\/\/hotelcms-production.imgix.net\/l-hotel.com\/wp-content\/uploads\/2018\/09\/2018_Curious_Lhotel_Options-3760M4A0649stack.jpg);\" class=\"crop \/ c-background c-cta__background\" ><\/div><\/noscript>    \n            <a href=\"https:\/\/www.l-hotel.com\/fr\/etes-vous-curieux\/la-decoration\/\" class=\"c-cta__detached-anchor\" href=\"https:\/\/www.l-hotel.com\/fr\/etes-vous-curieux\/la-decoration\/\"><\/a>\n    \n<\/div>\n\n<\/div><\/div><\/div><\/div><\/div><div id=\"pg-1519-4\"  class=\"panel-grid panel-has-style\" ><div class=\"c-row--valign-default c-row--widget-default c-row--margin-default c-row--column-default panel-row-style panel-row-style-for-1519-4\" data-row-label=\"#hammam_pool\" id=\"hammam_pool\" ><div id=\"pgc-1519-4-0\"  class=\"panel-grid-cell\" ><div id=\"panel-1519-4-0-0\" class=\"so-panel widget widget_cn-core-cta-widget panel-first-child panel-last-child\" data-index=\"4\" ><div\n\t\t\t\n\t\t\tclass=\"so-widget-cn-core-cta-widget so-widget-cn-core-cta-widget-base\"\n\t\t\t\n\t\t><div class=\"c-cta c-cta--layout-breaker-right c-cta--layout-breaker-image-right has-background\">\n\n    <div class=\"c-cta__content\">\n\n        <div class=\"c-cta__inner\">\n\n                            <a href=\"https:\/\/www.l-hotel.com\/fr\/etes-vous-curieux\/piscine-privative-et-hammam\/\" class=\"c-cta__anchor\">\n            \n            \n            \n            \n                <div class=\"c-cta__headings\">\n\n                \n                                    <h2 class=\"c-cta__heading\">\n                        Piscine Hammam                    <\/h2>\n                \n                \n                <\/div>\n\n            \n            \n                            <\/a>\n            \n                            <div class=\"c-cta__text \/ s-entry\">\n                    <p>Cach\u00e9e au sous-sol, notre piscine &amp; hammam sont des havres de d\u00e9tente sous les rues de Paris.<\/p>\n                <\/div>\n            \n            \n                            <div class=\"c-cta__buttons\">\n                    <a  class=\"c-button button \/ c-cta__button  c-button--hollow\" href=\"https:\/\/www.l-hotel.com\/fr\/etes-vous-curieux\/piscine-privative-et-hammam\/\">\n    Pour en savoir plus<\/a>\n\n\n                <\/div>\n            \n                    <\/div>\n\n    <\/div>\n\n    \n            <div data-src=\"https:\/\/hotelcms-production.imgix.net\/l-hotel.com\/wp-content\/uploads\/2018\/09\/2018_Curious_Lhotel_Options-745_SP_1188.jpg\" data-crop=\"centre\" class=\"imgix-fluid  crop \/ c-background c-cta__background\"><\/div><noscript><div style=\"background-image: url(https:\/\/hotelcms-production.imgix.net\/l-hotel.com\/wp-content\/uploads\/2018\/09\/2018_Curious_Lhotel_Options-745_SP_1188.jpg);\" class=\"crop \/ c-background c-cta__background\" ><\/div><\/noscript>    \n            <a href=\"https:\/\/www.l-hotel.com\/fr\/etes-vous-curieux\/piscine-privative-et-hammam\/\" class=\"c-cta__detached-anchor\" href=\"https:\/\/www.l-hotel.com\/fr\/etes-vous-curieux\/piscine-privative-et-hammam\/\"><\/a>\n    \n<\/div>\n\n<\/div><\/div><\/div><\/div><\/div><div id=\"pg-1519-5\"  class=\"panel-grid panel-has-style\" ><div class=\"c-row--valign-default c-row--widget-default c-row--margin-default c-row--column-default panel-row-style panel-row-style-for-1519-5\" data-row-label=\"#members\" id=\"members\" ><div id=\"pgc-1519-5-0\"  class=\"panel-grid-cell\" ><div id=\"panel-1519-5-0-0\" class=\"so-panel widget widget_cn-core-cta-widget panel-first-child panel-last-child\" data-index=\"5\" ><div\n\t\t\t\n\t\t\tclass=\"so-widget-cn-core-cta-widget so-widget-cn-core-cta-widget-base\"\n\t\t\t\n\t\t><div class=\"c-cta c-cta--layout-breaker-left c-cta--layout-breaker-image-left has-background\">\n\n    <div class=\"c-cta__content\">\n\n        <div class=\"c-cta__inner\">\n\n                            <a href=\"https:\/\/www.l-hotel.com\/fr\/etes-vous-curieux\/membres-get-curious\/\" class=\"c-cta__anchor\">\n            \n            \n            \n            \n                <div class=\"c-cta__headings\">\n\n                \n                                    <h2 class=\"c-cta__heading\">\n                        Soyez Curieux                    <\/h2>\n                \n                \n                <\/div>\n\n            \n            \n                            <\/a>\n            \n                            <div class=\"c-cta__text \/ s-entry\">\n                    <p>Apprenez \u00e0 conna\u00eetre nos h\u00f4tels et les avantages exclusifs et offres qui accompagnent l'adh\u00e9sion \u00e0 Get Curious.<\/p>\n                <\/div>\n            \n            \n                            <div class=\"c-cta__buttons\">\n                    <a  class=\"c-button button \/ c-cta__button  c-button--hollow\" href=\"https:\/\/www.l-hotel.com\/fr\/etes-vous-curieux\/membres-get-curious\/\">\n    Pour en savoir plus<\/a>\n\n\n                <\/div>\n            \n                    <\/div>\n\n    <\/div>\n\n    \n            <div data-src=\"https:\/\/hotelcms-production.imgix.net\/l-hotel.com\/wp-content\/uploads\/2018\/09\/DSC_6522insta.jpg\" data-crop=\"manual\" class=\"imgix-fluid  crop \/ c-background c-cta__background\" data-focus-horizontal=\"58\" data-focus-vertical=\"59\"><\/div><noscript><div style=\"background-image: url(https:\/\/hotelcms-production.imgix.net\/l-hotel.com\/wp-content\/uploads\/2018\/09\/DSC_6522insta.jpg);\" class=\"crop \/ c-background c-cta__background\" ><\/div><\/noscript>    \n            <a href=\"https:\/\/www.l-hotel.com\/fr\/etes-vous-curieux\/membres-get-curious\/\" class=\"c-cta__detached-anchor\" href=\"https:\/\/www.l-hotel.com\/fr\/etes-vous-curieux\/membres-get-curious\/\"><\/a>\n    \n<\/div>\n\n<\/div><\/div><\/div><\/div><\/div><\/div>","protected":false},"excerpt":{"rendered":"<p>Notre histoire La d\u00e9coration Piscine et Hammam Membres &#8216;Get Curious&#8217; A propos de L&#8217;H\u00f4tel Paris \u00cates-vous Curieux? D\u00e9couvrez notre histoire, explorez les int\u00e9rieurs exquis de Jacques Garcia, et d\u00e9couvrez comment acc\u00e9der \u00e0 des offres exclusives \u00e0 travers nos quatre propri\u00e9t\u00e9s uniques qui composent A Curious Group of Hotels. Scroll to explore Notre histoire Plongez dans &hellip;<\/p>\n","protected":false},"author":1,"featured_media":2140,"parent":0,"menu_order":10,"comment_status":"closed","ping_status":"closed","template":"","meta":{"_acf_changed":false,"footnotes":""},"class_list":["post--1519","post--page","post--type-page","post--status-publish","post--has-post-thumbnail","post--hentry"],"acf":[],"_links":{"self":[{"href":"https:\/\/www.l-hotel.com\/fr\/wp-json\/wp\/v2\/pages\/1519","targetHints":{"allow":["GET"]}}],"collection":[{"href":"https:\/\/www.l-hotel.com\/fr\/wp-json\/wp\/v2\/pages"}],"about":[{"href":"https:\/\/www.l-hotel.com\/fr\/wp-json\/wp\/v2\/types\/page"}],"author":[{"embeddable":true,"href":"https:\/\/www.l-hotel.com\/fr\/wp-json\/wp\/v2\/users\/1"}],"replies":[{"embeddable":true,"href":"https:\/\/www.l-hotel.com\/fr\/wp-json\/wp\/v2\/comments?post=1519"}],"version-history":[{"count":4,"href":"https:\/\/www.l-hotel.com\/fr\/wp-json\/wp\/v2\/pages\/1519\/revisions"}],"predecessor-version":[{"id":3544,"href":"https:\/\/www.l-hotel.com\/fr\/wp-json\/wp\/v2\/pages\/1519\/revisions\/3544"}],"wp:featuredmedia":[{"embeddable":true,"href":"https:\/\/www.l-hotel.com\/fr\/wp-json\/wp\/v2\/media\/2140"}],"wp:attachment":[{"href":"https:\/\/www.l-hotel.com\/fr\/wp-json\/wp\/v2\/media?parent=1519"}],"curies":[{"name":"wp","href":"https:\/\/api.w.org\/{rel}","templated":true}]}}