{"id":1515,"date":"2018-07-23T15:02:00","date_gmt":"2018-07-23T14:02:14","guid":{"rendered":"https:\/\/lhotel.testingcreative.co.uk\/front-page-2\/"},"modified":"2026-01-30T07:59:43","modified_gmt":"2026-01-30T07:59:43","slug":"accueil","status":"publish","type":"page","link":"https:\/\/www.l-hotel.com\/fr\/","title":{"rendered":"Accueil"},"content":{"rendered":"<div id=\"pl-1515\"  class=\"panel-layout\" ><div id=\"pg-1515-0\"  class=\"panel-grid panel-has-style\" ><div class=\"c-row--valign-default c-row--widget-default c-row--margin-none c-row--column-none c-row--style-secondary siteorigin-panels-stretch panel-row-style panel-row-style-for-1515-0\" data-stretch-type=\"full-width-stretch\" ><div id=\"pgc-1515-0-0\"  class=\"panel-grid-cell\" ><div id=\"panel-1515-0-0-0\" class=\"so-panel widget widget_cn-core-static-menu-widget panel-first-child panel-last-child\" data-index=\"0\" ><div\n\t\t\t\n\t\t\tclass=\"so-widget-cn-core-static-menu-widget so-widget-cn-core-static-menu-widget-base\"\n\t\t\t\n\t\t>\n<nav class=\"c-ancestors \">\n  <h4 class=\"c-ancestors__heading\"><\/h4>\n\n  <ul class=\"menu\">\n\n                <li class=\"c-ancestors__page \/ menu__item \">\n        <a  class=\"c-button  no-variation\" href=\"https:\/\/www.l-hotel.com\/fr\/chambres\/\">\n    Chambres<\/a>\n\n\n\n              <\/li>\n                <li class=\"c-ancestors__page \/ menu__item \">\n        <a  class=\"c-button  no-variation\" href=\"https:\/\/www.l-hotel.com\/fr\/etes-vous-curieux\/\">\n    \u00cates-vous Curieux?<\/a>\n\n\n\n              <\/li>\n                <li class=\"c-ancestors__page \/ menu__item \">\n        <a  class=\"c-button  no-variation\" href=\"https:\/\/www.l-hotel.com\/fr\/wildes-lounge\/\">\n    Wilde's<\/a>\n\n\n\n              <\/li>\n                <li class=\"c-ancestors__page \/ menu__item \">\n        <a  class=\"c-button  no-variation\" href=\"https:\/\/www.l-hotel.com\/fr\/mariage-et-evenements\/\">\n    Mariages &amp; F\u00eates<\/a>\n\n\n\n              <\/li>\n                <li class=\"c-ancestors__page \/ menu__item \">\n        <a class=\"c-button  no-variation\" href=\"https:\/\/l-hotel-fr.giftpro.co.uk\/\" target=\"_blank\" rel=\"noopener\">\n    Bon Cadeau<\/a>\n\n\n\n              <\/li>\n                <li class=\"c-ancestors__page \/ menu__item \">\n        <a class=\"c-button  no-variation\" href=\"https:\/\/www.l-hotel.com\/fr\/galerie\/\">\n    Galerie<\/a>\n\n\n\n              <\/li>\n                <li class=\"c-ancestors__page \/ menu__item \">\n        <a class=\"c-button  no-variation\" href=\"https:\/\/www.l-hotel.com\/fr\/contact-directions\/\">\n    Contact &amp; Plan d'acc\u00e8s<\/a>\n\n\n\n              <\/li>\n      <\/ul>\n\n<\/nav>\n<\/div><\/div><\/div><\/div><\/div><div id=\"pg-1515-1\"  class=\"panel-grid panel-has-style\" ><div class=\"c-row--valign-default c-row--widget-default c-row--margin-default c-row--column-none siteorigin-panels-stretch panel-row-style panel-row-style-for-1515-1\" data-stretch-type=\"full-width-stretch\" ><div id=\"pgc-1515-1-0\"  class=\"panel-grid-cell\" ><div id=\"panel-1515-1-0-0\" class=\"so-panel widget widget_cn-core-hero-widget panel-first-child panel-last-child\" data-index=\"1\" ><div\n\t\t\t\n\t\t\tclass=\"so-widget-cn-core-hero-widget so-widget-cn-core-hero-widget-base\"\n\t\t\t\n\t\t><section class=\"c-hero no-variation\">\n    <div class=\"c-hero__inner\">\n        \n        <div class=\"c-hero__content\">\n\n                            <h1 class=\"c-hero__heading\">\n                    Bienvenue au c\u00e9l\u00e8bre                <\/h1>\n            \n                            <p class=\"c-hero__subheading\">\n                    L'Hotel, Paris                <\/p>\n                            <div class=\"s-entry \/ c-hero__text\">\n                    <p>\n                        Un opulent h\u00f4tel de charme 5 \u00e9toiles au c\u0153ur de Saint Germain des Pr\u00e9s.                    <\/p>\n                <\/div>\n                    <\/div>\n\n        \n        <div class=\"c-hero__buttons\">\n\n            <a class=\"c-button  c-button--conversion\" target=\"_blank\" href=\"https:\/\/direct-book.com\/properties\/L%20&#039;%20HotelDirect?locale=fr\" rel=\"noopener\">\n    BOOK TODAY<\/a>\n\n\n<a class=\"c-button  c-button--conversion\" target=\"_blank\" href=\"https:\/\/l-hotel-fr.giftpro.co.uk\/\" rel=\"noopener\">\n    BON CADEAU<\/a>\n\n\n\n        <\/div>\n\n        \n    <\/div>\n\n\n\n    \n    \n    \n            <ol\n    class=\"c-hero__backgrounds\"\n    data-element-cycle-interval=\"4000\"\n>\n    <li>\n        <div data-src=\"https:\/\/hotelcms-production.imgix.net\/l-hotel.com\/wp-content\/uploads\/2025\/12\/underthewhitemoonphotography_LHotel_8-copy.jpg\" data-crop=\"\" class=\"imgix-fluid  crop  c-hero__background\"><\/div><noscript><div style=\"background-image: url(https:\/\/hotelcms-production.imgix.net\/l-hotel.com\/wp-content\/uploads\/2025\/12\/underthewhitemoonphotography_LHotel_8-copy.jpg);\" class=\"crop  c-hero__background\" ><\/div><\/noscript>    <\/li>\n\n            <li>\n            <div data-src=\"https:\/\/hotelcms-production.imgix.net\/l-hotel.com\/wp-content\/uploads\/2024\/04\/LHotel_Bedroom_Chic_La-Reine-Hortense_Balcony-1.jpg\" data-crop=\"\" class=\"imgix-fluid  crop  c-hero__background\" data-caption=\"An intimate 5 star boutique hotel in the heart of Saint Germain\"><\/div><noscript><div style=\"background-image: url(https:\/\/hotelcms-production.imgix.net\/l-hotel.com\/wp-content\/uploads\/2024\/04\/LHotel_Bedroom_Chic_La-Reine-Hortense_Balcony-1.jpg);\" class=\"crop  c-hero__background\" ><\/div><\/noscript>        <\/li>\n            <li>\n            <div data-src=\"https:\/\/hotelcms-production.imgix.net\/l-hotel.com\/wp-content\/uploads\/2024\/01\/DSC02685.jpg\" data-crop=\"\" class=\"imgix-fluid  crop  c-hero__background\"><\/div><noscript><div style=\"background-image: url(https:\/\/hotelcms-production.imgix.net\/l-hotel.com\/wp-content\/uploads\/2024\/01\/DSC02685.jpg);\" class=\"crop  c-hero__background\" ><\/div><\/noscript>        <\/li>\n            <li>\n            <div data-src=\"https:\/\/hotelcms-production.imgix.net\/l-hotel.com\/wp-content\/uploads\/2020\/10\/0M4A9845stack_1.jpg\" data-crop=\"\" class=\"imgix-fluid  crop  c-hero__background\"><\/div><noscript><div style=\"background-image: url(https:\/\/hotelcms-production.imgix.net\/l-hotel.com\/wp-content\/uploads\/2020\/10\/0M4A9845stack_1.jpg);\" class=\"crop  c-hero__background\" ><\/div><\/noscript>        <\/li>\n            <li>\n            <div data-src=\"https:\/\/hotelcms-production.imgix.net\/l-hotel.com\/wp-content\/uploads\/2018\/09\/Apartment.jpg\" data-crop=\"\" class=\"imgix-fluid  crop  c-hero__background\"><\/div><noscript><div style=\"background-image: url(https:\/\/hotelcms-production.imgix.net\/l-hotel.com\/wp-content\/uploads\/2018\/09\/Apartment.jpg);\" class=\"crop  c-hero__background\" ><\/div><\/noscript>        <\/li>\n    <\/ol>    \n    <\/section>\n<\/div><\/div><\/div><\/div><\/div><div id=\"pg-1515-2\"  class=\"panel-grid panel-has-style\" ><div class=\"c-row--valign-middle c-row--widget-default c-row--margin-default c-row--column-large panel-row-style panel-row-style-for-1515-2\" ><div id=\"pgc-1515-2-0\"  class=\"panel-grid-cell\" ><div id=\"panel-1515-2-0-0\" class=\"so-panel widget widget_cn-core-heading-widget panel-first-child panel-last-child\" data-index=\"2\" ><div\n\t\t\t\n\t\t\tclass=\"so-widget-cn-core-heading-widget so-widget-cn-core-heading-widget-base\"\n\t\t\t\n\t\t><div class=\"c-heading  c-heading--left\">\n    \n            <h2 class=\"c-heading__heading \">\n            Incarnation du style fran\u00e7ais, L'Hotel a \u00e9t\u00e9 <em>le premier boutique h\u00f4tel au monde<\/em> et la derni\u00e8re demeure d'Oscar Wilde.        <\/h2>\n    \n    <\/div>\n<\/div><\/div><\/div><div id=\"pgc-1515-2-1\"  class=\"panel-grid-cell\" ><div id=\"panel-1515-2-1-0\" class=\"so-panel widget widget_cn-core-text-widget panel-first-child panel-last-child\" data-index=\"3\" ><div\n\t\t\t\n\t\t\tclass=\"so-widget-cn-core-text-widget so-widget-cn-core-text-widget-base\"\n\t\t\t\n\t\t>\n<div class=\"c-text no-variation\" >\n\n    \n    \n    \n    <div class=\"c-text__content s-entry\">\n        <p>Nich\u00e9 au c\u0153ur de la Rive Gauche, au milieu des richesses culturelles, de l'\u00e2me boh\u00e8me et de la haute couture de St Germain-des-Pr\u00e9s, l'h\u00f4tel est id\u00e9alement situ\u00e9 pour d\u00e9couvrir l'art et la culture de Paris. Avec des int\u00e9rieurs dessin\u00e9s par l'inimitable Jacques Garcia, les 20 chambres sont toutes uniques et luxueuses, aux mat\u00e9riaux exquis et des d\u00e9tails soign\u00e9s.<\/p>\n<p>Abritant notre c\u00e9l\u00e8bre carte de cocktails, le Wilde\u2019s est le lieu o\u00f9 l\u2019on go\u00fbte \u00e0 l\u2019esprit de Saint-Germain-des-Pr\u00e9s, aux c\u00f4t\u00e9s des habitu\u00e9s du quartier artistique.<\/p>\n<p>L'H\u00f4tel dispose \u00e9galement dans ses caves, d'une piscine avec hammam, dont l'utilisation exclusive sur r\u00e9servation est comprise dans votre s\u00e9jour.<\/p>\n    <\/div>\n\n<\/div>\n<\/div><\/div><\/div><\/div><\/div><div id=\"pg-1515-3\"  class=\"panel-grid panel-has-style\" ><div class=\"c-row--valign-default c-row--widget-default c-row--margin-none c-row--column-default panel-row-style panel-row-style-for-1515-3\" ><div id=\"pgc-1515-3-0\"  class=\"panel-grid-cell\" ><div id=\"panel-1515-3-0-0\" class=\"so-panel widget widget_cn-core-cta-widget panel-first-child\" data-index=\"4\" ><div\n\t\t\t\n\t\t\tclass=\"so-widget-cn-core-cta-widget so-widget-cn-core-cta-widget-base\"\n\t\t\t\n\t\t><div class=\"c-cta c-cta--layout-tile c-cta--tile-rooms--medium has-background\">\n\n    <div class=\"c-cta__content\">\n\n        <div class=\"c-cta__inner\">\n\n                            <a href=\"https:\/\/www.l-hotel.com\/fr\/chambres\/\" class=\"c-cta__anchor\">\n            \n            \n            \n            \n                <div class=\"c-cta__headings\">\n\n                \n                                    <h2 class=\"c-cta__heading\">\n                        Chambres                    <\/h2>\n                \n                \n                <\/div>\n\n            \n            \n                            <\/a>\n            \n            \n            \n            \n                    <\/div>\n\n    <\/div>\n\n    \n            <div data-src=\"https:\/\/hotelcms-production.imgix.net\/l-hotel.com\/wp-content\/uploads\/2018\/09\/Apartment.jpg\" data-crop=\"centre\" class=\"imgix-fluid  crop \/ c-background c-cta__background\"><\/div><noscript><div style=\"background-image: url(https:\/\/hotelcms-production.imgix.net\/l-hotel.com\/wp-content\/uploads\/2018\/09\/Apartment.jpg);\" class=\"crop \/ c-background c-cta__background\" ><\/div><\/noscript>    \n            <a href=\"https:\/\/www.l-hotel.com\/fr\/chambres\/\" class=\"c-cta__detached-anchor\"><\/a>\n    \n<\/div>\n\n<\/div><\/div><div id=\"panel-1515-3-0-1\" class=\"so-panel widget widget_cn-core-cta-widget\" data-index=\"5\" ><div\n\t\t\t\n\t\t\tclass=\"so-widget-cn-core-cta-widget so-widget-cn-core-cta-widget-base\"\n\t\t\t\n\t\t><div class=\"c-cta c-cta--layout-tile c-cta--tile-rooms--medium has-background\">\n\n    <div class=\"c-cta__content\">\n\n        <div class=\"c-cta__inner\">\n\n                            <a href=\"https:\/\/www.l-hotel.com\/fr\/wildes-lounge\/\" class=\"c-cta__anchor\">\n            \n            \n            \n            \n                <div class=\"c-cta__headings\">\n\n                \n                                    <h2 class=\"c-cta__heading\">\n                        Wilde's Lounge                    <\/h2>\n                \n                \n                <\/div>\n\n            \n            \n                            <\/a>\n            \n            \n            \n            \n                    <\/div>\n\n    <\/div>\n\n    \n            <div data-src=\"https:\/\/hotelcms-production.imgix.net\/l-hotel.com\/wp-content\/uploads\/2018\/09\/DSC_4401-1.jpg\" data-crop=\"\" class=\"imgix-fluid  crop \/ c-background c-cta__background\"><\/div><noscript><div style=\"background-image: url(https:\/\/hotelcms-production.imgix.net\/l-hotel.com\/wp-content\/uploads\/2018\/09\/DSC_4401-1.jpg);\" class=\"crop \/ c-background c-cta__background\" ><\/div><\/noscript>    \n            <a href=\"https:\/\/www.l-hotel.com\/fr\/wildes-lounge\/\" class=\"c-cta__detached-anchor\"><\/a>\n    \n<\/div>\n\n<\/div><\/div><div id=\"panel-1515-3-0-2\" class=\"so-panel widget widget_cn-core-cta-widget panel-last-child\" data-index=\"6\" ><div\n\t\t\t\n\t\t\tclass=\"so-widget-cn-core-cta-widget so-widget-cn-core-cta-widget-base\"\n\t\t\t\n\t\t><div class=\"c-cta c-cta--layout-tile c-cta--tile-rooms--medium has-background\">\n\n    <div class=\"c-cta__content\">\n\n        <div class=\"c-cta__inner\">\n\n                            <a href=\"https:\/\/www.l-hotel.com\/fr\/mariage-et-evenements\/\" class=\"c-cta__anchor\">\n            \n            \n            \n            \n                <div class=\"c-cta__headings\">\n\n                \n                                    <h2 class=\"c-cta__heading\">\n                        Mariages &amp;  \u00c9v\u00e8nements                    <\/h2>\n                \n                \n                <\/div>\n\n            \n            \n                            <\/a>\n            \n            \n            \n            \n                    <\/div>\n\n    <\/div>\n\n    \n            <div data-src=\"https:\/\/hotelcms-production.imgix.net\/l-hotel.com\/wp-content\/uploads\/2018\/09\/ShootingLHotel_24102016_HD_@MarineBlanchardPhotographie-149.jpg\" data-crop=\"centre\" class=\"imgix-fluid  crop \/ c-background c-cta__background\"><\/div><noscript><div style=\"background-image: url(https:\/\/hotelcms-production.imgix.net\/l-hotel.com\/wp-content\/uploads\/2018\/09\/ShootingLHotel_24102016_HD_@MarineBlanchardPhotographie-149.jpg);\" class=\"crop \/ c-background c-cta__background\" ><\/div><\/noscript>    \n            <a href=\"https:\/\/www.l-hotel.com\/fr\/mariage-et-evenements\/\" class=\"c-cta__detached-anchor\"><\/a>\n    \n<\/div>\n\n<\/div><\/div><\/div><div id=\"pgc-1515-3-1\"  class=\"panel-grid-cell\" ><div id=\"panel-1515-3-1-0\" class=\"so-panel widget widget_cn-core-cta-widget panel-first-child\" data-index=\"7\" ><div\n\t\t\t\n\t\t\tclass=\"so-widget-cn-core-cta-widget so-widget-cn-core-cta-widget-base\"\n\t\t\t\n\t\t><div class=\"c-cta c-cta--layout-tile c-cta--tile-rooms--medium has-background\">\n\n    <div class=\"c-cta__content\">\n\n        <div class=\"c-cta__inner\">\n\n                            <a href=\"https:\/\/l-hotel-fr.giftpro.co.uk\/\" class=\"c-cta__anchor\" target=\"_blank\" rel=\"noopener\">\n            \n            \n            \n            \n                <div class=\"c-cta__headings\">\n\n                \n                                    <h2 class=\"c-cta__heading\">\n                        Bon Cadeau                    <\/h2>\n                \n                \n                <\/div>\n\n            \n            \n                            <\/a>\n            \n            \n            \n            \n                    <\/div>\n\n    <\/div>\n\n    \n            <div data-src=\"https:\/\/hotelcms-production.imgix.net\/l-hotel.com\/wp-content\/uploads\/2023\/12\/Facetune_15-09-2022-11-59-47.jpg\" data-crop=\"manual\" class=\"imgix-fluid  crop \/ c-background c-cta__background\" data-focus-horizontal=\"45\" data-focus-vertical=\"60\"><\/div><noscript><div style=\"background-image: url(https:\/\/hotelcms-production.imgix.net\/l-hotel.com\/wp-content\/uploads\/2023\/12\/Facetune_15-09-2022-11-59-47.jpg);\" class=\"crop \/ c-background c-cta__background\" ><\/div><\/noscript>    \n            <a href=\"https:\/\/l-hotel-fr.giftpro.co.uk\/\" class=\"c-cta__detached-anchor\" target=\"_blank\" rel=\"noopener\"><\/a>\n    \n<\/div>\n\n<\/div><\/div><div id=\"panel-1515-3-1-1\" class=\"so-panel widget widget_cn-core-cta-widget\" data-index=\"8\" ><div\n\t\t\t\n\t\t\tclass=\"so-widget-cn-core-cta-widget so-widget-cn-core-cta-widget-base\"\n\t\t\t\n\t\t><div class=\"c-cta c-cta--layout-tile c-cta--tile-rooms--medium has-background\">\n\n    <div class=\"c-cta__content\">\n\n        <div class=\"c-cta__inner\">\n\n                            <a href=\"https:\/\/www.l-hotel.com\/fr\/galerie\/\" class=\"c-cta__anchor\">\n            \n            \n            \n            \n                <div class=\"c-cta__headings\">\n\n                \n                                    <h2 class=\"c-cta__heading\">\n                        Galerie                    <\/h2>\n                \n                \n                <\/div>\n\n            \n            \n                            <\/a>\n            \n            \n            \n            \n                    <\/div>\n\n    <\/div>\n\n    \n            <div data-src=\"https:\/\/hotelcms-production.imgix.net\/l-hotel.com\/wp-content\/uploads\/2018\/09\/LHotel-\u00a9-Amy-Murrell-2010-184.jpg\" data-crop=\"\" class=\"imgix-fluid  crop \/ c-background c-cta__background\"><\/div><noscript><div style=\"background-image: url(https:\/\/hotelcms-production.imgix.net\/l-hotel.com\/wp-content\/uploads\/2018\/09\/LHotel-\u00a9-Amy-Murrell-2010-184.jpg);\" class=\"crop \/ c-background c-cta__background\" ><\/div><\/noscript>    \n            <a href=\"https:\/\/www.l-hotel.com\/fr\/galerie\/\" class=\"c-cta__detached-anchor\"><\/a>\n    \n<\/div>\n\n<\/div><\/div><div id=\"panel-1515-3-1-2\" class=\"so-panel widget widget_cn-core-cta-widget panel-last-child\" data-index=\"9\" ><div\n\t\t\t\n\t\t\tclass=\"so-widget-cn-core-cta-widget so-widget-cn-core-cta-widget-base\"\n\t\t\t\n\t\t><div class=\"c-cta c-cta--layout-tile c-cta--tile-rooms--medium has-background\">\n\n    <div class=\"c-cta__content\">\n\n        <div class=\"c-cta__inner\">\n\n                            <a href=\"https:\/\/www.l-hotel.com\/fr\/contact-directions\/\" class=\"c-cta__anchor\">\n            \n            \n            \n            \n                <div class=\"c-cta__headings\">\n\n                \n                                    <h2 class=\"c-cta__heading\">\n                        Contact &amp; Directions                    <\/h2>\n                \n                \n                <\/div>\n\n            \n            \n                            <\/a>\n            \n            \n            \n            \n                    <\/div>\n\n    <\/div>\n\n    \n            <div data-src=\"https:\/\/hotelcms-production.imgix.net\/l-hotel.com\/wp-content\/uploads\/2018\/09\/LHotel-\u00a9-Amy-Murrell-2010-33.jpg\" data-crop=\"centre\" class=\"imgix-fluid  crop \/ c-background c-cta__background\"><\/div><noscript><div style=\"background-image: url(https:\/\/hotelcms-production.imgix.net\/l-hotel.com\/wp-content\/uploads\/2018\/09\/LHotel-\u00a9-Amy-Murrell-2010-33.jpg);\" class=\"crop \/ c-background c-cta__background\" ><\/div><\/noscript>    \n            <a href=\"https:\/\/www.l-hotel.com\/fr\/contact-directions\/\" class=\"c-cta__detached-anchor\"><\/a>\n    \n<\/div>\n\n<\/div><\/div><\/div><\/div><\/div><div id=\"pg-1515-4\"  class=\"panel-grid panel-has-style\" ><div class=\"c-row--valign-default c-row--widget-default c-row--margin-none c-row--column-default siteorigin-panels-stretch panel-row-style panel-row-style-for-1515-4\" data-stretch-type=\"full-width-stretch\" data-row-label=\"#map\" id=\"map\" ><div id=\"pgc-1515-4-0\"  class=\"panel-grid-cell\" ><div id=\"panel-1515-4-0-0\" class=\"so-panel widget widget_cn-core-map-widget panel-first-child panel-last-child\" data-index=\"10\" ><div\n\t\t\t\n\t\t\tclass=\"so-widget-cn-core-map-widget so-widget-cn-core-map-widget-base\"\n\t\t\t\n\t\t>\n<div class=\"c-map c-map--thin  \">\n\n    <iframe loading=\"lazy\"\n        class=\"c-map__iframe\"\n        width=\"600\"\n        height=\"450\"\n        frameborder=\"0\" style=\"border:0\"\n        src=\"https:\/\/www.google.com\/maps\/embed\/v1\/place?key=AIzaSyAfMifd1m0_iCbERIGYMhBEREygWhvqzsw&q=48.856501146700175%2C+2.3352482557521195&zoom=16\">\n    <\/iframe>\n\n    \n<\/div>\n<\/div><\/div><\/div><\/div><\/div><\/div>","protected":false},"excerpt":{"rendered":"<p>Chambres \u00cates-vous Curieux? Wilde&#8217;s Mariages &amp; F\u00eates Bon Cadeau Galerie Contact &amp; Plan d&#8217;acc\u00e8s Bienvenue au c\u00e9l\u00e8bre L&#8217;Hotel, Paris Un opulent h\u00f4tel de charme 5 \u00e9toiles au c\u0153ur de Saint Germain des Pr\u00e9s. BOOK TODAY BON CADEAU Incarnation du style fran\u00e7ais, L&#8217;Hotel a \u00e9t\u00e9 le premier boutique h\u00f4tel au monde et la derni\u00e8re demeure d&#8217;Oscar &hellip;<\/p>\n","protected":false},"author":1,"featured_media":2110,"parent":0,"menu_order":8,"comment_status":"closed","ping_status":"closed","template":"","meta":{"_acf_changed":false,"footnotes":""},"class_list":["post--1515","post--page","post--type-page","post--status-publish","post--has-post-thumbnail","post--hentry"],"acf":[],"_links":{"self":[{"href":"https:\/\/www.l-hotel.com\/fr\/wp-json\/wp\/v2\/pages\/1515","targetHints":{"allow":["GET"]}}],"collection":[{"href":"https:\/\/www.l-hotel.com\/fr\/wp-json\/wp\/v2\/pages"}],"about":[{"href":"https:\/\/www.l-hotel.com\/fr\/wp-json\/wp\/v2\/types\/page"}],"author":[{"embeddable":true,"href":"https:\/\/www.l-hotel.com\/fr\/wp-json\/wp\/v2\/users\/1"}],"replies":[{"embeddable":true,"href":"https:\/\/www.l-hotel.com\/fr\/wp-json\/wp\/v2\/comments?post=1515"}],"version-history":[{"count":54,"href":"https:\/\/www.l-hotel.com\/fr\/wp-json\/wp\/v2\/pages\/1515\/revisions"}],"predecessor-version":[{"id":5056,"href":"https:\/\/www.l-hotel.com\/fr\/wp-json\/wp\/v2\/pages\/1515\/revisions\/5056"}],"wp:featuredmedia":[{"embeddable":true,"href":"https:\/\/www.l-hotel.com\/fr\/wp-json\/wp\/v2\/media\/2110"}],"wp:attachment":[{"href":"https:\/\/www.l-hotel.com\/fr\/wp-json\/wp\/v2\/media?parent=1515"}],"curies":[{"name":"wp","href":"https:\/\/api.w.org\/{rel}","templated":true}]}}