{"id":3639,"date":"2018-08-08T15:37:00","date_gmt":"2018-08-08T14:37:38","guid":{"rendered":"https:\/\/www.l-hotel.com\/cookies-policy\/"},"modified":"2024-08-05T16:50:08","modified_gmt":"2024-08-05T15:50:08","slug":"cookies-policy","status":"publish","type":"page","link":"https:\/\/www.l-hotel.com\/de\/cookies-policy\/","title":{"rendered":"Cookies Politik"},"content":{"rendered":"<div id=\"pl-3639\"  class=\"panel-layout\" ><div id=\"pg-3639-0\"  class=\"panel-grid panel-has-style\" ><div class=\"c-row--valign-default c-row--widget-default c-row--margin-default c-row--column-default siteorigin-panels-stretch panel-row-style panel-row-style-for-3639-0\" data-stretch-type=\"full-stretched\" ><div id=\"pgc-3639-0-0\"  class=\"panel-grid-cell\" ><div id=\"panel-3639-0-0-0\" class=\"so-panel widget widget_cn-core-hero-widget panel-first-child panel-last-child\" data-index=\"0\" ><div\n\t\t\t\n\t\t\tclass=\"so-widget-cn-core-hero-widget so-widget-cn-core-hero-widget-base\"\n\t\t\t\n\t\t><section class=\"c-hero c-hero--short\">\n    <div class=\"c-hero__inner\">\n        \n        <div class=\"c-hero__content\">\n\n                            <h1 class=\"c-hero__heading\">\n                    Datum des Inkrafttretens: April 2024                <\/h1>\n            \n                            <p class=\"c-hero__subheading\">\n                    Hinweis zu Cookies                <\/p>\n                    <\/div>\n\n        \n    <\/div>\n\n\n\n    \n    \n    <div data-src=\"https:\/\/hotelcms-production.imgix.net\/l-hotel.com\/wp-content\/uploads\/2018\/09\/LHotel-Dec11-\u00a9-Amy-Murrell-2011-12-LR.jpg\" data-crop=\"centre\" class=\"imgix-fluid  crop \/ c-hero__background\"><\/div><noscript><div style=\"background-image: url(https:\/\/hotelcms-production.imgix.net\/l-hotel.com\/wp-content\/uploads\/2018\/09\/LHotel-Dec11-\u00a9-Amy-Murrell-2011-12-LR.jpg);\" class=\"crop \/ c-hero__background\" ><\/div><\/noscript>\n    \n    <\/section>\n<\/div><\/div><\/div><\/div><\/div><div id=\"pg-3639-1\"  class=\"panel-grid panel-no-style\" ><div id=\"pgc-3639-1-0\"  class=\"panel-grid-cell\" ><div id=\"panel-3639-1-0-0\" class=\"so-panel widget widget_cn-core-text-widget panel-first-child panel-last-child\" data-index=\"1\" ><div\n\t\t\t\n\t\t\tclass=\"so-widget-cn-core-text-widget so-widget-cn-core-text-widget-base\"\n\t\t\t\n\t\t>\n<div class=\"c-text no-variation\" >\n\n    \n    \n    \n    <div class=\"c-text__content s-entry\">\n        <p>Dieser Cookie-Hinweis gilt f\u00fcr <a href=\"http:\/\/www.l-hotel.com\/\">www.l-hotel.com,<\/a> das Eigentum von L'H\u00f4tel ist und von diesem betrieben wird, und beschreibt, wie wir personenbezogene Daten verwenden, die durch Cookies und andere Techniken, einschlie\u00dflich Pixel (\"Cookies\"), auf unserer Website <a href=\"http:\/\/www.l-hotel.com\/\">www.l-hotel.com<\/a> (\"Site\") erfasst werden.<\/p>\n<p><strong>Datenerfassung<\/strong><\/p>\n<p>Beim Aufrufen der Website oder beim Betrachten unserer zielgerichteten Werbung sammeln wir automatisch Daten mithilfe von Cookies.<\/p>\n<p>Zu den Arten von Informationen, die wir durch Cookies sammeln, geh\u00f6ren:<\/p>\n<ul>\n<li>IP-Adresse<\/li>\n<li>Ger\u00e4te-ID<\/li>\n<li>Aufgerufene Seiten<\/li>\n<li>Browsing-Informationen<\/li>\n<li>Browser-Typ<\/li>\n<li>Betriebssystem<\/li>\n<li>Internetdienstanbieter<\/li>\n<li>Zeitstempel<\/li>\n<li>Die verweisende URL<\/li>\n<li>Standortdaten je nach dem von Ihnen verwendeten Ger\u00e4t<\/li>\n<\/ul>\n<p><strong>Weitere Informationen \u00fcber Cookies:<\/strong> Cookies sind kleine elektronische Informationen, die eine Website an den Browser eines Besuchers sendet und die auf der Festplatte des Besuchers gespeichert werden. Wir legen Cookies auf Ihrem Computer ab, wenn Sie unsere Website besuchen. Wenn Sie Bedenken haben, dass Cookies auf Ihrem Ger\u00e4t gespeichert werden, k\u00f6nnen Sie Ihren Browser so einstellen, dass er alle Cookies ablehnt oder anzeigt, wenn ein Cookie gesetzt wird, so dass Sie selbst entscheiden k\u00f6nnen, ob Sie es akzeptieren oder nicht. Sie k\u00f6nnen Cookies auch von Ihrem Ger\u00e4t l\u00f6schen. Wenn Sie sich jedoch daf\u00fcr entscheiden, Cookies zu blockieren oder zu l\u00f6schen, funktionieren bestimmte Funktionen der von Ihnen besuchten Websites m\u00f6glicherweise nicht richtig.<\/p>\n<p><strong>Weitere Informationen zu Pixel-Tags:<\/strong> Pixel (auch bekannt als \"Web Beacons\" oder \"Clear Gifs\") sind elektronische Dateien, die in der Regel aus einem Ein-Pixel-Bild bestehen und in eine Webseite oder in eine E-Mail eingebettet werden k\u00f6nnen, um Informationen zu versenden, z. B. einen Newsletter. Wir k\u00f6nnen Pixel verwenden, um ein Cookie auf Ihrem Ger\u00e4t zu platzieren oder zu erkennen, wenn Sie unsere Dienste nutzen.<\/p>\n<p><strong>Cookies von Dritten:<\/strong> Wir erlauben bestimmten Drittanbietern, Cookies zu platzieren. Wenn Sie Fragen dazu haben, welche Cookies verwendet werden und welche Parteien diese Cookies platzieren, kontaktieren Sie uns bitte \u00fcber die unten angegebenen Kontaktdaten.<\/p>\n<p><strong>Verarbeitungszwecke<\/strong><\/p>\n<p>Wir verwenden Ihre Informationen, einschlie\u00dflich personenbezogener Daten, die durch Cookies gesammelt werden, f\u00fcr die folgenden Zwecke:<\/p>\n<ul>\n<li>A. Bereitstellung der Nutzung unserer Website: Wir verwenden die durch Cookies gesammelten Informationen, um Ihnen die Nutzung der Website zu erm\u00f6glichen. Es ist unser legitimes Gesch\u00e4ftsinteresse, Cookies f\u00fcr diesen Zweck zu verwenden.<\/li>\n<li>B. Durchf\u00fchrung von Analysen \u00fcber die Nutzung unserer Dienste: Wir verwenden die durch Cookies gesammelten Informationen, um zu analysieren, wie unsere Website genutzt wird, und um Berichte \u00fcber die Nutzung unserer Website zu erstellen. Wir verwenden Cookies auch, um Ihre Nutzung der Website zu verfolgen und um Ihre Nutzererfahrung und die Qualit\u00e4t der Website zu verbessern. Es ist unser legitimes Gesch\u00e4ftsinteresse, Cookies f\u00fcr diese Zwecke zu verwenden.<\/li>\n<li>C. Bereitstellung von gezielter Werbung: Wir verwenden Informationen, die wir durch Cookies sammeln, um unsere legitimen Interessen zu verfolgen, indem wir gezielte Werbung anbieten. Falls erforderlich, holen wir die vorherige Zustimmung ein, bevor Cookies zu diesem Zweck eingesetzt werden. Eine einmal erteilte Einwilligung k\u00f6nnen Sie jederzeit widerrufen. Dar\u00fcber hinaus k\u00f6nnen Sie der Verarbeitung Ihrer personenbezogenen Daten zu Werbezwecken jederzeit widersprechen.<\/li>\n<li>D. Marktforschung: Wir verwenden Informationen, die wir \u00fcber Cookies sammeln, zur Verfolgung unserer berechtigten Interessen, um Marktforschung (einschlie\u00dflich der Analyse von Marktsegmenten oder -trends, Pr\u00e4ferenzen und Verhaltensweisen, Forschung \u00fcber Produkte oder Dienstleistungen oder die Wirksamkeit von Marketing oder Werbung) oder Produktentwicklung (einschlie\u00dflich der Analyse der Merkmale eines Marktsegments oder einer Kundengruppe oder der Leistung unserer Website, um unsere Website zu verbessern) zu betreiben.<\/li>\n<\/ul>\n<p>Wenn Sie es vorziehen, die in diesem Abschnitt beschriebene Verwendung von Cookies abzulehnen und Ihnen kein direkter Ablehnungsmechanismus zur Verf\u00fcgung steht (z. B. in Ihren Browsereinstellungen), wenden Sie sich an <a href=\"mailto:stay@l-hotel.com\">stay@l-hotel.com<\/a>.<\/p>\n<p><strong>Gemeinsame Nutzung von Daten<\/strong><\/p>\n<ul>\n<li><u>BookingSuite:<\/u> Ihre pers\u00f6nlichen Daten k\u00f6nnen an BookingSuite B.V. mit Sitz in der Herengracht 597, 1017 CE Amsterdam, Niederlande, weitergegeben werden, dem Unternehmen, das die Website suite.booking.com betreibt.<\/li>\n<li><u>Weitergabe an Dritte:<\/u> Wir geben Ihre pers\u00f6nlichen Daten im Rahmen der gesetzlichen Bestimmungen und wie unten beschrieben an Dritte weiter, einschlie\u00dflich an Dienstleister, die in unserem Auftrag handeln. Wir verkaufen oder vermieten Ihre personenbezogenen Daten nicht.<\/li>\n<li><u>Zust\u00e4ndige Beh\u00f6rden:<\/u> Wir geben personenbezogene Daten an Strafverfolgungs- und andere Regierungsbeh\u00f6rden weiter, soweit dies gesetzlich vorgeschrieben oder zur Verhinderung, Aufdeckung oder Verfolgung von Straftaten und Betrug unbedingt erforderlich ist.<\/li>\n<\/ul>\n<p><strong>Aufbewahrung von Daten<\/strong><\/p>\n<p>Es gibt einen Unterschied zwischen Session Cookies und permanenten Cookies. Sitzungs-Cookies existieren nur, bis Sie Ihren Browser schlie\u00dfen. Permanente Cookies haben eine l\u00e4ngere Lebensdauer und werden nicht automatisch gel\u00f6scht, wenn Sie Ihren Browser schlie\u00dfen. Wir bem\u00fchen uns, Cookies mit einer maximalen Lebensdauer von 5 Jahren zu verwenden bzw. zuzulassen, dass Cookies verwendet werden. Nur in Ausnahmef\u00e4llen (z. B. zu Sicherheitszwecken einschlie\u00dflich der Betrugserkennung) und wenn es unbedingt erforderlich ist, wird ein Cookie eine l\u00e4ngere Lebensdauer haben. Wenn Sie Fragen zu bestimmten Aufbewahrungsfristen haben, wenden Sie sich bitte an die unten angegebenen Kontaktdaten.<\/p>\n<p><strong>Fragen oder Reklamationen<\/strong><\/p>\n<p>Wenn Sie Fragen oder Bedenken bez\u00fcglich der Verarbeitung Ihrer personenbezogenen Daten durch uns haben oder wenn Sie eines der Rechte, die Ihnen gem\u00e4\u00df dieser Mitteilung zustehen, aus\u00fcben m\u00f6chten, k\u00f6nnen Sie uns gerne unter <a href=\"mailto:stay@l-hotel.com\">stay@l-hotel.com<\/a> kontaktieren. Sie k\u00f6nnen sich mit Fragen und Beschwerden auch an Ihre \u00f6rtliche Datenschutzbeh\u00f6rde wenden.<\/p>\n<p><strong>\u00c4nderungen des Hinweises<\/strong><\/p>\n<p>So wie sich unser Gesch\u00e4ft st\u00e4ndig \u00e4ndert, wird sich auch dieser Cookie-Hinweis von Zeit zu Zeit \u00e4ndern. Wenn Sie sich \u00fcber die \u00c4nderungen informieren m\u00f6chten, die von Zeit zu Zeit an diesem Cookie-Hinweis vorgenommen werden, laden wir Sie ein, diesen Cookie-Hinweis aufzurufen, um die \u00c4nderungen zu sehen.<\/p>\n    <\/div>\n\n<\/div>\n<\/div><\/div><\/div><\/div><\/div>","protected":false},"excerpt":{"rendered":"<p>Datum des Inkrafttretens: April 2024 Hinweis zu Cookies Dieser Cookie-Hinweis gilt f\u00fcr www.l-hotel.com, das Eigentum von L&#8217;H\u00f4tel ist und von diesem betrieben wird, und beschreibt, wie wir personenbezogene Daten verwenden, die durch Cookies und andere Techniken, einschlie\u00dflich Pixel (&#8220;Cookies&#8221;), auf unserer Website www.l-hotel.com (&#8220;Site&#8221;) erfasst werden. Datenerfassung Beim Aufrufen der Website oder beim Betrachten unserer &hellip;<\/p>\n","protected":false},"author":1,"featured_media":0,"parent":0,"menu_order":23,"comment_status":"closed","ping_status":"closed","template":"","meta":{"_acf_changed":false,"footnotes":""},"class_list":["post--3639","post--page","post--type-page","post--status-publish","post--hentry"],"acf":[],"_links":{"self":[{"href":"https:\/\/www.l-hotel.com\/de\/wp-json\/wp\/v2\/pages\/3639","targetHints":{"allow":["GET"]}}],"collection":[{"href":"https:\/\/www.l-hotel.com\/de\/wp-json\/wp\/v2\/pages"}],"about":[{"href":"https:\/\/www.l-hotel.com\/de\/wp-json\/wp\/v2\/types\/page"}],"author":[{"embeddable":true,"href":"https:\/\/www.l-hotel.com\/de\/wp-json\/wp\/v2\/users\/1"}],"replies":[{"embeddable":true,"href":"https:\/\/www.l-hotel.com\/de\/wp-json\/wp\/v2\/comments?post=3639"}],"version-history":[{"count":3,"href":"https:\/\/www.l-hotel.com\/de\/wp-json\/wp\/v2\/pages\/3639\/revisions"}],"predecessor-version":[{"id":4729,"href":"https:\/\/www.l-hotel.com\/de\/wp-json\/wp\/v2\/pages\/3639\/revisions\/4729"}],"wp:attachment":[{"href":"https:\/\/www.l-hotel.com\/de\/wp-json\/wp\/v2\/media?parent=3639"}],"curies":[{"name":"wp","href":"https:\/\/api.w.org\/{rel}","templated":true}]}}