{"id":3638,"date":"2018-08-08T15:37:00","date_gmt":"2018-08-08T14:37:38","guid":{"rendered":"https:\/\/www.l-hotel.com\/privacy-policy\/"},"modified":"2025-09-01T15:37:19","modified_gmt":"2025-09-01T14:37:19","slug":"datenschutzbestimmungen","status":"publish","type":"page","link":"https:\/\/www.l-hotel.com\/de\/datenschutzbestimmungen\/","title":{"rendered":"Datenschutzbestimmungen"},"content":{"rendered":"<div id=\"pl-3638\"  class=\"panel-layout\" ><div id=\"pg-3638-0\"  class=\"panel-grid panel-has-style\" ><div class=\"c-row--valign-default c-row--widget-default c-row--margin-default c-row--column-default siteorigin-panels-stretch panel-row-style panel-row-style-for-3638-0\" data-stretch-type=\"full-width-stretch\" ><div id=\"pgc-3638-0-0\"  class=\"panel-grid-cell\" ><div id=\"panel-3638-0-0-0\" class=\"so-panel widget widget_cn-core-hero-widget panel-first-child panel-last-child\" data-index=\"0\" ><div\n\t\t\t\n\t\t\tclass=\"so-widget-cn-core-hero-widget so-widget-cn-core-hero-widget-base\"\n\t\t\t\n\t\t><section class=\"c-hero c-hero--short\">\n    <div class=\"c-hero__inner\">\n        \n        <div class=\"c-hero__content\">\n\n            \n                            <p class=\"c-hero__subheading\">\n                    Datenschutzbestimmungen                <\/p>\n                    <\/div>\n\n        \n    <\/div>\n\n\n\n    \n    \n    <div data-src=\"https:\/\/hotelcms-production.imgix.net\/l-hotel.com\/wp-content\/uploads\/2018\/09\/LHotel-\u00a9-Amy-Murrell-2010-170-Done-1.jpg\" data-crop=\"manual\" class=\"imgix-fluid  crop \/ c-hero__background\" data-focus-horizontal=\"50\" data-focus-vertical=\"75\"><\/div><noscript><div style=\"background-image: url(https:\/\/hotelcms-production.imgix.net\/l-hotel.com\/wp-content\/uploads\/2018\/09\/LHotel-\u00a9-Amy-Murrell-2010-170-Done-1.jpg);\" class=\"crop \/ c-hero__background\" ><\/div><\/noscript>\n    \n    <\/section>\n<\/div><\/div><\/div><\/div><\/div><div id=\"pg-3638-1\"  class=\"panel-grid panel-no-style\" ><div id=\"pgc-3638-1-0\"  class=\"panel-grid-cell\" ><div id=\"panel-3638-1-0-0\" class=\"so-panel widget widget_cn-core-text-widget panel-first-child panel-last-child\" data-index=\"1\" ><div\n\t\t\t\n\t\t\tclass=\"so-widget-cn-core-text-widget so-widget-cn-core-text-widget-base\"\n\t\t\t\n\t\t>\n<div class=\"c-text no-variation\" >\n\n    \n    \n    \n    <div class=\"c-text__content s-entry\">\n        <h1 data-start=\"184\" data-end=\"209\">Datenschutzrichtlinie<\/h1>\n<p data-start=\"211\" data-end=\"531\"><em data-start=\"211\" data-end=\"238\">A Curious Group of Hotels<\/em> (einschlie\u00dflich L\u2019Hotel, Canal House, Portobello Hotel, Drakes Hotel und Green &amp; Spring) verpflichtet sich, Ihre Privatsph\u00e4re zu sch\u00fctzen und zu respektieren \u2013 in \u00dcbereinstimmung mit dem britischen Datenschutzgesetz 2018 (UK Data Protection Act) und der Datenschutz-Grundverordnung (DSGVO).<\/p>\n<p data-start=\"533\" data-end=\"744\">Wir erheben, verwenden und speichern Ihre personenbezogenen Daten verantwortungsvoll. Diese Richtlinie erkl\u00e4rt, welche Daten wir erheben, wie wir sie nutzen und welche Rechte Sie in Bezug auf Ihre Daten haben.<\/p>\n<hr data-start=\"746\" data-end=\"749\" \/>\n<h2 data-start=\"751\" data-end=\"784\">1. Wie die DSGVO Sie sch\u00fctzt<\/h2>\n<p data-start=\"786\" data-end=\"841\">Nach der DSGVO haben Sie erweiterte Rechte, darunter:<\/p>\n<ul data-start=\"842\" data-end=\"1198\">\n<li data-start=\"842\" data-end=\"892\">\n<p data-start=\"844\" data-end=\"892\">Besseren Schutz Ihrer personenbezogenen Daten.<\/p>\n<\/li>\n<li data-start=\"893\" data-end=\"991\">\n<p data-start=\"895\" data-end=\"991\">Mehr Kontrolle und leichteren Zugang zu den Informationen, die wir \u00fcber Sie gespeichert haben.<\/p>\n<\/li>\n<li data-start=\"992\" data-end=\"1080\">\n<p data-start=\"994\" data-end=\"1080\">Die M\u00f6glichkeit, Ihre Daten zu aktualisieren, zu korrigieren oder l\u00f6schen zu lassen.<\/p>\n<\/li>\n<li data-start=\"1081\" data-end=\"1198\">\n<p data-start=\"1083\" data-end=\"1198\">Das Recht zu bestimmen, wie wir Sie kontaktieren (E-Mail, Telefon usw.) und Ihre Pr\u00e4ferenzen jederzeit zu \u00e4ndern.<\/p>\n<\/li>\n<\/ul>\n<p data-start=\"1200\" data-end=\"1329\">Wir d\u00fcrfen Ihre personenbezogenen Daten nur verwenden, wenn wir \u00fcber eine oder mehrere der folgenden Rechtsgrundlagen verf\u00fcgen:<\/p>\n<ul data-start=\"1330\" data-end=\"1525\">\n<li data-start=\"1330\" data-end=\"1352\">\n<p data-start=\"1332\" data-end=\"1352\">Ihre Einwilligung.<\/p>\n<\/li>\n<li data-start=\"1353\" data-end=\"1396\">\n<p data-start=\"1355\" data-end=\"1396\">Zur Erf\u00fcllung eines Vertrags mit Ihnen.<\/p>\n<\/li>\n<li data-start=\"1397\" data-end=\"1431\">\n<p data-start=\"1399\" data-end=\"1431\">Eine rechtliche Verpflichtung.<\/p>\n<\/li>\n<li data-start=\"1432\" data-end=\"1525\">\n<p data-start=\"1434\" data-end=\"1525\">Unser berechtigtes Interesse (ein gesch\u00e4ftlicher Grund, der Ihre Rechte nicht \u00fcberwiegt).<\/p>\n<\/li>\n<\/ul>\n<hr data-start=\"1527\" data-end=\"1530\" \/>\n<h2 data-start=\"1532\" data-end=\"1572\">2. Welche Informationen wir erheben<\/h2>\n<p data-start=\"1574\" data-end=\"1783\">Wir erheben Informationen, um unsere Dienstleistungen effektiv bereitzustellen, z. B. um Anmeldekarten f\u00fcr die Ankunft vorzubereiten oder personalisierte G\u00e4stebetreuung zu gew\u00e4hrleisten. Dazu k\u00f6nnen geh\u00f6ren:<\/p>\n<p data-start=\"1785\" data-end=\"1830\"><strong data-start=\"1785\" data-end=\"1828\">Von Ihnen bereitgestellte Informationen<\/strong><\/p>\n<ul data-start=\"1831\" data-end=\"2338\">\n<li data-start=\"1831\" data-end=\"1909\">\n<p data-start=\"1833\" data-end=\"1909\">Registrierungsdaten (Name, Postanschrift, E-Mail-Adresse, Telefonnummern).<\/p>\n<\/li>\n<li data-start=\"1910\" data-end=\"1942\">\n<p data-start=\"1912\" data-end=\"1942\">Geburtsdatum und Geschlecht.<\/p>\n<\/li>\n<li data-start=\"1943\" data-end=\"2054\">\n<p data-start=\"1945\" data-end=\"2054\">Unternehmensinformationen (Firmenname, Adresse, USt-IdNr. und Handelsregisternummer f\u00fcr Gesch\u00e4ftsreisende).<\/p>\n<\/li>\n<li data-start=\"2055\" data-end=\"2131\">\n<p data-start=\"2057\" data-end=\"2131\">Kundenservice-Informationen (Kommentare, Feedback oder Buchungsnotizen).<\/p>\n<\/li>\n<li data-start=\"2132\" data-end=\"2238\">\n<p data-start=\"2134\" data-end=\"2238\">Angaben, die \u00fcber unsere Websites, soziale Medien, Telefon oder E-Mail-Anfragen bereitgestellt werden.<\/p>\n<\/li>\n<li data-start=\"2239\" data-end=\"2338\">\n<p data-start=\"2241\" data-end=\"2338\">Informationen, die \u00fcber Drittanbieter-Buchungsplattformen oder Reiseb\u00fcros weitergegeben werden.<\/p>\n<\/li>\n<\/ul>\n<p data-start=\"2340\" data-end=\"2390\"><strong data-start=\"2340\" data-end=\"2388\">Zus\u00e4tzliche Informationen (falls zutreffend)<\/strong><\/p>\n<ul data-start=\"2391\" data-end=\"2607\">\n<li data-start=\"2391\" data-end=\"2419\">\n<p data-start=\"2393\" data-end=\"2419\">Ern\u00e4hrungsanforderungen.<\/p>\n<\/li>\n<li data-start=\"2420\" data-end=\"2457\">\n<p data-start=\"2422\" data-end=\"2457\">Kfz-Kennzeichen (f\u00fcr Parkpl\u00e4tze).<\/p>\n<\/li>\n<li data-start=\"2458\" data-end=\"2497\">\n<p data-start=\"2460\" data-end=\"2497\">Zahlungsdaten (Kredit-\/Debitkarte).<\/p>\n<\/li>\n<li data-start=\"2498\" data-end=\"2607\">\n<p data-start=\"2500\" data-end=\"2607\">Medizinische Informationen, die freiwillig f\u00fcr Spa-Behandlungen oder G\u00e4steservices bereitgestellt werden.<\/p>\n<\/li>\n<\/ul>\n<hr data-start=\"2609\" data-end=\"2612\" \/>\n<h2 data-start=\"2614\" data-end=\"2655\">3. Wie wir Ihre Informationen nutzen<\/h2>\n<p data-start=\"2657\" data-end=\"2757\">Wir verwenden personenbezogene Daten nur zu dem Zweck, f\u00fcr den sie erhoben wurden, einschlie\u00dflich:<\/p>\n<ul data-start=\"2758\" data-end=\"3164\">\n<li data-start=\"2758\" data-end=\"2813\">\n<p data-start=\"2760\" data-end=\"2813\">Verwaltung von Hotelbuchungen und Dienstleistungen.<\/p>\n<\/li>\n<li data-start=\"2814\" data-end=\"2846\">\n<p data-start=\"2816\" data-end=\"2846\">\u00dcberpr\u00fcfung Ihrer Identit\u00e4t.<\/p>\n<\/li>\n<li data-start=\"2847\" data-end=\"2923\">\n<p data-start=\"2849\" data-end=\"2923\">Kommunikation mit Ihnen in Bezug auf Ihren Aufenthalt oder Ihre Anfrage.<\/p>\n<\/li>\n<li data-start=\"2924\" data-end=\"3009\">\n<p data-start=\"2926\" data-end=\"3009\">Bereitstellung personalisierter Erfahrungen und Speicherung von G\u00e4stepr\u00e4ferenzen.<\/p>\n<\/li>\n<li data-start=\"3010\" data-end=\"3103\">\n<p data-start=\"3012\" data-end=\"3103\">Verbesserung unserer Websites, Dienstleistungen und des Kundenerlebnisses durch Analysen.<\/p>\n<\/li>\n<li data-start=\"3104\" data-end=\"3164\">\n<p data-start=\"3106\" data-end=\"3164\">Erf\u00fcllung gesetzlicher und beh\u00f6rdlicher Verpflichtungen.<\/p>\n<\/li>\n<\/ul>\n<hr data-start=\"3166\" data-end=\"3169\" \/>\n<h2 data-start=\"3171\" data-end=\"3188\">4. Marketing<\/h2>\n<p data-start=\"3190\" data-end=\"3359\">Wir k\u00f6nnen Sie mit Neuigkeiten, Angeboten und Informationen \u00fcber <em data-start=\"3255\" data-end=\"3282\">A Curious Group of Hotels<\/em> und <em data-start=\"3287\" data-end=\"3303\">Green &amp; Spring<\/em> kontaktieren, die f\u00fcr Sie von Interesse sein k\u00f6nnten.<\/p>\n<p data-start=\"3361\" data-end=\"3481\">Sie erhalten Marketing-Mitteilungen nur, wenn Sie zugestimmt haben. Sie k\u00f6nnen Ihre Einwilligung jederzeit widerrufen:<\/p>\n<ul data-start=\"3482\" data-end=\"3600\">\n<li data-start=\"3482\" data-end=\"3536\">\n<p data-start=\"3484\" data-end=\"3536\">Durch Klicken auf den Abmeldelink in jeder E-Mail.<\/p>\n<\/li>\n<li data-start=\"3537\" data-end=\"3600\">\n<p data-start=\"3539\" data-end=\"3600\">Durch direkte Kontaktaufnahme mit uns (siehe Abschnitt 10).<\/p>\n<\/li>\n<\/ul>\n<p data-start=\"3602\" data-end=\"3722\">Wir k\u00f6nnen auch Remarketing-Tools (z. B. Google Ads) verwenden, um Anzeigen f\u00fcr Besucher unserer Websites zu schalten.<\/p>\n<hr data-start=\"3724\" data-end=\"3727\" \/>\n<h2 data-start=\"3729\" data-end=\"3744\">5. Cookies<\/h2>\n<p data-start=\"3746\" data-end=\"3966\">Cookies sind kleine Textdateien, die auf Ihrem Ger\u00e4t gespeichert werden, wenn Sie unsere Websites besuchen. Sie helfen uns, Ihren Browser zu erkennen, Ihre Pr\u00e4ferenzen zu speichern und die Funktionalit\u00e4t zu verbessern.<\/p>\n<ul data-start=\"3968\" data-end=\"4197\">\n<li data-start=\"3968\" data-end=\"4052\">\n<p data-start=\"3970\" data-end=\"4052\"><strong data-start=\"3970\" data-end=\"4005\">Unbedingt erforderliche Cookies<\/strong> \u2013 notwendig, damit die Website funktioniert.<\/p>\n<\/li>\n<li data-start=\"4053\" data-end=\"4197\">\n<p data-start=\"4055\" data-end=\"4197\"><strong data-start=\"4055\" data-end=\"4074\">Analyse-Cookies<\/strong> \u2013 z. B. Google Analytics, das anonyme Nutzungsinformationen bereitstellt, die uns helfen, unsere Websites zu verbessern.<\/p>\n<\/li>\n<\/ul>\n<p data-start=\"4199\" data-end=\"4334\">Sie k\u00f6nnen Cookies in den Einstellungen Ihres Browsers deaktivieren. Dies kann jedoch die Funktionalit\u00e4t der Website beeintr\u00e4chtigen.<\/p>\n<hr data-start=\"4336\" data-end=\"4339\" \/>\n<h2 data-start=\"4341\" data-end=\"4386\">6. Weitergabe und \u00dcbermittlung von Daten<\/h2>\n<p data-start=\"4388\" data-end=\"4487\">Wir verkaufen Ihre personenbezogenen Daten nicht. Wir k\u00f6nnen Informationen jedoch weitergeben an:<\/p>\n<ul data-start=\"4488\" data-end=\"4643\">\n<li data-start=\"4488\" data-end=\"4579\">\n<p data-start=\"4490\" data-end=\"4579\">Vertrauensw\u00fcrdige Dienstleister (z. B. Buchungssysteme, IT-Support, Zahlungsabwickler).<\/p>\n<\/li>\n<li data-start=\"4580\" data-end=\"4643\">\n<p data-start=\"4582\" data-end=\"4643\">Aufsichtsbeh\u00f6rden, wenn dies gesetzlich vorgeschrieben ist.<\/p>\n<\/li>\n<\/ul>\n<p data-start=\"4645\" data-end=\"4851\">Wenn Daten au\u00dferhalb des Vereinigten K\u00f6nigreichs\/Europ\u00e4ischen Wirtschaftsraums (EWR) \u00fcbermittelt werden, stellen wir sicher, dass geeignete Schutzma\u00dfnahmen (z. B. Standardvertragsklauseln) vorhanden sind.<\/p>\n<hr data-start=\"4853\" data-end=\"4856\" \/>\n<h2 data-start=\"4858\" data-end=\"4888\">7. Aufbewahrung von Daten<\/h2>\n<p data-start=\"4890\" data-end=\"4977\">Wir bewahren Ihre personenbezogenen Daten nur so lange auf, wie es notwendig ist, um:<\/p>\n<ul data-start=\"4978\" data-end=\"5182\">\n<li data-start=\"4978\" data-end=\"5040\">\n<p data-start=\"4980\" data-end=\"5040\">Die in dieser Richtlinie beschriebenen Zwecke zu erf\u00fcllen.<\/p>\n<\/li>\n<li data-start=\"5041\" data-end=\"5119\">\n<p data-start=\"5043\" data-end=\"5119\">Gesetzliche, steuerliche oder buchhalterische Verpflichtungen einzuhalten.<\/p>\n<\/li>\n<li data-start=\"5120\" data-end=\"5182\">\n<p data-start=\"5122\" data-end=\"5182\">Streitigkeiten zu kl\u00e4ren und Vereinbarungen durchzusetzen.<\/p>\n<\/li>\n<\/ul>\n<hr data-start=\"5184\" data-end=\"5187\" \/>\n<h2 data-start=\"5189\" data-end=\"5208\">8. Ihre Rechte<\/h2>\n<p data-start=\"5210\" data-end=\"5232\">Sie haben das Recht:<\/p>\n<ul data-start=\"5233\" data-end=\"5745\">\n<li data-start=\"5233\" data-end=\"5313\">\n<p data-start=\"5235\" data-end=\"5313\">Zugriff auf die personenbezogenen Daten, die wir \u00fcber Sie gespeichert haben.<\/p>\n<\/li>\n<li data-start=\"5314\" data-end=\"5362\">\n<p data-start=\"5316\" data-end=\"5362\">Berichtigung unrichtiger Daten zu verlangen.<\/p>\n<\/li>\n<li data-start=\"5363\" data-end=\"5431\">\n<p data-start=\"5365\" data-end=\"5431\">L\u00f6schung Ihrer Daten zu verlangen (\u201eRecht auf Vergessenwerden\u201c).<\/p>\n<\/li>\n<li data-start=\"5432\" data-end=\"5480\">\n<p data-start=\"5434\" data-end=\"5480\">Die Verarbeitung Ihrer Daten einzuschr\u00e4nken.<\/p>\n<\/li>\n<li data-start=\"5481\" data-end=\"5526\">\n<p data-start=\"5483\" data-end=\"5526\">\u00dcbertragbarkeit Ihrer Daten zu verlangen.<\/p>\n<\/li>\n<li data-start=\"5527\" data-end=\"5625\">\n<p data-start=\"5529\" data-end=\"5625\">Der Verarbeitung zu widersprechen, wenn unsere Rechtsgrundlage ein berechtigtes Interesse ist.<\/p>\n<\/li>\n<li data-start=\"5626\" data-end=\"5745\">\n<p data-start=\"5628\" data-end=\"5745\">Ihre Einwilligung jederzeit zu widerrufen (ohne die Rechtm\u00e4\u00dfigkeit der vorherigen Verarbeitung zu beeintr\u00e4chtigen).<\/p>\n<\/li>\n<\/ul>\n<p data-start=\"5747\" data-end=\"5862\">Um diese Rechte auszu\u00fcben, kontaktieren Sie uns bitte (siehe Abschnitt 10). Wir antworten innerhalb eines Monats.<\/p>\n<hr data-start=\"5864\" data-end=\"5867\" \/>\n<h2 data-start=\"5869\" data-end=\"5902\">9. Links zu anderen Websites<\/h2>\n<p data-start=\"5904\" data-end=\"6101\">Unsere Websites k\u00f6nnen Links zu externen Websites enthalten. Wir sind nicht verantwortlich f\u00fcr die Datenschutzpraktiken dieser Websites und empfehlen Ihnen, deren Datenschutzrichtlinien zu lesen.<\/p>\n<hr data-start=\"6103\" data-end=\"6106\" \/>\n<h2 data-start=\"6108\" data-end=\"6124\">10. Kontakt<\/h2>\n<p data-start=\"6126\" data-end=\"6211\">Wenn Sie Fragen haben oder Ihre Rechte aus\u00fcben m\u00f6chten, kontaktieren Sie uns bitte:<\/p>\n<p data-start=\"6213\" data-end=\"6293\"><strong data-start=\"6213\" data-end=\"6236\">Datenschutzanfragen<\/strong><br data-start=\"6236\" data-end=\"6239\" \/>A Curious Group of Hotels<br data-start=\"6264\" data-end=\"6267\" \/><a class=\"decorated-link cursor-pointer\" rel=\"noopener\" data-start=\"6270\" data-end=\"6291\">joe@curioushotels.com<\/a><\/p>\n<hr data-start=\"6295\" data-end=\"6298\" \/>\n<h2 data-start=\"6300\" data-end=\"6343\">11. Aktualisierungen dieser Richtlinie<\/h2>\n<p data-start=\"6345\" data-end=\"6516\">Wir \u00fcberpr\u00fcfen diese Richtlinie regelm\u00e4\u00dfig und ver\u00f6ffentlichen Aktualisierungen auf unseren Websites. Bitte sehen Sie regelm\u00e4\u00dfig nach, um die neueste Version einzusehen.<\/p>\n<p data-start=\"6518\" data-end=\"6558\"><em data-start=\"6518\" data-end=\"6556\">Zuletzt aktualisiert: September 2025<\/em><\/p>\n    <\/div>\n\n<\/div>\n<\/div><\/div><\/div><\/div><\/div>","protected":false},"excerpt":{"rendered":"<p>Datenschutzbestimmungen Datenschutzrichtlinie A Curious Group of Hotels (einschlie\u00dflich L\u2019Hotel, Canal House, Portobello Hotel, Drakes Hotel und Green &amp; Spring) verpflichtet sich, Ihre Privatsph\u00e4re zu sch\u00fctzen und zu respektieren \u2013 in \u00dcbereinstimmung mit dem britischen Datenschutzgesetz 2018 (UK Data Protection Act) und der Datenschutz-Grundverordnung (DSGVO). Wir erheben, verwenden und speichern Ihre personenbezogenen Daten verantwortungsvoll. Diese Richtlinie &hellip;<\/p>\n","protected":false},"author":1,"featured_media":0,"parent":0,"menu_order":22,"comment_status":"closed","ping_status":"closed","template":"","meta":{"_acf_changed":false,"footnotes":""},"class_list":["post--3638","post--page","post--type-page","post--status-publish","post--hentry"],"acf":[],"_links":{"self":[{"href":"https:\/\/www.l-hotel.com\/de\/wp-json\/wp\/v2\/pages\/3638","targetHints":{"allow":["GET"]}}],"collection":[{"href":"https:\/\/www.l-hotel.com\/de\/wp-json\/wp\/v2\/pages"}],"about":[{"href":"https:\/\/www.l-hotel.com\/de\/wp-json\/wp\/v2\/types\/page"}],"author":[{"embeddable":true,"href":"https:\/\/www.l-hotel.com\/de\/wp-json\/wp\/v2\/users\/1"}],"replies":[{"embeddable":true,"href":"https:\/\/www.l-hotel.com\/de\/wp-json\/wp\/v2\/comments?post=3638"}],"version-history":[{"count":5,"href":"https:\/\/www.l-hotel.com\/de\/wp-json\/wp\/v2\/pages\/3638\/revisions"}],"predecessor-version":[{"id":5027,"href":"https:\/\/www.l-hotel.com\/de\/wp-json\/wp\/v2\/pages\/3638\/revisions\/5027"}],"wp:attachment":[{"href":"https:\/\/www.l-hotel.com\/de\/wp-json\/wp\/v2\/media?parent=3638"}],"curies":[{"name":"wp","href":"https:\/\/api.w.org\/{rel}","templated":true}]}}