{"id":3620,"date":"2018-08-08T15:44:13","date_gmt":"2018-08-08T14:44:13","guid":{"rendered":"https:\/\/www.l-hotel.com\/weddings-parties\/weddings-at-lhotel\/"},"modified":"2024-11-26T11:59:06","modified_gmt":"2024-11-26T11:59:06","slug":"hochzeiten","status":"publish","type":"page","link":"https:\/\/www.l-hotel.com\/de\/hochzeiten-partys\/hochzeiten\/","title":{"rendered":"Weddings at L&#8217;Hotel (DE)"},"content":{"rendered":"<div id=\"pl-3620\"  class=\"panel-layout\" ><div id=\"pg-3620-0\"  class=\"panel-grid panel-has-style\" ><div class=\"c-row--valign-default c-row--widget-default c-row--margin-none c-row--column-none c-row--style-secondary siteorigin-panels-stretch panel-row-style panel-row-style-for-3620-0\" data-stretch-type=\"full-width-stretch\" ><div id=\"pgc-3620-0-0\"  class=\"panel-grid-cell\" ><div id=\"panel-3620-0-0-0\" class=\"so-panel widget widget_cn-core-static-menu-widget panel-first-child panel-last-child\" data-index=\"0\" ><div\n\t\t\t\n\t\t\tclass=\"so-widget-cn-core-static-menu-widget so-widget-cn-core-static-menu-widget-base\"\n\t\t\t\n\t\t>\n<nav class=\"c-ancestors \">\n  <h4 class=\"c-ancestors__heading\"><\/h4>\n\n  <ul class=\"menu\">\n\n                <li class=\"c-ancestors__page \/ menu__item \">\n        <a  class=\"c-button  no-variation\" href=\"#info\">\n    Hochzeiten <\/a>\n\n\n\n              <\/li>\n                <li class=\"c-ancestors__page \/ menu__item \">\n        <a  class=\"c-button  no-variation\" href=\"https:\/\/www.l-hotel.com\/de\/hochzeiten-partys\/private-feiern-im-lhotel\/\">\n    Private Parteien<\/a>\n\n\n\n              <\/li>\n                <li class=\"c-ancestors__page \/ menu__item \">\n        <a  class=\"c-button  no-variation\" href=\"https:\/\/www.l-hotel.com\/de\/hochzeiten-partys\/eine-anfrage-stellen\/\">\n    Anfrage<\/a>\n\n\n\n              <\/li>\n      <\/ul>\n\n<\/nav>\n<\/div><\/div><\/div><\/div><\/div><div id=\"pg-3620-1\"  class=\"panel-grid panel-has-style\" ><div class=\"c-row--valign-default c-row--widget-none c-row--margin-small c-row--column-none siteorigin-panels-stretch panel-row-style panel-row-style-for-3620-1\" data-stretch-type=\"full-width-stretch\" ><div id=\"pgc-3620-1-0\"  class=\"panel-grid-cell\" ><div id=\"panel-3620-1-0-0\" class=\"so-panel widget widget_cn-core-hero-widget panel-first-child panel-last-child\" data-index=\"1\" ><div\n\t\t\t\n\t\t\tclass=\"so-widget-cn-core-hero-widget so-widget-cn-core-hero-widget-base\"\n\t\t\t\n\t\t><section class=\"c-hero c-hero--short\">\n    <div class=\"c-hero__inner\">\n        \n        <div class=\"c-hero__content\">\n\n                            <h1 class=\"c-hero__heading\">\n                    Luxuri\u00f6se Hochzeitslocation im Herzen von Paris                <\/h1>\n            \n                            <p class=\"c-hero__subheading\">\n                    Hochzeiten im L'Hotel                <\/p>\n                    <\/div>\n\n        \n    <\/div>\n\n\n\n    \n    \n    <div data-src=\"https:\/\/hotelcms-production.imgix.net\/l-hotel.com\/wp-content\/uploads\/2018\/09\/ShootingLHotel_24102016_HD_@MarineBlanchardPhotographie-149.jpg\" data-crop=\"centre\" class=\"imgix-fluid  crop \/ c-hero__background\"><\/div><noscript><div style=\"background-image: url(https:\/\/hotelcms-production.imgix.net\/l-hotel.com\/wp-content\/uploads\/2018\/09\/ShootingLHotel_24102016_HD_@MarineBlanchardPhotographie-149.jpg);\" class=\"crop \/ c-hero__background\" ><\/div><\/noscript>\n    \n    <\/section>\n<\/div><\/div><\/div><\/div><\/div><div id=\"pg-3620-2\"  class=\"panel-grid panel-no-style\" ><div id=\"pgc-3620-2-0\"  class=\"panel-grid-cell\" ><div id=\"panel-3620-2-0-0\" class=\"so-panel widget widget_cn-core-cta-widget panel-first-child panel-last-child\" data-index=\"2\" ><div\n\t\t\t\n\t\t\tclass=\"so-widget-cn-core-cta-widget so-widget-cn-core-cta-widget-base\"\n\t\t\t\n\t\t><div class=\"c-cta c-cta--lead no-variation\">\n\n    <div class=\"c-cta__content\">\n\n        <div class=\"c-cta__inner\">\n\n            \n            \n            \n            \n            \n            \n                            <div class=\"c-cta__text \/ s-entry\">\n                    <p>Wir k\u00f6nnen uns nichts Romantischeres vorstellen, als Ihren Hochzeitstag in der \"Stadt der Liebe\" und in der zauberhaften Umgebung des L'Hotels zu feiern. Von gastronomischen Men\u00fcs und verf\u00fchrerischen Innenr\u00e4umen bis hin zu den charmanten Kopfsteinpflasterstra\u00dfen von Saint Germain-des-Pr\u00e9s - das L'Hotel ist ein einzigartiger Ort f\u00fcr Hochzeiten.<\/p>\n<p>F\u00fcr weitere Informationen oder zur Vereinbarung eines Besichtigungstermins wenden Sie sich bitte an +33 1 44 41 99 01 oder per E-Mail an <a href=\"mailto:yourwedding@l-hotel.com\">yourwedding@l-hotel.com<\/a><\/p>\n                <\/div>\n            \n            \n            \n                    <\/div>\n\n    <\/div>\n\n    \n    \n    \n<\/div>\n\n<\/div><\/div><\/div><\/div><div id=\"pg-3620-3\"  class=\"panel-grid panel-has-style\" ><div class=\"c-row--valign-default c-row--widget-default c-row--margin-default c-row--column-default panel-row-style panel-row-style-for-3620-3\" data-row-label=\"#info\" id=\"info\" ><div id=\"pgc-3620-3-0\"  class=\"panel-grid-cell\" ><div id=\"panel-3620-3-0-0\" class=\"so-panel widget widget_cn-core-cta-widget panel-first-child panel-last-child\" data-index=\"3\" ><div\n\t\t\t\n\t\t\tclass=\"so-widget-cn-core-cta-widget so-widget-cn-core-cta-widget-base\"\n\t\t\t\n\t\t><div class=\"c-cta c-cta--layout-image-right no-variation has-background\">\n\n    <div class=\"c-cta__content\">\n\n        <div class=\"c-cta__inner\">\n\n            \n            \n            \n            \n                <div class=\"c-cta__headings\">\n\n                \n                                    <h2 class=\"c-cta__heading\">\n                        Ihre Zeremonie                    <\/h2>\n                \n                \n                <\/div>\n\n            \n            \n            \n                            <div class=\"c-cta__text \/ s-entry\">\n                    <p>Die Abtei Saint Germain-des-Pr\u00e9s, die sich gleich um die Ecke des Hotels befindet, ist ein architektonisches Wahrzeichen und eine der \u00e4ltesten Kirchen von Paris. Die Abtei steht f\u00fcr religi\u00f6se Hochzeitszeremonien zur Verf\u00fcgung. Wenn Sie eine nicht-religi\u00f6se Zeremonie bevorzugen, gibt es in der N\u00e4he Orte, die sich gut f\u00fcr humanistische Zeremonien eignen.<br \/>\nVerf\u00fcgbar von Dienstag bis Samstag, f\u00fcr 16 bis 40 G\u00e4ste.<\/p>\n                <\/div>\n            \n            \n            \n                    <\/div>\n\n    <\/div>\n\n    \n            <div data-src=\"https:\/\/hotelcms-production.imgix.net\/l-hotel.com\/wp-content\/uploads\/2018\/09\/ShootingLHotel_24102016_HD_@MarineBlanchardPhotographie-67.jpg\" data-crop=\"centre\" class=\"imgix-fluid  crop \/ c-background c-cta__background\"><\/div><noscript><div style=\"background-image: url(https:\/\/hotelcms-production.imgix.net\/l-hotel.com\/wp-content\/uploads\/2018\/09\/ShootingLHotel_24102016_HD_@MarineBlanchardPhotographie-67.jpg);\" class=\"crop \/ c-background c-cta__background\" ><\/div><\/noscript>    \n    \n<\/div>\n\n<\/div><\/div><\/div><\/div><\/div><div id=\"pg-3620-4\"  class=\"panel-grid panel-has-style\" ><div class=\"c-row--valign-default c-row--widget-default c-row--margin-default c-row--column-default panel-row-style panel-row-style-for-3620-4\" ><div id=\"pgc-3620-4-0\"  class=\"panel-grid-cell\" ><div id=\"panel-3620-4-0-0\" class=\"so-panel widget widget_cn-core-cta-widget panel-first-child panel-last-child\" data-index=\"4\" ><div\n\t\t\t\n\t\t\tclass=\"so-widget-cn-core-cta-widget so-widget-cn-core-cta-widget-base\"\n\t\t\t\n\t\t><div class=\"c-cta c-cta--layout-image-left no-variation has-background\">\n\n    <div class=\"c-cta__content\">\n\n        <div class=\"c-cta__inner\">\n\n            \n            \n            \n            \n                <div class=\"c-cta__headings\">\n\n                \n                                    <h2 class=\"c-cta__heading\">\n                        Ihre Hochzeit                    <\/h2>\n                \n                \n                <\/div>\n\n            \n            \n            \n                            <div class=\"c-cta__text \/ s-entry\">\n                    <p><strong>Mittagessen <\/strong>12.30 Uhr bis 16 Uhr:<\/p>\n<p>Hochzeitsfr\u00fchst\u00fcck POA<br \/>\nMontag bis Mittwoch - ab \u20ac1500 Veranstaltungsortmiete<\/p>\n<p><strong>Abendessen <\/strong>19.30 Uhr - Mitternacht<\/p>\n<p>Hochzeitsfr\u00fchst\u00fcck POA<br \/>\nDonnerstag bis Sonntag - ab \u20ac3000 Veranstaltungsortmiete<\/p>\n                <\/div>\n            \n            \n            \n                    <\/div>\n\n    <\/div>\n\n    \n            <div data-src=\"https:\/\/hotelcms-production.imgix.net\/l-hotel.com\/wp-content\/uploads\/2018\/09\/LHotel-food-2016-\u00a9-Amy-Murrell-75-1.jpg\" data-crop=\"centre\" class=\"imgix-fluid  crop \/ c-background c-cta__background\"><\/div><noscript><div style=\"background-image: url(https:\/\/hotelcms-production.imgix.net\/l-hotel.com\/wp-content\/uploads\/2018\/09\/LHotel-food-2016-\u00a9-Amy-Murrell-75-1.jpg);\" class=\"crop \/ c-background c-cta__background\" ><\/div><\/noscript>    \n    \n<\/div>\n\n<\/div><\/div><\/div><\/div><\/div><div id=\"pg-3620-5\"  class=\"panel-grid panel-has-style\" ><div class=\"c-row--valign-default c-row--widget-default c-row--margin-default c-row--column-default panel-row-style panel-row-style-for-3620-5\" ><div id=\"pgc-3620-5-0\"  class=\"panel-grid-cell\" ><div id=\"panel-3620-5-0-0\" class=\"so-panel widget widget_cn-core-cta-widget panel-first-child panel-last-child\" data-index=\"5\" ><div\n\t\t\t\n\t\t\tclass=\"so-widget-cn-core-cta-widget so-widget-cn-core-cta-widget-base\"\n\t\t\t\n\t\t><div class=\"c-cta c-cta--layout-image-right no-variation has-background\">\n\n    <div class=\"c-cta__content\">\n\n        <div class=\"c-cta__inner\">\n\n            \n            \n            \n            \n                <div class=\"c-cta__headings\">\n\n                \n                                    <h2 class=\"c-cta__heading\">\n                        Zus\u00e4tzliche Dienstleistungen                    <\/h2>\n                \n                \n                <\/div>\n\n            \n            \n            \n                            <div class=\"c-cta__text \/ s-entry\">\n                    <p>Willkommens-Cocktail-Empfang in der Wilde's Lounge<br \/>\nWeinbegleitung durch unseren Sommelier<br \/>\nIndividuelles Degustationsmen\u00fc<\/p>\n                <\/div>\n            \n            \n            \n                    <\/div>\n\n    <\/div>\n\n    \n            <div data-src=\"https:\/\/hotelcms-production.imgix.net\/l-hotel.com\/wp-content\/uploads\/2018\/09\/2018_Curious_Lhotel_Options-107_SP_0120.jpg\" data-crop=\"centre\" class=\"imgix-fluid  crop \/ c-background c-cta__background\"><\/div><noscript><div style=\"background-image: url(https:\/\/hotelcms-production.imgix.net\/l-hotel.com\/wp-content\/uploads\/2018\/09\/2018_Curious_Lhotel_Options-107_SP_0120.jpg);\" class=\"crop \/ c-background c-cta__background\" ><\/div><\/noscript>    \n    \n<\/div>\n\n<\/div><\/div><\/div><\/div><\/div><\/div>","protected":false},"excerpt":{"rendered":"<p>Hochzeiten Private Parteien Anfrage Luxuri\u00f6se Hochzeitslocation im Herzen von Paris Hochzeiten im L&#8217;Hotel Wir k\u00f6nnen uns nichts Romantischeres vorstellen, als Ihren Hochzeitstag in der &#8220;Stadt der Liebe&#8221; und in der zauberhaften Umgebung des L&#8217;Hotels zu feiern. Von gastronomischen Men\u00fcs und verf\u00fchrerischen Innenr\u00e4umen bis hin zu den charmanten Kopfsteinpflasterstra\u00dfen von Saint Germain-des-Pr\u00e9s &#8211; das L&#8217;Hotel ist &hellip;<\/p>\n","protected":false},"author":1,"featured_media":3622,"parent":3615,"menu_order":0,"comment_status":"closed","ping_status":"closed","template":"","meta":{"_acf_changed":false,"footnotes":""},"class_list":["post--3620","post--page","post--type-page","post--status-publish","post--has-post-thumbnail","post--hentry"],"acf":[],"_links":{"self":[{"href":"https:\/\/www.l-hotel.com\/de\/wp-json\/wp\/v2\/pages\/3620","targetHints":{"allow":["GET"]}}],"collection":[{"href":"https:\/\/www.l-hotel.com\/de\/wp-json\/wp\/v2\/pages"}],"about":[{"href":"https:\/\/www.l-hotel.com\/de\/wp-json\/wp\/v2\/types\/page"}],"author":[{"embeddable":true,"href":"https:\/\/www.l-hotel.com\/de\/wp-json\/wp\/v2\/users\/1"}],"replies":[{"embeddable":true,"href":"https:\/\/www.l-hotel.com\/de\/wp-json\/wp\/v2\/comments?post=3620"}],"version-history":[{"count":5,"href":"https:\/\/www.l-hotel.com\/de\/wp-json\/wp\/v2\/pages\/3620\/revisions"}],"predecessor-version":[{"id":4877,"href":"https:\/\/www.l-hotel.com\/de\/wp-json\/wp\/v2\/pages\/3620\/revisions\/4877"}],"up":[{"embeddable":true,"href":"https:\/\/www.l-hotel.com\/de\/wp-json\/wp\/v2\/pages\/3615"}],"wp:featuredmedia":[{"embeddable":true,"href":"https:\/\/www.l-hotel.com\/de\/wp-json\/wp\/v2\/media\/3622"}],"wp:attachment":[{"href":"https:\/\/www.l-hotel.com\/de\/wp-json\/wp\/v2\/media?parent=3620"}],"curies":[{"name":"wp","href":"https:\/\/api.w.org\/{rel}","templated":true}]}}