{"id":3615,"date":"2018-08-08T15:37:38","date_gmt":"2018-08-08T14:37:38","guid":{"rendered":"https:\/\/www.l-hotel.com\/weddings-parties\/"},"modified":"2024-08-07T12:59:36","modified_gmt":"2024-08-07T11:59:36","slug":"hochzeiten-partys","status":"publish","type":"page","link":"https:\/\/www.l-hotel.com\/de\/hochzeiten-partys\/","title":{"rendered":"Weddings &#038; Parties (DE)"},"content":{"rendered":"<div id=\"pl-3615\"  class=\"panel-layout\" ><div id=\"pg-3615-0\"  class=\"panel-grid panel-has-style\" ><div class=\"c-row--valign-default c-row--widget-default c-row--margin-none c-row--column-none c-row--style-secondary siteorigin-panels-stretch panel-row-style panel-row-style-for-3615-0\" data-stretch-type=\"full-width-stretch\" ><div id=\"pgc-3615-0-0\"  class=\"panel-grid-cell\" ><div id=\"panel-3615-0-0-0\" class=\"so-panel widget widget_cn-core-static-menu-widget panel-first-child panel-last-child\" data-index=\"0\" ><div\n\t\t\t\n\t\t\tclass=\"so-widget-cn-core-static-menu-widget so-widget-cn-core-static-menu-widget-base\"\n\t\t\t\n\t\t>\n<nav class=\"c-ancestors \">\n  <h4 class=\"c-ancestors__heading\"><\/h4>\n\n  <ul class=\"menu\">\n\n                <li class=\"c-ancestors__page \/ menu__item \">\n        <a  class=\"c-button  no-variation\" href=\"https:\/\/www.l-hotel.com\/de\/hochzeiten-partys\/hochzeiten\/\">\n    Hochzeiten<\/a>\n\n\n\n              <\/li>\n                <li class=\"c-ancestors__page \/ menu__item \">\n        <a  class=\"c-button  no-variation\" href=\"https:\/\/www.l-hotel.com\/de\/hochzeiten-partys\/private-feiern-im-lhotel\/\">\n    Private Parteien<\/a>\n\n\n\n              <\/li>\n                <li class=\"c-ancestors__page \/ menu__item \">\n        <a  class=\"c-button  no-variation\" href=\"https:\/\/www.l-hotel.com\/de\/hochzeiten-partys\/eine-anfrage-stellen\/\">\n    Eine Anfrage stellen<\/a>\n\n\n\n              <\/li>\n      <\/ul>\n\n<\/nav>\n<\/div><\/div><\/div><\/div><\/div><div id=\"pg-3615-1\"  class=\"panel-grid panel-has-style\" ><div class=\"c-row--valign-default c-row--widget-default c-row--margin-none c-row--column-default siteorigin-panels-stretch panel-row-style panel-row-style-for-3615-1\" data-stretch-type=\"full-width-stretch\" ><div id=\"pgc-3615-1-0\"  class=\"panel-grid-cell\" ><div id=\"panel-3615-1-0-0\" class=\"so-panel widget widget_cn-core-hero-widget panel-first-child panel-last-child\" data-index=\"1\" ><div\n\t\t\t\n\t\t\tclass=\"so-widget-cn-core-hero-widget so-widget-cn-core-hero-widget-base\"\n\t\t\t\n\t\t><section class=\"c-hero no-variation\">\n    <div class=\"c-hero__inner\">\n        \n        <div class=\"c-hero__content\">\n\n                            <h1 class=\"c-hero__heading\">\n                    Luxuri\u00f6ser Veranstaltungsort f\u00fcr Hochzeiten und Events in Paris                <\/h1>\n            \n                            <p class=\"c-hero__subheading\">\n                    Hochzeiten &amp; Partys                <\/p>\n                            <div class=\"s-entry \/ c-hero__text\">\n                    <p>\n                        Wie der gro\u00dfe Oscar Wilde einmal sagte: \"Wer, der geliebt wird, ist arm?\"                    <\/p>\n                <\/div>\n                    <\/div>\n\n        \n    <\/div>\n\n\n\n    \n    \n    \n            <ol\n    class=\"c-hero__backgrounds\"\n    data-element-cycle-interval=\"4000\"\n>\n    <li>\n        <div data-src=\"https:\/\/hotelcms-production.imgix.net\/l-hotel.com\/wp-content\/uploads\/2018\/09\/ShootingLHotel_24102016_HD_@MarineBlanchardPhotographie-136.jpg\" data-crop=\"manual\" class=\"imgix-fluid  crop  c-hero__background\" data-focus-horizontal=\"50\" data-focus-vertical=\"20\"><\/div><noscript><div style=\"background-image: url(https:\/\/hotelcms-production.imgix.net\/l-hotel.com\/wp-content\/uploads\/2018\/09\/ShootingLHotel_24102016_HD_@MarineBlanchardPhotographie-136.jpg);\" class=\"crop  c-hero__background\" ><\/div><\/noscript>    <\/li>\n\n            <li>\n            <div data-src=\"https:\/\/hotelcms-production.imgix.net\/l-hotel.com\/wp-content\/uploads\/2018\/09\/ShootingLHotel_24102016_HD_@MarineBlanchardPhotographie-30.jpg\" data-crop=\"centre\" class=\"imgix-fluid  crop  c-hero__background\"><\/div><noscript><div style=\"background-image: url(https:\/\/hotelcms-production.imgix.net\/l-hotel.com\/wp-content\/uploads\/2018\/09\/ShootingLHotel_24102016_HD_@MarineBlanchardPhotographie-30.jpg);\" class=\"crop  c-hero__background\" ><\/div><\/noscript>        <\/li>\n            <li>\n            <div data-src=\"https:\/\/hotelcms-production.imgix.net\/l-hotel.com\/wp-content\/uploads\/2018\/09\/ShootingLHotel_24102016_HD_@MarineBlanchardPhotographie-64.jpg\" data-crop=\"\" class=\"imgix-fluid  crop  c-hero__background\"><\/div><noscript><div style=\"background-image: url(https:\/\/hotelcms-production.imgix.net\/l-hotel.com\/wp-content\/uploads\/2018\/09\/ShootingLHotel_24102016_HD_@MarineBlanchardPhotographie-64.jpg);\" class=\"crop  c-hero__background\" ><\/div><\/noscript>        <\/li>\n            <li>\n            <div data-src=\"https:\/\/hotelcms-production.imgix.net\/l-hotel.com\/wp-content\/uploads\/2018\/09\/ShootingLHotel_24102016_HD_@MarineBlanchardPhotographie-174.jpg\" data-crop=\"\" class=\"imgix-fluid  crop  c-hero__background\"><\/div><noscript><div style=\"background-image: url(https:\/\/hotelcms-production.imgix.net\/l-hotel.com\/wp-content\/uploads\/2018\/09\/ShootingLHotel_24102016_HD_@MarineBlanchardPhotographie-174.jpg);\" class=\"crop  c-hero__background\" ><\/div><\/noscript>        <\/li>\n    <\/ol>    \n            <a href=\"#main-content\" class=\"c-hero__scroller\" data-module=\"scroll-to\">\n            <span class=\"c-hero__scroller__text\">Scroll to explore<\/span>\n            <span class=\"c-hero__scroller__arrow\"><\/span>\n        <\/a>\n    <\/section>\n<\/div><\/div><\/div><\/div><\/div><div id=\"pg-3615-2\"  class=\"panel-grid panel-has-style\" ><div class=\"c-row--valign-default c-row--widget-default c-row--margin-default c-row--column-default siteorigin-panels-stretch has-background c-row--background-cover imgix-fluid crop panel-row-style panel-row-style-for-3615-2\" data-stretch-type=\"full\" data-src=\"https:\/\/hotelcms-production.imgix.net\/l-hotel.com\/wp-content\/uploads\/2018\/09\/ShootingLHotel_24102016_HD_@MarineBlanchardPhotographie-170.jpg\" data-crop=\"centre\" ><div id=\"pgc-3615-2-0\"  class=\"panel-grid-cell\" ><div id=\"panel-3615-2-0-0\" class=\"so-panel widget widget_cn-core-cta-widget panel-first-child panel-last-child\" data-index=\"2\" ><div\n\t\t\t\n\t\t\tclass=\"so-widget-cn-core-cta-widget so-widget-cn-core-cta-widget-base\"\n\t\t\t\n\t\t><div class=\"c-cta c-cta--layout-breaker-right no-variation\">\n\n    <div class=\"c-cta__content\">\n\n        <div class=\"c-cta__inner\">\n\n            \n            \n            \n            \n            \n            \n                            <div class=\"c-cta__text \/ s-entry\">\n                    <p>Das L'Hotel liegt in der sch\u00f6nen Left Bank im Herzen von Paris und ist von Romantik und Geschichte durchdrungen. Von literarischen Inspirationen bis hin zu \u00fcppigen Samtvorh\u00e4ngen und faszinierenden Veranstaltungsr\u00e4umen ist das L'Hotel einer der besten Orte f\u00fcr Luxushochzeiten und Events in Paris - also kommen Sie zu uns f\u00fcr Ihre n\u00e4chste Feier.<\/p>\n                <\/div>\n            \n            \n            \n                    <\/div>\n\n    <\/div>\n\n    \n    \n    \n<\/div>\n\n<\/div><\/div><\/div><\/div><\/div><div id=\"pg-3615-3\"  class=\"panel-grid panel-has-style\" ><div class=\"c-row--valign-default c-row--widget-default c-row--margin-default c-row--column-default panel-row-style panel-row-style-for-3615-3\" ><div id=\"pgc-3615-3-0\"  class=\"panel-grid-cell\" ><div id=\"panel-3615-3-0-0\" class=\"so-panel widget widget_cn-core-layout-builder-widget panel-first-child panel-last-child\" data-index=\"3\" ><div\n\t\t\t\n\t\t\tclass=\"so-widget-cn-core-layout-builder-widget so-widget-cn-core-layout-builder-widget-base\"\n\t\t\t\n\t\t><div class=\"c-layout-builder  c-layout-builder--move-up\">\n<div id=\"pl-69edb0bd5562c\"  class=\"panel-layout\" ><div id=\"pg-69edb0bd5562c-0\"  class=\"panel-grid panel-no-style\" ><div id=\"pgc-69edb0bd5562c-0-0\"  class=\"panel-grid-cell\" ><div id=\"panel-69edb0bd5562c-0-0-0\" class=\"so-panel widget widget_cn-core-cta-widget panel-first-child panel-last-child\" data-index=\"0\" ><div\n\t\t\t\n\t\t\tclass=\"so-widget-cn-core-cta-widget so-widget-cn-core-cta-widget-base\"\n\t\t\t\n\t\t><div class=\"c-cta c-cta--layout-tile c-cta--tile-rooms--large has-background\">\n\n    <div class=\"c-cta__content\">\n\n        <div class=\"c-cta__inner\">\n\n                            <a href=\"https:\/\/www.l-hotel.com\/de\/hochzeiten-partys\/hochzeiten\/\" class=\"c-cta__anchor\">\n            \n            \n            \n            \n                <div class=\"c-cta__headings\">\n\n                \n                                    <h2 class=\"c-cta__heading\">\n                        Hochzeiten                    <\/h2>\n                \n                \n                <\/div>\n\n            \n            \n                            <\/a>\n            \n            \n            \n            \n                    <\/div>\n\n    <\/div>\n\n    \n            <div data-src=\"https:\/\/hotelcms-production.imgix.net\/l-hotel.com\/wp-content\/uploads\/2018\/09\/ShootingLHotel_24102016_HD_@MarineBlanchardPhotographie-149.jpg\" data-crop=\"centre\" class=\"imgix-fluid  crop \/ c-background c-cta__background\"><\/div><noscript><div style=\"background-image: url(https:\/\/hotelcms-production.imgix.net\/l-hotel.com\/wp-content\/uploads\/2018\/09\/ShootingLHotel_24102016_HD_@MarineBlanchardPhotographie-149.jpg);\" class=\"crop \/ c-background c-cta__background\" ><\/div><\/noscript>    \n            <a href=\"https:\/\/www.l-hotel.com\/de\/hochzeiten-partys\/hochzeiten\/\" class=\"c-cta__detached-anchor\"><\/a>\n    \n<\/div>\n\n<\/div><\/div><\/div><\/div><div id=\"pg-69edb0bd5562c-1\"  class=\"panel-grid panel-no-style\" ><div id=\"pgc-69edb0bd5562c-1-0\"  class=\"panel-grid-cell\" ><div id=\"panel-69edb0bd5562c-1-0-0\" class=\"so-panel widget widget_cn-core-cta-widget panel-first-child panel-last-child\" data-index=\"1\" ><div\n\t\t\t\n\t\t\tclass=\"so-widget-cn-core-cta-widget so-widget-cn-core-cta-widget-base\"\n\t\t\t\n\t\t><div class=\"c-cta c-cta--layout-tile c-cta--tile-rooms--regular has-background\">\n\n    <div class=\"c-cta__content\">\n\n        <div class=\"c-cta__inner\">\n\n                            <a href=\"https:\/\/www.l-hotel.com\/de\/hochzeiten-partys\/eine-anfrage-stellen\/\" class=\"c-cta__anchor\">\n            \n            \n            \n            \n                <div class=\"c-cta__headings\">\n\n                \n                                    <h2 class=\"c-cta__heading\">\n                        Anfrage                    <\/h2>\n                \n                \n                <\/div>\n\n            \n            \n                            <\/a>\n            \n            \n            \n            \n                    <\/div>\n\n    <\/div>\n\n    \n            <div data-src=\"https:\/\/hotelcms-production.imgix.net\/l-hotel.com\/wp-content\/uploads\/2018\/09\/ShootingLHotel_24102016_HD_@MarineBlanchardPhotographie-148.jpg\" data-crop=\"centre\" class=\"imgix-fluid  crop \/ c-background c-cta__background\"><\/div><noscript><div style=\"background-image: url(https:\/\/hotelcms-production.imgix.net\/l-hotel.com\/wp-content\/uploads\/2018\/09\/ShootingLHotel_24102016_HD_@MarineBlanchardPhotographie-148.jpg);\" class=\"crop \/ c-background c-cta__background\" ><\/div><\/noscript>    \n            <a href=\"https:\/\/www.l-hotel.com\/de\/hochzeiten-partys\/eine-anfrage-stellen\/\" class=\"c-cta__detached-anchor\"><\/a>\n    \n<\/div>\n\n<\/div><\/div><\/div><\/div><\/div><\/div><\/div><\/div><\/div><div id=\"pgc-3615-3-1\"  class=\"panel-grid-cell\" ><div id=\"panel-3615-3-1-0\" class=\"so-panel widget widget_cn-core-layout-builder-widget panel-first-child panel-last-child\" data-index=\"4\" ><div\n\t\t\t\n\t\t\tclass=\"so-widget-cn-core-layout-builder-widget so-widget-cn-core-layout-builder-widget-base\"\n\t\t\t\n\t\t><div class=\"c-layout-builder  no-variation\">\n<div id=\"pl-69edb0bd59aec\"  class=\"panel-layout\" ><div id=\"pg-69edb0bd59aec-0\"  class=\"panel-grid panel-no-style\" ><div id=\"pgc-69edb0bd59aec-0-0\"  class=\"panel-grid-cell\" ><div id=\"panel-69edb0bd59aec-0-0-0\" class=\"so-panel widget widget_cn-core-cta-widget panel-first-child panel-last-child\" data-index=\"0\" ><div\n\t\t\t\n\t\t\tclass=\"so-widget-cn-core-cta-widget so-widget-cn-core-cta-widget-base\"\n\t\t\t\n\t\t><div class=\"c-cta c-cta--layout-tile c-cta--tile-rooms--tall-30 has-background\">\n\n    <div class=\"c-cta__content\">\n\n        <div class=\"c-cta__inner\">\n\n                            <a href=\"https:\/\/www.l-hotel.com\/de\/hochzeiten-partys\/private-feiern-im-lhotel\/\" class=\"c-cta__anchor\">\n            \n            \n            \n            \n                <div class=\"c-cta__headings\">\n\n                \n                                    <h2 class=\"c-cta__heading\">\n                        Private Parteien                    <\/h2>\n                \n                \n                <\/div>\n\n            \n            \n                            <\/a>\n            \n            \n            \n            \n                    <\/div>\n\n    <\/div>\n\n    \n            <div data-src=\"https:\/\/hotelcms-production.imgix.net\/l-hotel.com\/wp-content\/uploads\/2018\/09\/ShootingLHotel_24102016_HD_@MarineBlanchardPhotographie-173.jpg\" data-crop=\"manual\" class=\"imgix-fluid  crop \/ c-background c-cta__background\" data-focus-horizontal=\"50\" data-focus-vertical=\"75\"><\/div><noscript><div style=\"background-image: url(https:\/\/hotelcms-production.imgix.net\/l-hotel.com\/wp-content\/uploads\/2018\/09\/ShootingLHotel_24102016_HD_@MarineBlanchardPhotographie-173.jpg);\" class=\"crop \/ c-background c-cta__background\" ><\/div><\/noscript>    \n            <a href=\"https:\/\/www.l-hotel.com\/de\/hochzeiten-partys\/private-feiern-im-lhotel\/\" class=\"c-cta__detached-anchor\"><\/a>\n    \n<\/div>\n\n<\/div><\/div><\/div><\/div><\/div><\/div><\/div><\/div><\/div><\/div><\/div><div id=\"pg-3615-4\"  class=\"panel-grid panel-has-style\" ><div class=\"c-row--valign-default c-row--widget-none c-row--margin-default c-row--column-default panel-row-style panel-row-style-for-3615-4\" ><div id=\"pgc-3615-4-0\"  class=\"panel-grid-cell\" ><div id=\"panel-3615-4-0-0\" class=\"so-panel widget widget_cn-core-image-slider-widget panel-first-child panel-last-child\" data-index=\"5\" ><div\n\t\t\t\n\t\t\tclass=\"so-widget-cn-core-image-slider-widget so-widget-cn-core-image-slider-widget-base\"\n\t\t\t\n\t\t><div class=\"c-slider-wrapper no-variation no-variation\">\n\n    \n    \n    <div\n        id=\"slider-69edb0bd5c3e1\"\n        class=\"c-slider c-slider--image c-slider--set-height js-flickity\"\n                    data-flickity-options='{\"pageDots\":true,\"prevNextButtons\":true,\"cellAlign\":\"center\",\"contain\":false,\"wrapAround\":true,\"imagesLoaded\":true,\"setGallerySize\":false,\"adaptiveHeight\":false,\"autoPlay\":0,\"friction\":0.28,\"pauseAutoPlayOnHover\":false,\"rightToLeft\":false,\"groupCells\":false}'\n            >\n                    <div\n                class=\"c-slider__cell  js-flickity-cell\"\n                id=\"image-cell-0\"\n            >\n                \n<div class=\"c-image-container  no-variation\">\n    \n    <figure class=\"crop\">\n                    <div data-src=\"https:\/\/hotelcms-production.imgix.net\/l-hotel.com\/wp-content\/uploads\/2018\/09\/ShootingLHotel_24102016_HD_@MarineBlanchardPhotographie-151.jpg\" data-crop=\"centre\" class=\"imgix-fluid  c-image\"><\/div><noscript><div style=\"background-image: url(https:\/\/hotelcms-production.imgix.net\/l-hotel.com\/wp-content\/uploads\/2018\/09\/ShootingLHotel_24102016_HD_@MarineBlanchardPhotographie-151.jpg);\" class=\"c-image\" ><\/div><\/noscript>            <\/figure>\n\n    <\/div>\n            <\/div>\n                    <div\n                class=\"c-slider__cell  js-flickity-cell\"\n                id=\"image-cell-1\"\n            >\n                \n<div class=\"c-image-container  no-variation\">\n    \n    <figure class=\"crop\">\n                    <div data-src=\"https:\/\/hotelcms-production.imgix.net\/l-hotel.com\/wp-content\/uploads\/2018\/09\/ShootingLHotel_24102016_HD_@MarineBlanchardPhotographie-30.jpg\" data-crop=\"centre\" class=\"imgix-fluid  c-image\"><\/div><noscript><div style=\"background-image: url(https:\/\/hotelcms-production.imgix.net\/l-hotel.com\/wp-content\/uploads\/2018\/09\/ShootingLHotel_24102016_HD_@MarineBlanchardPhotographie-30.jpg);\" class=\"c-image\" ><\/div><\/noscript>            <\/figure>\n\n    <\/div>\n            <\/div>\n                    <div\n                class=\"c-slider__cell  js-flickity-cell\"\n                id=\"image-cell-2\"\n            >\n                \n<div class=\"c-image-container  no-variation\">\n    \n    <figure class=\"crop\">\n                    <div data-src=\"https:\/\/hotelcms-production.imgix.net\/l-hotel.com\/wp-content\/uploads\/2018\/09\/ShootingLHotel_24102016_HD_@MarineBlanchardPhotographie-134.jpg\" data-crop=\"centre\" class=\"imgix-fluid  c-image\"><\/div><noscript><div style=\"background-image: url(https:\/\/hotelcms-production.imgix.net\/l-hotel.com\/wp-content\/uploads\/2018\/09\/ShootingLHotel_24102016_HD_@MarineBlanchardPhotographie-134.jpg);\" class=\"c-image\" ><\/div><\/noscript>            <\/figure>\n\n    <\/div>\n            <\/div>\n                    <div\n                class=\"c-slider__cell  js-flickity-cell\"\n                id=\"image-cell-3\"\n            >\n                \n<div class=\"c-image-container  no-variation\">\n    \n    <figure class=\"crop\">\n                    <div data-src=\"https:\/\/hotelcms-production.imgix.net\/l-hotel.com\/wp-content\/uploads\/2018\/09\/ShootingLHotel_24102016_HD_@MarineBlanchardPhotographie-165.jpg\" data-crop=\"centre\" class=\"imgix-fluid  c-image\"><\/div><noscript><div style=\"background-image: url(https:\/\/hotelcms-production.imgix.net\/l-hotel.com\/wp-content\/uploads\/2018\/09\/ShootingLHotel_24102016_HD_@MarineBlanchardPhotographie-165.jpg);\" class=\"c-image\" ><\/div><\/noscript>            <\/figure>\n\n    <\/div>\n            <\/div>\n            <\/div>\n\n    <\/div><\/div><\/div><\/div><\/div><\/div><div id=\"pg-3615-5\"  class=\"panel-grid panel-has-style\" ><div class=\"c-row--valign-default c-row--widget-default c-row--margin-none c-row--column-default siteorigin-panels-stretch panel-row-style panel-row-style-for-3615-5\" data-stretch-type=\"full-width-stretch\" ><div id=\"pgc-3615-5-0\"  class=\"panel-grid-cell\" ><div id=\"panel-3615-5-0-0\" class=\"so-panel widget widget_cn-core-cta-widget panel-first-child panel-last-child\" data-index=\"6\" ><div\n\t\t\t\n\t\t\tclass=\"so-widget-cn-core-cta-widget so-widget-cn-core-cta-widget-base\"\n\t\t\t\n\t\t><div class=\"c-cta c-cta--layout-breaker no-variation has-background\">\n\n    <div class=\"c-cta__content\">\n\n        <div class=\"c-cta__inner\">\n\n                            <a href=\"https:\/\/www.l-hotel.com\/de\/hochzeiten-partys\/eine-anfrage-stellen\/\" class=\"c-cta__anchor\">\n            \n            \n            \n            \n                <div class=\"c-cta__headings\">\n\n                                    <p class=\"c-cta__preheading\">\n                        Feiern Sie in der Stadt der Liebe                    <\/p>\n                \n                                    <h2 class=\"c-cta__heading\">\n                        Eine Anfrage stellen                    <\/h2>\n                \n                \n                <\/div>\n\n            \n            \n                            <\/a>\n            \n            \n            \n                            <div class=\"c-cta__buttons\">\n                    <a  class=\"c-button button \/ c-cta__button  no-variation\" href=\"https:\/\/www.l-hotel.com\/de\/hochzeiten-partys\/eine-anfrage-stellen\/\">\n    Jetzt anfragen<\/a>\n\n\n                <\/div>\n            \n                    <\/div>\n\n    <\/div>\n\n    \n            <div data-src=\"https:\/\/hotelcms-production.imgix.net\/l-hotel.com\/wp-content\/uploads\/2018\/09\/ShootingLHotel_24102016_HD_@MarineBlanchardPhotographie-75.jpg\" data-crop=\"centre\" class=\"imgix-fluid  crop \/ c-background c-cta__background\"><\/div><noscript><div style=\"background-image: url(https:\/\/hotelcms-production.imgix.net\/l-hotel.com\/wp-content\/uploads\/2018\/09\/ShootingLHotel_24102016_HD_@MarineBlanchardPhotographie-75.jpg);\" class=\"crop \/ c-background c-cta__background\" ><\/div><\/noscript>    \n            <a href=\"https:\/\/www.l-hotel.com\/de\/hochzeiten-partys\/eine-anfrage-stellen\/\" class=\"c-cta__detached-anchor\" href=\"https:\/\/www.l-hotel.com\/de\/hochzeiten-partys\/eine-anfrage-stellen\/\"><\/a>\n    \n<\/div>\n\n<\/div><\/div><\/div><\/div><\/div><\/div>","protected":false},"excerpt":{"rendered":"<p>Hochzeiten Private Parteien Eine Anfrage stellen Luxuri\u00f6ser Veranstaltungsort f\u00fcr Hochzeiten und Events in Paris Hochzeiten &amp; Partys Wie der gro\u00dfe Oscar Wilde einmal sagte: &#8220;Wer, der geliebt wird, ist arm?&#8221; Scroll to explore Das L&#8217;Hotel liegt in der sch\u00f6nen Left Bank im Herzen von Paris und ist von Romantik und Geschichte durchdrungen. Von literarischen Inspirationen &hellip;<\/p>\n","protected":false},"author":1,"featured_media":3617,"parent":0,"menu_order":14,"comment_status":"closed","ping_status":"closed","template":"","meta":{"_acf_changed":false,"footnotes":""},"class_list":["post--3615","post--page","post--type-page","post--status-publish","post--has-post-thumbnail","post--hentry"],"acf":[],"_links":{"self":[{"href":"https:\/\/www.l-hotel.com\/de\/wp-json\/wp\/v2\/pages\/3615","targetHints":{"allow":["GET"]}}],"collection":[{"href":"https:\/\/www.l-hotel.com\/de\/wp-json\/wp\/v2\/pages"}],"about":[{"href":"https:\/\/www.l-hotel.com\/de\/wp-json\/wp\/v2\/types\/page"}],"author":[{"embeddable":true,"href":"https:\/\/www.l-hotel.com\/de\/wp-json\/wp\/v2\/users\/1"}],"replies":[{"embeddable":true,"href":"https:\/\/www.l-hotel.com\/de\/wp-json\/wp\/v2\/comments?post=3615"}],"version-history":[{"count":4,"href":"https:\/\/www.l-hotel.com\/de\/wp-json\/wp\/v2\/pages\/3615\/revisions"}],"predecessor-version":[{"id":4823,"href":"https:\/\/www.l-hotel.com\/de\/wp-json\/wp\/v2\/pages\/3615\/revisions\/4823"}],"wp:featuredmedia":[{"embeddable":true,"href":"https:\/\/www.l-hotel.com\/de\/wp-json\/wp\/v2\/media\/3617"}],"wp:attachment":[{"href":"https:\/\/www.l-hotel.com\/de\/wp-json\/wp\/v2\/media?parent=3615"}],"curies":[{"name":"wp","href":"https:\/\/api.w.org\/{rel}","templated":true}]}}