{"id":3609,"date":"2018-08-08T15:37:38","date_gmt":"2018-08-08T14:37:38","guid":{"rendered":"https:\/\/www.l-hotel.com\/wildes\/"},"modified":"2025-09-01T12:22:50","modified_gmt":"2025-09-01T11:22:50","slug":"wildes","status":"publish","type":"page","link":"https:\/\/www.l-hotel.com\/de\/wildes\/","title":{"rendered":"Wilde&#8217;s (DE)"},"content":{"rendered":"<div id=\"pl-3609\"  class=\"panel-layout\" ><div id=\"pg-3609-0\"  class=\"panel-grid panel-has-style\" ><div class=\"c-row--valign-default c-row--widget-default c-row--margin-none c-row--column-none c-row--style-secondary siteorigin-panels-stretch panel-row-style panel-row-style-for-3609-0\" data-stretch-type=\"full-width-stretch\" ><div id=\"pgc-3609-0-0\"  class=\"panel-grid-cell\" ><div id=\"panel-3609-0-0-0\" class=\"so-panel widget widget_cn-core-static-menu-widget panel-first-child panel-last-child\" data-index=\"0\" ><div\n\t\t\t\n\t\t\tclass=\"so-widget-cn-core-static-menu-widget so-widget-cn-core-static-menu-widget-base\"\n\t\t\t\n\t\t>\n<nav class=\"c-ancestors \">\n  <h4 class=\"c-ancestors__heading\"><\/h4>\n\n  <ul class=\"menu\">\n\n                <li class=\"c-ancestors__page \/ menu__item \">\n        <a  class=\"c-button  no-variation\" href=\"#about_bar\">\n    \u00dcber Wilde's<\/a>\n\n\n\n              <\/li>\n                <li class=\"c-ancestors__page \/ menu__item \">\n        <a  class=\"c-button  no-variation\" href=\"#cocktails\">\n    Cocktails<\/a>\n\n\n\n              <\/li>\n                <li class=\"c-ancestors__page \/ menu__item \">\n        <a  class=\"c-button  no-variation\" href=\"https:\/\/www.l-hotel.com\/de\/hochzeiten-partys\/private-feiern-im-lhotel\/\">\n    Events<\/a>\n\n\n\n              <\/li>\n      <\/ul>\n\n<\/nav>\n<\/div><\/div><\/div><\/div><\/div><div id=\"pg-3609-1\"  class=\"panel-grid panel-has-style\" ><div class=\"c-row--valign-default c-row--widget-default c-row--margin-default c-row--column-none siteorigin-panels-stretch panel-row-style panel-row-style-for-3609-1\" data-stretch-type=\"full-width-stretch\" ><div id=\"pgc-3609-1-0\"  class=\"panel-grid-cell\" ><div id=\"panel-3609-1-0-0\" class=\"so-panel widget widget_cn-core-hero-widget panel-first-child panel-last-child\" data-index=\"1\" ><div\n\t\t\t\n\t\t\tclass=\"so-widget-cn-core-hero-widget so-widget-cn-core-hero-widget-base\"\n\t\t\t\n\t\t><section class=\"c-hero no-variation\">\n    <div class=\"c-hero__inner\">\n        \n        <div class=\"c-hero__content\">\n\n            \n                            <p class=\"c-hero__subheading\">\n                    Wilde's                 <\/p>\n                            <div class=\"s-entry \/ c-hero__text\">\n                    <p>\n                        Cocktails, Aperitifs und Events                    <\/p>\n                <\/div>\n                    <\/div>\n\n        \n    <\/div>\n\n\n\n    \n    \n    \n            <ol\n    class=\"c-hero__backgrounds\"\n    data-element-cycle-interval=\"4000\"\n>\n    <li>\n            <\/li>\n\n            <li>\n            <div data-src=\"https:\/\/hotelcms-production.imgix.net\/l-hotel.com\/wp-content\/uploads\/2022\/09\/DSC03393.jpg\" data-crop=\"manual\" class=\"imgix-fluid  crop  c-hero__background\" data-focus-horizontal=\"50\" data-focus-vertical=\"35\"><\/div><noscript><div style=\"background-image: url(https:\/\/hotelcms-production.imgix.net\/l-hotel.com\/wp-content\/uploads\/2022\/09\/DSC03393.jpg);\" class=\"crop  c-hero__background\" ><\/div><\/noscript>        <\/li>\n            <li>\n            <div data-src=\"https:\/\/hotelcms-production.imgix.net\/l-hotel.com\/wp-content\/uploads\/2018\/09\/DSC_4401-1.jpg\" data-crop=\"centre\" class=\"imgix-fluid  crop  c-hero__background\"><\/div><noscript><div style=\"background-image: url(https:\/\/hotelcms-production.imgix.net\/l-hotel.com\/wp-content\/uploads\/2018\/09\/DSC_4401-1.jpg);\" class=\"crop  c-hero__background\" ><\/div><\/noscript>        <\/li>\n            <li>\n            <div data-src=\"https:\/\/hotelcms-production.imgix.net\/l-hotel.com\/wp-content\/uploads\/2022\/08\/286899423_482567760309041_3741163295728512739_n.png\" data-crop=\"\" class=\"imgix-fluid  crop  c-hero__background\"><\/div><noscript><div style=\"background-image: url(https:\/\/hotelcms-production.imgix.net\/l-hotel.com\/wp-content\/uploads\/2022\/08\/286899423_482567760309041_3741163295728512739_n.png);\" class=\"crop  c-hero__background\" ><\/div><\/noscript>        <\/li>\n            <li>\n            <div data-src=\"https:\/\/hotelcms-production.imgix.net\/l-hotel.com\/wp-content\/uploads\/2018\/09\/DSC_4485.jpg\" data-crop=\"centre\" class=\"imgix-fluid  crop  c-hero__background\"><\/div><noscript><div style=\"background-image: url(https:\/\/hotelcms-production.imgix.net\/l-hotel.com\/wp-content\/uploads\/2018\/09\/DSC_4485.jpg);\" class=\"crop  c-hero__background\" ><\/div><\/noscript>        <\/li>\n    <\/ol>    \n    <\/section>\n<\/div><\/div><\/div><\/div><\/div><div id=\"pg-3609-2\"  class=\"panel-grid panel-has-style\" ><div class=\"c-row--valign-middle c-row--widget-default c-row--margin-default c-row--column-large panel-row-style panel-row-style-for-3609-2\" data-row-label=\"#about_bar\" id=\"about_bar\" ><div id=\"pgc-3609-2-0\"  class=\"panel-grid-cell\" ><div id=\"panel-3609-2-0-0\" class=\"so-panel widget widget_cn-core-image-widget panel-first-child panel-last-child\" data-index=\"2\" ><div\n\t\t\t\n\t\t\tclass=\"so-widget-cn-core-image-widget so-widget-cn-core-image-widget-base\"\n\t\t\t\n\t\t>\n<div class=\"c-image-container  no-variation\">\n    \n    <figure class=\"img-fit\">\n                    <img decoding=\"async\" data-src=\"https:\/\/hotelcms-production.imgix.net\/l-hotel.com\/wp-content\/uploads\/2020\/01\/W-Quill-Logo-1-GOLD-APOSTROPHE.png\" data-crop=\"\" src=\"data:image\/gif;base64,R0lGODlhBAADAIAAAAAAAAAAACH5BAEAAAAALAAAAAAEAAMAAAIDhI9WADs=\" class=\"imgix-fluid \/ c-image\" alt=\"\"  \/><noscript><img decoding=\"async\" src=\"https:\/\/hotelcms-production.imgix.net\/l-hotel.com\/wp-content\/uploads\/2020\/01\/W-Quill-Logo-1-GOLD-APOSTROPHE.png\" class=\"c-image\" alt=\"\"  \/><\/noscript>            <\/figure>\n\n    <\/div>\n<\/div><\/div><\/div><div id=\"pgc-3609-2-1\"  class=\"panel-grid-cell\" ><div id=\"panel-3609-2-1-0\" class=\"so-panel widget widget_cn-core-heading-widget panel-first-child panel-last-child\" data-index=\"3\" ><div\n\t\t\t\n\t\t\tclass=\"so-widget-cn-core-heading-widget so-widget-cn-core-heading-widget-base\"\n\t\t\t\n\t\t><div class=\"c-heading  c-heading--left\">\n    \n            <h2 class=\"c-heading__heading \">\n            Stimmungsvoll, opulent und <em>inspiriert vom Design der Empirezeit<\/em>        <\/h2>\n    \n    <\/div>\n<\/div><\/div><\/div><\/div><\/div><div id=\"pg-3609-3\"  class=\"panel-grid panel-has-style\" ><div class=\"c-row--valign-default c-row--widget-default c-row--margin-default c-row--column-default panel-row-style panel-row-style-for-3609-3\" data-row-label=\"#cocktails\" id=\"cocktails\" ><div id=\"pgc-3609-3-0\"  class=\"panel-grid-cell\" ><div id=\"panel-3609-3-0-0\" class=\"so-panel widget widget_cn-core-cta-widget panel-first-child panel-last-child\" data-index=\"4\" ><div\n\t\t\t\n\t\t\tclass=\"so-widget-cn-core-cta-widget so-widget-cn-core-cta-widget-base\"\n\t\t\t\n\t\t><div class=\"c-cta c-cta--layout-image-right no-variation has-background\">\n\n    <div class=\"c-cta__content\">\n\n        <div class=\"c-cta__inner\">\n\n                            <a href=\"https:\/\/hotelcms-production.imgix.net\/l-hotel.com\/wp-content\/uploads\/2024\/12\/Wildes-Cocktail-Menu.pdf?fm=pdf\" class=\"c-cta__anchor\">\n            \n            \n            \n            \n                <div class=\"c-cta__headings\">\n\n                \n                                    <h2 class=\"c-cta__heading\">\n                        Getr\u00e4nke &amp; Cocktails                    <\/h2>\n                \n                \n                <\/div>\n\n            \n            \n                            <\/a>\n            \n                            <div class=\"c-cta__text \/ s-entry\">\n                    <p>Begeben Sie sich auf eine Reise durch die Geschichte der Cocktails mit einer sorgf\u00e4ltig zusammengestellten Auswahl klassischer Cocktails, die die reiche Geschichte und die Urspr\u00fcnge dieser ikonischen Getr\u00e4nke feiern. Jedes Rezept wurde mit Liebe zum Detail kreiert, um seine urspr\u00fcnglichen Wurzeln zu ehren und authentische Spirituosen und Zutaten aus dem Herkunftsland des Cocktails zu verwenden.<\/p>\n<p>Erleben Sie die Aromen, wie sie urspr\u00fcnglich gedacht waren, und entdecken Sie die faszinierenden (und manchmal \u00fcberraschenden!) Geschichten hinter Ihren Lieblingscocktails. Es ist nicht nur ein Getr\u00e4nk \u2013 es ist ein lebendig gewordenes St\u00fcck Geschichte.<\/p>\n<ul>\n<li>T\u00e4glich von 7 Uhr morgens bis 1 Uhr nachts ge\u00f6ffnet.<\/li>\n<li>Cocktails werden jeden Tag in der Woche ab 17 Uhr serviert.<\/li>\n<\/ul>\n                <\/div>\n            \n            \n                            <div class=\"c-cta__buttons\">\n                    <a  class=\"c-button button \/ c-cta__button  no-variation\" href=\"https:\/\/hotelcms-production.imgix.net\/l-hotel.com\/wp-content\/uploads\/2024\/12\/Wildes-Cocktail-Menu.pdf?fm=pdf\">\n    Klassische Cocktailkarte<\/a>\n\n\n                <\/div>\n            \n                    <\/div>\n\n    <\/div>\n\n    \n            <div data-src=\"https:\/\/hotelcms-production.imgix.net\/l-hotel.com\/wp-content\/uploads\/2024\/12\/IMG_1323.jpg\" data-crop=\"\" class=\"imgix-fluid  crop \/ c-background c-cta__background\"><\/div><noscript><div style=\"background-image: url(https:\/\/hotelcms-production.imgix.net\/l-hotel.com\/wp-content\/uploads\/2024\/12\/IMG_1323.jpg);\" class=\"crop \/ c-background c-cta__background\" ><\/div><\/noscript>    \n            <a href=\"https:\/\/hotelcms-production.imgix.net\/l-hotel.com\/wp-content\/uploads\/2024\/12\/Wildes-Cocktail-Menu.pdf?fm=pdf\" class=\"c-cta__detached-anchor\" href=\"https:\/\/hotelcms-production.imgix.net\/l-hotel.com\/wp-content\/uploads\/2024\/12\/Wildes-Cocktail-Menu.pdf?fm=pdf\"><\/a>\n    \n<\/div>\n\n<\/div><\/div><\/div><\/div><\/div><div id=\"pg-3609-4\"  class=\"panel-grid panel-has-style\" ><div class=\"c-row--valign-default c-row--widget-default c-row--margin-default c-row--column-default panel-row-style panel-row-style-for-3609-4\" data-row-label=\"#cocktails\" id=\"cocktails\" ><div id=\"pgc-3609-4-0\"  class=\"panel-grid-cell\" ><div id=\"panel-3609-4-0-0\" class=\"so-panel widget widget_cn-core-cta-widget panel-first-child panel-last-child\" data-index=\"5\" ><div\n\t\t\t\n\t\t\tclass=\"so-widget-cn-core-cta-widget so-widget-cn-core-cta-widget-base\"\n\t\t\t\n\t\t><div class=\"c-cta c-cta--layout-image-left no-variation has-background\">\n\n    <div class=\"c-cta__content\">\n\n        <div class=\"c-cta__inner\">\n\n                            <a href=\"https:\/\/hotelcms-production.imgix.net\/l-hotel.com\/wp-content\/uploads\/2025\/09\/LH-Breakfast-Menu-September-2025.pdf?fm=pdf\" class=\"c-cta__anchor\">\n            \n            \n            \n            \n                <div class=\"c-cta__headings\">\n\n                \n                                    <h2 class=\"c-cta__heading\">\n                        Fr\u00fchst\u00fcck im L\u2019Hotel                    <\/h2>\n                \n                \n                <\/div>\n\n            \n            \n                            <\/a>\n            \n                            <div class=\"c-cta__text \/ s-entry\">\n                    <p>Beginnen Sie Ihren Tag mit einem Fr\u00fchst\u00fcck im L\u2019Hotel, einer \u00e0 la carte Feier morgendlicher Klassiker, die mit Perfektion zubereitet werden. Genie\u00dfen Sie Ihre Mahlzeit in der eleganten Lounge oder in der Privatsph\u00e4re Ihres Zimmers.<\/p>\n<p>T\u00e4glich verf\u00fcgbar von 7:30 bis 10:30 Uhr.<\/p>\n                <\/div>\n            \n            \n                            <div class=\"c-cta__buttons\">\n                    <a  class=\"c-button button \/ c-cta__button  no-variation\" href=\"https:\/\/hotelcms-production.imgix.net\/l-hotel.com\/wp-content\/uploads\/2025\/09\/LH-Breakfast-Menu-September-2025.pdf?fm=pdf\">\n    Fr\u00fchst\u00fcckskarte<\/a>\n\n\n                <\/div>\n            \n                    <\/div>\n\n    <\/div>\n\n    \n            <div data-src=\"https:\/\/hotelcms-production.imgix.net\/l-hotel.com\/wp-content\/uploads\/2024\/12\/IMG_7335.jpg\" data-crop=\"\" class=\"imgix-fluid  crop \/ c-background c-cta__background\"><\/div><noscript><div style=\"background-image: url(https:\/\/hotelcms-production.imgix.net\/l-hotel.com\/wp-content\/uploads\/2024\/12\/IMG_7335.jpg);\" class=\"crop \/ c-background c-cta__background\" ><\/div><\/noscript>    \n            <a href=\"https:\/\/hotelcms-production.imgix.net\/l-hotel.com\/wp-content\/uploads\/2025\/09\/LH-Breakfast-Menu-September-2025.pdf?fm=pdf\" class=\"c-cta__detached-anchor\" href=\"https:\/\/hotelcms-production.imgix.net\/l-hotel.com\/wp-content\/uploads\/2025\/09\/LH-Breakfast-Menu-September-2025.pdf?fm=pdf\"><\/a>\n    \n<\/div>\n\n<\/div><\/div><\/div><\/div><\/div><div id=\"pg-3609-5\"  class=\"panel-grid panel-has-style\" ><div class=\"c-row--valign-middle c-row--widget-default c-row--margin-default c-row--column-large panel-row-style panel-row-style-for-3609-5\" data-row-label=\"#about_bar\" id=\"about_bar\" ><div id=\"pgc-3609-5-0\"  class=\"panel-grid-cell\" ><div id=\"panel-3609-5-0-0\" class=\"so-panel widget widget_cn-core-text-widget panel-first-child panel-last-child\" data-index=\"6\" ><div\n\t\t\t\n\t\t\tclass=\"so-widget-cn-core-text-widget so-widget-cn-core-text-widget-base\"\n\t\t\t\n\t\t>\n<div class=\"c-text c-text--centre\" >\n\n    \n            <h2 class=\"c-text__heading\">\"Alles in Ma\u00dfen, auch das Ma\u00dfhalten\". Oscar Wilde<\/h2>\n    \n    \n    <div class=\"c-text__content s-entry\">\n        <p>Das L'Hotel war das letzte Zuhause von Oscar Wilde, und es schien angemessen, diesem ber\u00fchmten Bewohner zu huldigen, indem wir unsere gem\u00fctliche Cocktailbar nach seinem Namen benannten.<br \/>\nWilde's Lounge im Erdgeschoss f\u00e4ngt den Charme und den diskreten Glamour des linken Ufers ein. Sie ist ein beliebter Treffpunkt f\u00fcr K\u00fcnstler, Filmstars und angesagte Pariser. T\u00e4glich werden hier bis 1 Uhr morgens Drinks serviert.<\/p>\n    <\/div>\n\n<\/div>\n<\/div><\/div><\/div><div id=\"pgc-3609-5-1\"  class=\"panel-grid-cell\" ><div id=\"panel-3609-5-1-0\" class=\"so-panel widget widget_cn-core-image-widget panel-first-child panel-last-child\" data-index=\"7\" ><div\n\t\t\t\n\t\t\tclass=\"so-widget-cn-core-image-widget so-widget-cn-core-image-widget-base\"\n\t\t\t\n\t\t>\n<div class=\"c-image-container  no-variation\">\n    \n    <figure class=\"crop\">\n                    <div data-src=\"https:\/\/hotelcms-production.imgix.net\/l-hotel.com\/wp-content\/uploads\/2018\/09\/DSC_6522insta.jpg\" data-crop=\"manual\" class=\"imgix-fluid  c-image\" data-focus-horizontal=\"58\" data-focus-vertical=\"59\"><\/div><noscript><div style=\"background-image: url(https:\/\/hotelcms-production.imgix.net\/l-hotel.com\/wp-content\/uploads\/2018\/09\/DSC_6522insta.jpg);\" class=\"c-image\" ><\/div><\/noscript>            <\/figure>\n\n    <\/div>\n<\/div><\/div><\/div><\/div><\/div><div id=\"pg-3609-6\"  class=\"panel-grid panel-has-style\" ><div class=\"c-row--valign-default c-row--widget-default c-row--margin-none c-row--column-default siteorigin-panels-stretch panel-row-style panel-row-style-for-3609-6\" data-stretch-type=\"full-width-stretch\" ><div id=\"pgc-3609-6-0\"  class=\"panel-grid-cell\" ><div id=\"panel-3609-6-0-0\" class=\"so-panel widget widget_cn-core-cta-widget panel-first-child panel-last-child\" data-index=\"8\" ><div\n\t\t\t\n\t\t\tclass=\"so-widget-cn-core-cta-widget so-widget-cn-core-cta-widget-base\"\n\t\t\t\n\t\t><div class=\"c-cta c-cta--layout-breaker no-variation has-background\">\n\n    <div class=\"c-cta__content\">\n\n        <div class=\"c-cta__inner\">\n\n                            <a href=\"https:\/\/www.l-hotel.com\/de\/wildes\/kontakt-aufnehmen\/\" class=\"c-cta__anchor\">\n            \n            \n            \n            \n                <div class=\"c-cta__headings\">\n\n                                    <p class=\"c-cta__preheading\">\n                        M\u00f6chten Sie mehr \u00fcber Wilde's erfahren?                    <\/p>\n                \n                                    <h2 class=\"c-cta__heading\">\n                        Sprechen Sie mit dem Team                    <\/h2>\n                \n                \n                <\/div>\n\n            \n            \n                            <\/a>\n            \n            \n            \n                            <div class=\"c-cta__buttons\">\n                    <a  class=\"c-button button \/ c-cta__button  no-variation\" href=\"https:\/\/www.l-hotel.com\/de\/wildes\/kontakt-aufnehmen\/\">\n    Kontakt<\/a>\n\n\n                <\/div>\n            \n                    <\/div>\n\n    <\/div>\n\n    \n            <div data-src=\"https:\/\/hotelcms-production.imgix.net\/l-hotel.com\/wp-content\/uploads\/2018\/09\/DSC_4485.jpg\" data-crop=\"centre\" class=\"imgix-fluid  crop \/ c-background c-cta__background\"><\/div><noscript><div style=\"background-image: url(https:\/\/hotelcms-production.imgix.net\/l-hotel.com\/wp-content\/uploads\/2018\/09\/DSC_4485.jpg);\" class=\"crop \/ c-background c-cta__background\" ><\/div><\/noscript>    \n            <a href=\"https:\/\/www.l-hotel.com\/de\/wildes\/kontakt-aufnehmen\/\" class=\"c-cta__detached-anchor\" href=\"https:\/\/www.l-hotel.com\/de\/wildes\/kontakt-aufnehmen\/\"><\/a>\n    \n<\/div>\n\n<\/div><\/div><\/div><\/div><\/div><\/div>","protected":false},"excerpt":{"rendered":"<p>\u00dcber Wilde&#8217;s Cocktails Events Wilde&#8217;s Cocktails, Aperitifs und Events Stimmungsvoll, opulent und inspiriert vom Design der Empirezeit Getr\u00e4nke &amp; Cocktails Begeben Sie sich auf eine Reise durch die Geschichte der Cocktails mit einer sorgf\u00e4ltig zusammengestellten Auswahl klassischer Cocktails, die die reiche Geschichte und die Urspr\u00fcnge dieser ikonischen Getr\u00e4nke feiern. Jedes Rezept wurde mit Liebe zum &hellip;<\/p>\n","protected":false},"author":1,"featured_media":3611,"parent":0,"menu_order":13,"comment_status":"closed","ping_status":"closed","template":"","meta":{"_acf_changed":false,"footnotes":""},"class_list":["post--3609","post--page","post--type-page","post--status-publish","post--has-post-thumbnail","post--hentry"],"acf":[],"_links":{"self":[{"href":"https:\/\/www.l-hotel.com\/de\/wp-json\/wp\/v2\/pages\/3609","targetHints":{"allow":["GET"]}}],"collection":[{"href":"https:\/\/www.l-hotel.com\/de\/wp-json\/wp\/v2\/pages"}],"about":[{"href":"https:\/\/www.l-hotel.com\/de\/wp-json\/wp\/v2\/types\/page"}],"author":[{"embeddable":true,"href":"https:\/\/www.l-hotel.com\/de\/wp-json\/wp\/v2\/users\/1"}],"replies":[{"embeddable":true,"href":"https:\/\/www.l-hotel.com\/de\/wp-json\/wp\/v2\/comments?post=3609"}],"version-history":[{"count":10,"href":"https:\/\/www.l-hotel.com\/de\/wp-json\/wp\/v2\/pages\/3609\/revisions"}],"predecessor-version":[{"id":5023,"href":"https:\/\/www.l-hotel.com\/de\/wp-json\/wp\/v2\/pages\/3609\/revisions\/5023"}],"wp:featuredmedia":[{"embeddable":true,"href":"https:\/\/www.l-hotel.com\/de\/wp-json\/wp\/v2\/media\/3611"}],"wp:attachment":[{"href":"https:\/\/www.l-hotel.com\/de\/wp-json\/wp\/v2\/media?parent=3609"}],"curies":[{"name":"wp","href":"https:\/\/api.w.org\/{rel}","templated":true}]}}