{"id":3606,"date":"2018-08-08T15:47:06","date_gmt":"2018-08-08T14:47:06","guid":{"rendered":"https:\/\/www.l-hotel.com\/are-you-curious\/get-curious-member\/"},"modified":"2024-08-07T12:45:37","modified_gmt":"2024-08-07T11:45:37","slug":"get-curious-mitglied","status":"publish","type":"page","link":"https:\/\/www.l-hotel.com\/de\/sind-sie-neugierig\/get-curious-mitglied\/","title":{"rendered":"Get Curious Member (DE)"},"content":{"rendered":"<div id=\"pl-3606\"  class=\"panel-layout\" ><div id=\"pg-3606-0\"  class=\"panel-grid panel-has-style\" ><div class=\"c-row--valign-default c-row--widget-default c-row--margin-none c-row--column-none c-row--style-secondary siteorigin-panels-stretch panel-row-style panel-row-style-for-3606-0\" data-stretch-type=\"full-width-stretch\" ><div id=\"pgc-3606-0-0\"  class=\"panel-grid-cell\" ><div id=\"panel-3606-0-0-0\" class=\"so-panel widget widget_cn-core-static-menu-widget panel-first-child panel-last-child\" data-index=\"0\" ><div\n\t\t\t\n\t\t\tclass=\"so-widget-cn-core-static-menu-widget so-widget-cn-core-static-menu-widget-base\"\n\t\t\t\n\t\t>\n<nav class=\"c-ancestors \">\n  <h4 class=\"c-ancestors__heading\"><\/h4>\n\n  <ul class=\"menu\">\n\n                <li class=\"c-ancestors__page \/ menu__item \">\n        <a  class=\"c-button  no-variation\" href=\"https:\/\/www.l-hotel.com\/de\/sind-sie-neugierig\/\">\n    Sind Sie neugierig?<\/a>\n\n\n\n              <\/li>\n                <li class=\"c-ancestors__page \/ menu__item \">\n        <a  class=\"c-button  no-variation\" href=\"https:\/\/www.l-hotel.com\/de\/sind-sie-neugierig\/unsere-geschichte\/\">\n    Unsere Geschichte<\/a>\n\n\n\n              <\/li>\n                <li class=\"c-ancestors__page \/ menu__item \">\n        <a  class=\"c-button  no-variation\" href=\"https:\/\/www.l-hotel.com\/de\/sind-sie-neugierig\/gestaltung\/\">\n    Gestaltung<\/a>\n\n\n\n              <\/li>\n                <li class=\"c-ancestors__page \/ menu__item \">\n        <a  class=\"c-button  no-variation\" href=\"https:\/\/www.l-hotel.com\/de\/sind-sie-neugierig\/hammam-privatschwimmbad\/\">\n    Hammam Pool<\/a>\n\n\n\n              <\/li>\n      <\/ul>\n\n<\/nav>\n<\/div><\/div><\/div><\/div><\/div><div id=\"pg-3606-1\"  class=\"panel-grid panel-has-style\" ><div class=\"c-row--valign-default c-row--widget-none c-row--margin-small c-row--column-none siteorigin-panels-stretch panel-row-style panel-row-style-for-3606-1\" data-stretch-type=\"full-width-stretch\" ><div id=\"pgc-3606-1-0\"  class=\"panel-grid-cell\" ><div id=\"panel-3606-1-0-0\" class=\"so-panel widget widget_cn-core-hero-widget panel-first-child panel-last-child\" data-index=\"1\" ><div\n\t\t\t\n\t\t\tclass=\"so-widget-cn-core-hero-widget so-widget-cn-core-hero-widget-base\"\n\t\t\t\n\t\t><section class=\"c-hero c-hero--short\">\n    <div class=\"c-hero__inner\">\n        \n        <div class=\"c-hero__content\">\n\n                            <h1 class=\"c-hero__heading\">\n                    A Curious Group of Hotels Treue-Mitgliedschaft                <\/h1>\n            \n                            <p class=\"c-hero__subheading\">\n                    Get Curious                <\/p>\n                    <\/div>\n\n        \n    <\/div>\n\n\n\n    \n    \n    <div data-src=\"https:\/\/hotelcms-production.imgix.net\/l-hotel.com\/wp-content\/uploads\/2018\/09\/DSC_4497.jpg\" data-crop=\"centre\" class=\"imgix-fluid  crop \/ c-hero__background\"><\/div><noscript><div style=\"background-image: url(https:\/\/hotelcms-production.imgix.net\/l-hotel.com\/wp-content\/uploads\/2018\/09\/DSC_4497.jpg);\" class=\"crop \/ c-hero__background\" ><\/div><\/noscript>\n    \n    <\/section>\n<\/div><\/div><\/div><\/div><\/div><div id=\"pg-3606-2\"  class=\"panel-grid panel-no-style\" ><div id=\"pgc-3606-2-0\"  class=\"panel-grid-cell\" ><div id=\"panel-3606-2-0-0\" class=\"so-panel widget widget_cn-core-cta-widget panel-first-child panel-last-child\" data-index=\"2\" ><div\n\t\t\t\n\t\t\tclass=\"so-widget-cn-core-cta-widget so-widget-cn-core-cta-widget-base\"\n\t\t\t\n\t\t><div class=\"c-cta c-cta--lead no-variation\">\n\n    <div class=\"c-cta__content\">\n\n        <div class=\"c-cta__inner\">\n\n                            <a href=\"https:\/\/mailchi.mp\/curioushotels.com\/getcurious\" class=\"c-cta__anchor\" target=\"_blank\" rel=\"noopener\">\n            \n            \n            \n            \n            \n                            <\/a>\n            \n                            <div class=\"c-cta__text \/ s-entry\">\n                    <p>Get Curious\" stellt in regelm\u00e4\u00dfigen Newslettern und Blogs Veranstaltungen und Ereignisse rund um unsere Hotels vor. Der Clou: Mit einer \"Get Curious\"-Mitgliedschaft erhalten Sie exklusiven Zugang zu Angeboten und Verg\u00fcnstigungen wie 12 % Rabatt und kostenlose Zimmer-Upgrades in unseren Hotels.<\/p>\n<p>Unsere Hotels befinden sich in den kulturellen Hotspots von Paris, Amsterdam, London und Brighton und sind reich an Erbe, Geschichte und Kultur. Jedes unserer Hotels ist einzigartig, mit tadellosem Design und freundlichem, zuvorkommendem Service.<\/p>\n<p>Scrollen Sie nach unten, um einen Blick auf unsere Schwesterhotels in Amsterdam, London und Brighton zu werfen<\/p>\n                <\/div>\n            \n            \n                            <div class=\"c-cta__buttons\">\n                    <a class=\"c-button button \/ c-cta__button  c-button--conversion\" target=\"_blank\" href=\"https:\/\/mailchi.mp\/curioushotels.com\/getcurious\" rel=\"noopener\">\n    Anmeldung zur Mitgliedschaft<\/a>\n\n\n                <\/div>\n            \n                    <\/div>\n\n    <\/div>\n\n    \n    \n            <a href=\"https:\/\/mailchi.mp\/curioushotels.com\/getcurious\" class=\"c-cta__detached-anchor\" target=\"_blank\" rel=\"noopener\"><\/a>\n    \n<\/div>\n\n<\/div><\/div><\/div><\/div><div id=\"pg-3606-3\"  class=\"panel-grid panel-has-style\" ><div class=\"c-row--valign-default c-row--widget-default c-row--margin-default c-row--column-default panel-row-style panel-row-style-for-3606-3\" ><div id=\"pgc-3606-3-0\"  class=\"panel-grid-cell\" ><div id=\"panel-3606-3-0-0\" class=\"so-panel widget widget_cn-core-cta-widget panel-first-child panel-last-child\" data-index=\"3\" ><div\n\t\t\t\n\t\t\tclass=\"so-widget-cn-core-cta-widget so-widget-cn-core-cta-widget-base\"\n\t\t\t\n\t\t><div class=\"c-cta c-cta--layout-image-right no-variation has-background\">\n\n    <div class=\"c-cta__content\">\n\n        <div class=\"c-cta__inner\">\n\n                            <a href=\"http:\/\/www.canalhouse.nl\/\" class=\"c-cta__anchor\" target=\"_blank\" rel=\"noopener\">\n            \n            \n            \n            \n                <div class=\"c-cta__headings\">\n\n                \n                                    <h2 class=\"c-cta__heading\">\n                        Canal House, Amsterdam                    <\/h2>\n                \n                \n                <\/div>\n\n            \n            \n                            <\/a>\n            \n                            <div class=\"c-cta__text \/ s-entry\">\n                    <p>Das Canal House liegt im Herzen des Jordaan, dem kulturellen Zentrum Amsterdams, und ist ein Boutique-Hotel mit 23 Zimmern, das an der Keizergracht liegt und aus den H\u00e4usern der Kaufleute des 17.<br \/>\nJahrhundert. Das Design ist glamour\u00f6s, modern und komfortabel, erinnert aber an die reiche Geschichte des Geb\u00e4udes und der Umgebung. Mit einem gro\u00dfen Garten, einem Gartenhaus und einem Sommerhaus f\u00fcr private Zusammenk\u00fcnfte, einer Bar und einem gro\u00dfen Saal gibt es viele M\u00f6glichkeiten zum Trinken, Entspannen und Feiern.<\/p>\n                <\/div>\n            \n            \n                            <div class=\"c-cta__buttons\">\n                    <a class=\"c-button button \/ c-cta__button  no-variation\" target=\"_blank\" href=\"http:\/\/www.canalhouse.nl\/\" rel=\"noopener\">\n    Website<\/a>\n\n\n<a  class=\"c-button  c-cta__button c-cta__button--secondary no-variation\" href=\"mailto:stay@canalhouse.nl\">\n    Kontakt<\/a>\n\n\n                <\/div>\n            \n                    <\/div>\n\n    <\/div>\n\n    \n            <div data-src=\"https:\/\/hotelcms-production.imgix.net\/l-hotel.com\/wp-content\/uploads\/2018\/09\/Exceptional-Room_1.jpg\" data-crop=\"manual\" class=\"imgix-fluid  crop \/ c-background c-cta__background\" data-focus-horizontal=\"55\" data-focus-vertical=\"65\"><\/div><noscript><div style=\"background-image: url(https:\/\/hotelcms-production.imgix.net\/l-hotel.com\/wp-content\/uploads\/2018\/09\/Exceptional-Room_1.jpg);\" class=\"crop \/ c-background c-cta__background\" ><\/div><\/noscript>    \n            <a href=\"http:\/\/www.canalhouse.nl\/\" class=\"c-cta__detached-anchor\" target=\"_blank\" rel=\"noopener\"><\/a>\n    \n<\/div>\n\n<\/div><\/div><\/div><\/div><\/div><div id=\"pg-3606-4\"  class=\"panel-grid panel-has-style\" ><div class=\"c-row--valign-default c-row--widget-default c-row--margin-default c-row--column-default panel-row-style panel-row-style-for-3606-4\" ><div id=\"pgc-3606-4-0\"  class=\"panel-grid-cell\" ><div id=\"panel-3606-4-0-0\" class=\"so-panel widget widget_cn-core-cta-widget panel-first-child panel-last-child\" data-index=\"4\" ><div\n\t\t\t\n\t\t\tclass=\"so-widget-cn-core-cta-widget so-widget-cn-core-cta-widget-base\"\n\t\t\t\n\t\t><div class=\"c-cta c-cta--layout-image-left no-variation has-background\">\n\n    <div class=\"c-cta__content\">\n\n        <div class=\"c-cta__inner\">\n\n                            <a href=\"http:\/\/www.portobellohotel.com\/\" class=\"c-cta__anchor\" target=\"_blank\" rel=\"noopener\">\n            \n            \n            \n            \n                <div class=\"c-cta__headings\">\n\n                \n                                    <h2 class=\"c-cta__heading\">\n                        The Portobello Hotel, London                    <\/h2>\n                \n                \n                <\/div>\n\n            \n            \n                            <\/a>\n            \n                            <div class=\"c-cta__text \/ s-entry\">\n                    <p>Das Portobello Hotel liegt in einer ruhigen Stra\u00dfe im Zentrum von Notting Hill im Westen Londons, das f\u00fcr seinen eklektischen Geist und exzentrischen Charme bekannt ist. Es ist eine stilvolle Kombination aus zwei umgebauten neoklassizistischen Herrenh\u00e4usern mit 21 Zimmern.<\/p>\n<p>Das 1971 gegr\u00fcndete Hotel ist eines der bekanntesten Boutique-Hotels Londons und gilt seither als DAS Hotel f\u00fcr alle, die in der Welt der Musik, des Showbusiness und der Mode Rang und Namen haben. Im Laufe der Jahre hat es viele ber\u00fchmte Gesichter beherbergt.<\/p>\n                <\/div>\n            \n            \n                            <div class=\"c-cta__buttons\">\n                    <a class=\"c-button button \/ c-cta__button  no-variation\" target=\"_blank\" href=\"http:\/\/www.portobellohotel.com\/\" rel=\"noopener\">\n    Website<\/a>\n\n\n<a  class=\"c-button  c-cta__button c-cta__button--secondary no-variation\" href=\"mailto:stay@portobellohotel.com\">\n    Kontakt<\/a>\n\n\n                <\/div>\n            \n                    <\/div>\n\n    <\/div>\n\n    \n            <div data-src=\"https:\/\/hotelcms-production.imgix.net\/l-hotel.com\/wp-content\/uploads\/2024\/02\/Header-edit.png\" data-crop=\"\" class=\"imgix-fluid  crop \/ c-background c-cta__background\"><\/div><noscript><div style=\"background-image: url(https:\/\/hotelcms-production.imgix.net\/l-hotel.com\/wp-content\/uploads\/2024\/02\/Header-edit.png);\" class=\"crop \/ c-background c-cta__background\" ><\/div><\/noscript>    \n            <a href=\"http:\/\/www.portobellohotel.com\/\" class=\"c-cta__detached-anchor\" target=\"_blank\" rel=\"noopener\"><\/a>\n    \n<\/div>\n\n<\/div><\/div><\/div><\/div><\/div><div id=\"pg-3606-5\"  class=\"panel-grid panel-has-style\" ><div class=\"c-row--valign-default c-row--widget-default c-row--margin-default c-row--column-default panel-row-style panel-row-style-for-3606-5\" ><div id=\"pgc-3606-5-0\"  class=\"panel-grid-cell\" ><div id=\"panel-3606-5-0-0\" class=\"so-panel widget widget_cn-core-cta-widget panel-first-child panel-last-child\" data-index=\"5\" ><div\n\t\t\t\n\t\t\tclass=\"so-widget-cn-core-cta-widget so-widget-cn-core-cta-widget-base\"\n\t\t\t\n\t\t><div class=\"c-cta c-cta--layout-image-right no-variation has-background\">\n\n    <div class=\"c-cta__content\">\n\n        <div class=\"c-cta__inner\">\n\n                            <a href=\"http:\/\/www.drakeshotel.com\" class=\"c-cta__anchor\" target=\"_blank\" rel=\"noopener\">\n            \n            \n            \n            \n                <div class=\"c-cta__headings\">\n\n                \n                                    <h2 class=\"c-cta__heading\">\n                        Drakes Hotel, Brighton                    <\/h2>\n                \n                \n                <\/div>\n\n            \n            \n                            <\/a>\n            \n                            <div class=\"c-cta__text \/ s-entry\">\n                    <p>Das Drakes liegt an der Strandpromenade im Herzen von Brighton und ist der Inbegriff eines britischen Hotels am Meer. Mit seinem spektakul\u00e4ren Blick auf den \u00c4rmelkanal, seiner erstklassigen Lage am Strand und im Herzen von Kemptown kann man sich kaum eine sch\u00f6nere Umgebung an der britischen S\u00fcdk\u00fcste vorstellen. Das Drakes, das in zwei spektakul\u00e4ren Herrenh\u00e4usern aus dem 19. Jahrhundert untergebracht ist und eine Cocktailbar und ein Restaurant beherbergt, wurde im Juni 2023 als j\u00fcngstes Mitglied der Curious-Familie aufgenommen - und ist das perfekte Geschwisterchen f\u00fcr die anderen Hotels der Gruppe.<\/p>\n                <\/div>\n            \n            \n                            <div class=\"c-cta__buttons\">\n                    <a class=\"c-button button \/ c-cta__button  no-variation\" target=\"_blank\" href=\"http:\/\/www.drakeshotel.com\" rel=\"noopener\">\n    Website<\/a>\n\n\n<a  class=\"c-button  c-cta__button c-cta__button--secondary no-variation\" href=\"mailto:stay@drakeshotel.com\">\n    Kontakt<\/a>\n\n\n                <\/div>\n            \n                    <\/div>\n\n    <\/div>\n\n    \n            <div data-src=\"https:\/\/hotelcms-production.imgix.net\/l-hotel.com\/wp-content\/uploads\/2024\/02\/IMG_1764.jpg\" data-crop=\"\" class=\"imgix-fluid  crop \/ c-background c-cta__background\"><\/div><noscript><div style=\"background-image: url(https:\/\/hotelcms-production.imgix.net\/l-hotel.com\/wp-content\/uploads\/2024\/02\/IMG_1764.jpg);\" class=\"crop \/ c-background c-cta__background\" ><\/div><\/noscript>    \n            <a href=\"http:\/\/www.drakeshotel.com\" class=\"c-cta__detached-anchor\" target=\"_blank\" rel=\"noopener\"><\/a>\n    \n<\/div>\n\n<\/div><\/div><\/div><\/div><\/div><div id=\"pg-3606-6\"  class=\"panel-grid panel-has-style\" ><div class=\"c-row--valign-default c-row--widget-default c-row--margin-none c-row--column-default siteorigin-panels-stretch panel-row-style panel-row-style-for-3606-6\" data-stretch-type=\"full-width-stretch\" ><div id=\"pgc-3606-6-0\"  class=\"panel-grid-cell\" ><div id=\"panel-3606-6-0-0\" class=\"so-panel widget widget_cn-core-cta-widget panel-first-child panel-last-child\" data-index=\"6\" ><div\n\t\t\t\n\t\t\tclass=\"so-widget-cn-core-cta-widget so-widget-cn-core-cta-widget-base\"\n\t\t\t\n\t\t><div class=\"c-cta c-cta--layout-breaker no-variation has-background\">\n\n    <div class=\"c-cta__content\">\n\n        <div class=\"c-cta__inner\">\n\n                            <a href=\"https:\/\/mailchi.mp\/curioushotels.com\/getcurious\" class=\"c-cta__anchor\" target=\"_blank\" rel=\"noopener\">\n            \n            \n            \n            \n                <div class=\"c-cta__headings\">\n\n                                    <p class=\"c-cta__preheading\">\n                        Erhalten Sie Zugang zu exklusiven Verg\u00fcnstigungen und Angeboten                    <\/p>\n                \n                                    <h2 class=\"c-cta__heading\">\n                        F\u00fcr die Mitgliedschaft registrieren                    <\/h2>\n                \n                \n                <\/div>\n\n            \n            \n                            <\/a>\n            \n            \n            \n                            <div class=\"c-cta__buttons\">\n                    <a class=\"c-button button \/ c-cta__button  no-variation\" target=\"_blank\" href=\"https:\/\/mailchi.mp\/curioushotels.com\/getcurious\" rel=\"noopener\">\n    Weitere Informationen<\/a>\n\n\n                <\/div>\n            \n                    <\/div>\n\n    <\/div>\n\n    \n            <div data-src=\"https:\/\/hotelcms-production.imgix.net\/l-hotel.com\/wp-content\/uploads\/2018\/09\/4-1.jpg\" data-crop=\"\" class=\"imgix-fluid  crop \/ c-background c-cta__background\"><\/div><noscript><div style=\"background-image: url(https:\/\/hotelcms-production.imgix.net\/l-hotel.com\/wp-content\/uploads\/2018\/09\/4-1.jpg);\" class=\"crop \/ c-background c-cta__background\" ><\/div><\/noscript>    \n            <a href=\"https:\/\/mailchi.mp\/curioushotels.com\/getcurious\" class=\"c-cta__detached-anchor\" target=\"_blank\" rel=\"noopener\"><\/a>\n    \n<\/div>\n\n<\/div><\/div><\/div><\/div><\/div><\/div>","protected":false},"excerpt":{"rendered":"<p>Sind Sie neugierig? Unsere Geschichte Gestaltung Hammam Pool A Curious Group of Hotels Treue-Mitgliedschaft Get Curious Get Curious&#8221; stellt in regelm\u00e4\u00dfigen Newslettern und Blogs Veranstaltungen und Ereignisse rund um unsere Hotels vor. Der Clou: Mit einer &#8220;Get Curious&#8221;-Mitgliedschaft erhalten Sie exklusiven Zugang zu Angeboten und Verg\u00fcnstigungen wie 12 % Rabatt und kostenlose Zimmer-Upgrades in unseren &hellip;<\/p>\n","protected":false},"author":1,"featured_media":3608,"parent":3596,"menu_order":3,"comment_status":"closed","ping_status":"closed","template":"","meta":{"_acf_changed":false,"footnotes":""},"class_list":["post--3606","post--page","post--type-page","post--status-publish","post--has-post-thumbnail","post--hentry"],"acf":[],"_links":{"self":[{"href":"https:\/\/www.l-hotel.com\/de\/wp-json\/wp\/v2\/pages\/3606","targetHints":{"allow":["GET"]}}],"collection":[{"href":"https:\/\/www.l-hotel.com\/de\/wp-json\/wp\/v2\/pages"}],"about":[{"href":"https:\/\/www.l-hotel.com\/de\/wp-json\/wp\/v2\/types\/page"}],"author":[{"embeddable":true,"href":"https:\/\/www.l-hotel.com\/de\/wp-json\/wp\/v2\/users\/1"}],"replies":[{"embeddable":true,"href":"https:\/\/www.l-hotel.com\/de\/wp-json\/wp\/v2\/comments?post=3606"}],"version-history":[{"count":4,"href":"https:\/\/www.l-hotel.com\/de\/wp-json\/wp\/v2\/pages\/3606\/revisions"}],"predecessor-version":[{"id":4817,"href":"https:\/\/www.l-hotel.com\/de\/wp-json\/wp\/v2\/pages\/3606\/revisions\/4817"}],"up":[{"embeddable":true,"href":"https:\/\/www.l-hotel.com\/de\/wp-json\/wp\/v2\/pages\/3596"}],"wp:featuredmedia":[{"embeddable":true,"href":"https:\/\/www.l-hotel.com\/de\/wp-json\/wp\/v2\/media\/3608"}],"wp:attachment":[{"href":"https:\/\/www.l-hotel.com\/de\/wp-json\/wp\/v2\/media?parent=3606"}],"curies":[{"name":"wp","href":"https:\/\/api.w.org\/{rel}","templated":true}]}}