{"id":3600,"date":"2018-08-08T15:47:06","date_gmt":"2018-08-08T14:47:06","guid":{"rendered":"https:\/\/www.l-hotel.com\/are-you-curious\/design\/"},"modified":"2024-08-07T12:40:06","modified_gmt":"2024-08-07T11:40:06","slug":"gestaltung","status":"publish","type":"page","link":"https:\/\/www.l-hotel.com\/de\/sind-sie-neugierig\/gestaltung\/","title":{"rendered":"Design (DE)"},"content":{"rendered":"<div id=\"pl-3600\"  class=\"panel-layout\" ><div id=\"pg-3600-0\"  class=\"panel-grid panel-has-style\" ><div class=\"c-row--valign-default c-row--widget-default c-row--margin-none c-row--column-none c-row--style-secondary siteorigin-panels-stretch panel-row-style panel-row-style-for-3600-0\" data-stretch-type=\"full-width-stretch\" ><div id=\"pgc-3600-0-0\"  class=\"panel-grid-cell\" ><div id=\"panel-3600-0-0-0\" class=\"so-panel widget widget_cn-core-static-menu-widget panel-first-child panel-last-child\" data-index=\"0\" ><div\n\t\t\t\n\t\t\tclass=\"so-widget-cn-core-static-menu-widget so-widget-cn-core-static-menu-widget-base\"\n\t\t\t\n\t\t>\n<nav class=\"c-ancestors \">\n  <h4 class=\"c-ancestors__heading\"><\/h4>\n\n  <ul class=\"menu\">\n\n                <li class=\"c-ancestors__page \/ menu__item \">\n        <a  class=\"c-button  no-variation\" href=\"https:\/\/www.l-hotel.com\/de\/sind-sie-neugierig\/\">\n    Sind Sie neugierig?<\/a>\n\n\n\n              <\/li>\n                <li class=\"c-ancestors__page \/ menu__item \">\n        <a  class=\"c-button  no-variation\" href=\"https:\/\/www.l-hotel.com\/de\/sind-sie-neugierig\/unsere-geschichte\/\">\n    Unsere Geschichte<\/a>\n\n\n\n              <\/li>\n                <li class=\"c-ancestors__page \/ menu__item \">\n        <a  class=\"c-button  no-variation\" href=\"https:\/\/www.l-hotel.com\/de\/sind-sie-neugierig\/hammam-privatschwimmbad\/\">\n    Hammam Pool<\/a>\n\n\n\n              <\/li>\n                <li class=\"c-ancestors__page \/ menu__item \">\n        <a  class=\"c-button  no-variation\" href=\"https:\/\/www.l-hotel.com\/de\/sind-sie-neugierig\/get-curious-mitglied\/\">\n    Get Curious Mitglieder<\/a>\n\n\n\n              <\/li>\n      <\/ul>\n\n<\/nav>\n<\/div><\/div><\/div><\/div><\/div><div id=\"pg-3600-1\"  class=\"panel-grid panel-has-style\" ><div class=\"c-row--valign-default c-row--widget-none c-row--margin-small c-row--column-none siteorigin-panels-stretch panel-row-style panel-row-style-for-3600-1\" data-stretch-type=\"full-width-stretch\" ><div id=\"pgc-3600-1-0\"  class=\"panel-grid-cell\" ><div id=\"panel-3600-1-0-0\" class=\"so-panel widget widget_cn-core-hero-widget panel-first-child panel-last-child\" data-index=\"1\" ><div\n\t\t\t\n\t\t\tclass=\"so-widget-cn-core-hero-widget so-widget-cn-core-hero-widget-base\"\n\t\t\t\n\t\t><section class=\"c-hero c-hero--short\">\n    <div class=\"c-hero__inner\">\n        \n        <div class=\"c-hero__content\">\n\n                            <h1 class=\"c-hero__heading\">\n                    Innenarchitektur von Jacques Garcia                <\/h1>\n            \n                            <p class=\"c-hero__subheading\">\n                    Gestaltung                <\/p>\n                    <\/div>\n\n        \n    <\/div>\n\n\n\n    \n    \n    \n            <ol\n    class=\"c-hero__backgrounds\"\n    data-element-cycle-interval=\"4000\"\n>\n    <li>\n        <div data-src=\"https:\/\/hotelcms-production.imgix.net\/l-hotel.com\/wp-content\/uploads\/2018\/09\/2018_Curious_Lhotel_Options-3760M4A0649stack.jpg\" data-crop=\"centre\" class=\"imgix-fluid  crop  c-hero__background\"><\/div><noscript><div style=\"background-image: url(https:\/\/hotelcms-production.imgix.net\/l-hotel.com\/wp-content\/uploads\/2018\/09\/2018_Curious_Lhotel_Options-3760M4A0649stack.jpg);\" class=\"crop  c-hero__background\" ><\/div><\/noscript>    <\/li>\n\n            <li>\n            <div data-src=\"https:\/\/hotelcms-production.imgix.net\/l-hotel.com\/wp-content\/uploads\/2018\/09\/2018_Curious_Lhotel_Options-268_SP_0539.jpg\" data-crop=\"centre\" class=\"imgix-fluid  crop  c-hero__background\"><\/div><noscript><div style=\"background-image: url(https:\/\/hotelcms-production.imgix.net\/l-hotel.com\/wp-content\/uploads\/2018\/09\/2018_Curious_Lhotel_Options-268_SP_0539.jpg);\" class=\"crop  c-hero__background\" ><\/div><\/noscript>        <\/li>\n            <li>\n            <div data-src=\"https:\/\/hotelcms-production.imgix.net\/l-hotel.com\/wp-content\/uploads\/2018\/09\/2018_Curious_Lhotel_Options-424_SP_0785.jpg\" data-crop=\"centre\" class=\"imgix-fluid  crop  c-hero__background\"><\/div><noscript><div style=\"background-image: url(https:\/\/hotelcms-production.imgix.net\/l-hotel.com\/wp-content\/uploads\/2018\/09\/2018_Curious_Lhotel_Options-424_SP_0785.jpg);\" class=\"crop  c-hero__background\" ><\/div><\/noscript>        <\/li>\n            <li>\n            <div data-src=\"https:\/\/hotelcms-production.imgix.net\/l-hotel.com\/wp-content\/uploads\/2018\/09\/2018_Curious_Lhotel_Options-736_SP_1171.jpg\" data-crop=\"centre\" class=\"imgix-fluid  crop  c-hero__background\"><\/div><noscript><div style=\"background-image: url(https:\/\/hotelcms-production.imgix.net\/l-hotel.com\/wp-content\/uploads\/2018\/09\/2018_Curious_Lhotel_Options-736_SP_1171.jpg);\" class=\"crop  c-hero__background\" ><\/div><\/noscript>        <\/li>\n    <\/ol>    \n    <\/section>\n<\/div><\/div><\/div><\/div><\/div><div id=\"pg-3600-2\"  class=\"panel-grid panel-no-style\" ><div id=\"pgc-3600-2-0\"  class=\"panel-grid-cell\" ><div id=\"panel-3600-2-0-0\" class=\"so-panel widget widget_cn-core-cta-widget panel-first-child panel-last-child\" data-index=\"2\" ><div\n\t\t\t\n\t\t\tclass=\"so-widget-cn-core-cta-widget so-widget-cn-core-cta-widget-base\"\n\t\t\t\n\t\t><div class=\"c-cta c-cta--lead no-variation\">\n\n    <div class=\"c-cta__content\">\n\n        <div class=\"c-cta__inner\">\n\n            \n            \n            \n            \n            \n            \n                            <div class=\"c-cta__text \/ s-entry\">\n                    <p>Die Inneneinrichtung des L'Hotel ist mit keinem anderen Luxushotel vergleichbar. Von reichen Seidenvorh\u00e4ngen bis hin zu strukturierten Tapeten - das ber\u00fchmte Auge des Innenarchitekten Jacques Garcia f\u00fcr Details und extravagante Texturen bedeckt jeden Zentimeter dieses wundersch\u00f6nen Geb\u00e4udes. Die Eigent\u00fcmerin Jessica Frankopan erl\u00e4utert uns die fabelhafte Inneneinrichtung unseres wundersch\u00f6nen Boutique-Hotels.<\/p>\n                <\/div>\n            \n            \n            \n                    <\/div>\n\n    <\/div>\n\n    \n    \n    \n<\/div>\n\n<\/div><\/div><\/div><\/div><div id=\"pg-3600-3\"  class=\"panel-grid panel-has-style\" ><div class=\"c-row--valign-default c-row--widget-default c-row--margin-default c-row--column-default panel-row-style panel-row-style-for-3600-3\" ><div id=\"pgc-3600-3-0\"  class=\"panel-grid-cell\" ><div id=\"panel-3600-3-0-0\" class=\"so-panel widget widget_cn-core-cta-widget panel-first-child panel-last-child\" data-index=\"3\" ><div\n\t\t\t\n\t\t\tclass=\"so-widget-cn-core-cta-widget so-widget-cn-core-cta-widget-base\"\n\t\t\t\n\t\t><div class=\"c-cta c-cta--layout-image-right no-variation has-background\">\n\n    <div class=\"c-cta__content\">\n\n        <div class=\"c-cta__inner\">\n\n            \n            \n            \n            \n                <div class=\"c-cta__headings\">\n\n                \n                                    <h2 class=\"c-cta__heading\">\n                        Eine Stadt, die wir Heimat nennen                    <\/h2>\n                \n                \n                <\/div>\n\n            \n            \n            \n                            <div class=\"c-cta__text \/ s-entry\">\n                    <p>Wir haben uns vor mehr als zwei Jahrzehnten in das L'Hotel verliebt. Abgesehen von der Tatsache, dass es eines der ber\u00fchmtesten Hotels in Paris ist, ist es auch in jeder Hinsicht perfekt. Das L'Hotel befindet sich im Herzen des linken Ufers und liegt in einem Teil der Stadt, den wir schon immer unser Zuhause genannt haben. Jede Stra\u00dfe, jede Ecke um uns herum hat eine Geschichte zu erz\u00e4hlen. Das L'Hotel atmet nicht nur Geschichte, es atmet Poesie und Liebe, Spannung und Leidenschaft. Als wir es vor f\u00fcnfzehn Jahren \u00fcbernahmen, wussten wir, dass wir mehr taten, als nur ein Hotel zu \u00fcbernehmen. Wir wurden zu H\u00fctern einer Institution.<\/p>\n<p>Im L'Hotel hat Oscar Wilde seine letzten Jahre verbracht; hier hat Frank Sinatra eine Romanze mit Ava Gardner gehabt, hier haben Richard Burton und Elizabeth Taylor \u00fcbernachtet, als sie die Stadt der Liebe besuchten. Hier wohnen mein Mann und ich, wenn wir in Paris sind.<\/p>\n                <\/div>\n            \n            \n            \n                    <\/div>\n\n    <\/div>\n\n    \n            <div data-src=\"https:\/\/hotelcms-production.imgix.net\/l-hotel.com\/wp-content\/uploads\/2018\/09\/LHotel-\u00a9-Amy-Murrell-2010-12.jpg\" data-crop=\"centre\" class=\"imgix-fluid  crop \/ c-background c-cta__background\"><\/div><noscript><div style=\"background-image: url(https:\/\/hotelcms-production.imgix.net\/l-hotel.com\/wp-content\/uploads\/2018\/09\/LHotel-\u00a9-Amy-Murrell-2010-12.jpg);\" class=\"crop \/ c-background c-cta__background\" ><\/div><\/noscript>    \n    \n<\/div>\n\n<\/div><\/div><\/div><\/div><\/div><div id=\"pg-3600-4\"  class=\"panel-grid panel-has-style\" ><div class=\"c-row--valign-default c-row--widget-default c-row--margin-default c-row--column-default panel-row-style panel-row-style-for-3600-4\" ><div id=\"pgc-3600-4-0\"  class=\"panel-grid-cell\" ><div id=\"panel-3600-4-0-0\" class=\"so-panel widget widget_cn-core-cta-widget panel-first-child panel-last-child\" data-index=\"4\" ><div\n\t\t\t\n\t\t\tclass=\"so-widget-cn-core-cta-widget so-widget-cn-core-cta-widget-base\"\n\t\t\t\n\t\t><div class=\"c-cta c-cta--layout-image-left no-variation has-background\">\n\n    <div class=\"c-cta__content\">\n\n        <div class=\"c-cta__inner\">\n\n            \n            \n            \n            \n                <div class=\"c-cta__headings\">\n\n                \n                                    <h2 class=\"c-cta__heading\">\n                        So spektakul\u00e4r wie Paris                    <\/h2>\n                \n                \n                <\/div>\n\n            \n            \n            \n                            <div class=\"c-cta__text \/ s-entry\">\n                    <p>Das L'Hotel ist klein, aber perfekt geformt. Die Tatsache, dass wir nur 20 Zimmer haben, bedeutet, dass wir unseren G\u00e4sten einen Service bieten k\u00f6nnen, der nicht nur au\u00dfergew\u00f6hnlich ist (wie es sich f\u00fcr ein 5-Sterne-Hotel geh\u00f6rt), sondern auch pers\u00f6nlich. Ein Besuch in Paris ist eine wahre Freude, und unsere Philosophie ist es, dieses Gef\u00fchl noch zu verst\u00e4rken, indem wir den Aufenthalt im L'Hotel so spektakul\u00e4r gestalten wie die Stadt selbst.<\/p>\n                <\/div>\n            \n            \n            \n                    <\/div>\n\n    <\/div>\n\n    \n            <div data-src=\"https:\/\/hotelcms-production.imgix.net\/l-hotel.com\/wp-content\/uploads\/2018\/09\/2018_Curious_Lhotel_Options-6950M4A1003.jpg\" data-crop=\"centre\" class=\"imgix-fluid  crop \/ c-background c-cta__background\"><\/div><noscript><div style=\"background-image: url(https:\/\/hotelcms-production.imgix.net\/l-hotel.com\/wp-content\/uploads\/2018\/09\/2018_Curious_Lhotel_Options-6950M4A1003.jpg);\" class=\"crop \/ c-background c-cta__background\" ><\/div><\/noscript>    \n    \n<\/div>\n\n<\/div><\/div><\/div><\/div><\/div><div id=\"pg-3600-5\"  class=\"panel-grid panel-has-style\" ><div class=\"c-row--valign-default c-row--widget-default c-row--margin-default c-row--column-default panel-row-style panel-row-style-for-3600-5\" ><div id=\"pgc-3600-5-0\"  class=\"panel-grid-cell\" ><div id=\"panel-3600-5-0-0\" class=\"so-panel widget widget_cn-core-cta-widget panel-first-child panel-last-child\" data-index=\"5\" ><div\n\t\t\t\n\t\t\tclass=\"so-widget-cn-core-cta-widget so-widget-cn-core-cta-widget-base\"\n\t\t\t\n\t\t><div class=\"c-cta c-cta--layout-image-right no-variation has-background\">\n\n    <div class=\"c-cta__content\">\n\n        <div class=\"c-cta__inner\">\n\n            \n            \n            \n            \n                <div class=\"c-cta__headings\">\n\n                \n                                    <h2 class=\"c-cta__heading\">\n                        Jacques Garcia                    <\/h2>\n                \n                \n                <\/div>\n\n            \n            \n            \n                            <div class=\"c-cta__text \/ s-entry\">\n                    <p>Es ist hilfreich, dass die R\u00e4ume von Jacques Garcia, einem der ber\u00fchmtesten Designer Frankreichs, entworfen wurden. Wir haben gerne mit jemandem zusammengearbeitet, dem die Geschichte des Anwesens am Herzen lag - und der R\u00e4ume schaffen wollte, die das ber\u00fchmte Geb\u00e4ude widerspiegeln, in dem sich die Zimmer vor einer au\u00dfergew\u00f6hnlichen Wendeltreppe befinden. Ich bin wirklich stolz darauf, dass das Geb\u00e4ude selbst, die Zimmer und der Service atemberaubend gut sind.<\/p>\n                <\/div>\n            \n            \n            \n                    <\/div>\n\n    <\/div>\n\n    \n            <div data-src=\"https:\/\/hotelcms-production.imgix.net\/l-hotel.com\/wp-content\/uploads\/2018\/09\/LHotel-\u00a9-Amy-Murrell-2010-184.jpg\" data-crop=\"centre\" class=\"imgix-fluid  crop \/ c-background c-cta__background\"><\/div><noscript><div style=\"background-image: url(https:\/\/hotelcms-production.imgix.net\/l-hotel.com\/wp-content\/uploads\/2018\/09\/LHotel-\u00a9-Amy-Murrell-2010-184.jpg);\" class=\"crop \/ c-background c-cta__background\" ><\/div><\/noscript>    \n    \n<\/div>\n\n<\/div><\/div><\/div><\/div><\/div><div id=\"pg-3600-6\"  class=\"panel-grid panel-has-style\" ><div class=\"c-row--valign-default c-row--widget-default c-row--margin-default c-row--column-default panel-row-style panel-row-style-for-3600-6\" ><div id=\"pgc-3600-6-0\"  class=\"panel-grid-cell\" ><div id=\"panel-3600-6-0-0\" class=\"so-panel widget widget_cn-core-cta-widget panel-first-child panel-last-child\" data-index=\"6\" ><div\n\t\t\t\n\t\t\tclass=\"so-widget-cn-core-cta-widget so-widget-cn-core-cta-widget-base\"\n\t\t\t\n\t\t><div class=\"c-cta c-cta--layout-image-left no-variation has-background\">\n\n    <div class=\"c-cta__content\">\n\n        <div class=\"c-cta__inner\">\n\n            \n            \n            \n            \n                <div class=\"c-cta__headings\">\n\n                \n                                    <h2 class=\"c-cta__heading\">\n                        Opulent, fabelhaft und sexy                    <\/h2>\n                \n                \n                <\/div>\n\n            \n            \n            \n                            <div class=\"c-cta__text \/ s-entry\">\n                    <p>Jedes Schlafzimmer ist anders - jedes ist opulent, fabelhaft und sexy, genau wie Paris. Sie kombinieren reiche Stoffe und tiefe, sinnliche Farben, um R\u00e4ume zu schaffen, die jeweils ein eigenes Thema haben, das sich auf die Vergangenheit von Paris und Frankreich bezieht, einschlie\u00dflich Charles X, Reine Hortense und nat\u00fcrlich Oscar Wilde. Jedes Zimmer hat seinen eigenen Charakter und Charme. Das verspiegelte Bett von Mistinguett ist umwerfend, w\u00e4hrend die dunklen Lila- und Seident\u00f6ne von Mata Hari einfach fabelhaft sind.<\/p>\n<p>Der private Swimmingpool in den Kellern ist etwas ganz Besonderes. Es gibt nichts Sch\u00f6neres, als nach einem Arbeitstag oder einer Besichtigungstour zur\u00fcckzukommen und sich im Kerzenschein treiben zu lassen.<\/p>\n                <\/div>\n            \n            \n            \n                    <\/div>\n\n    <\/div>\n\n    \n            <div data-src=\"https:\/\/hotelcms-production.imgix.net\/l-hotel.com\/wp-content\/uploads\/2018\/09\/2018_Curious_Lhotel_Options-55_SP_9250.jpg\" data-crop=\"manual\" class=\"imgix-fluid  crop \/ c-background c-cta__background\" data-focus-horizontal=\"50\" data-focus-vertical=\"70\"><\/div><noscript><div style=\"background-image: url(https:\/\/hotelcms-production.imgix.net\/l-hotel.com\/wp-content\/uploads\/2018\/09\/2018_Curious_Lhotel_Options-55_SP_9250.jpg);\" class=\"crop \/ c-background c-cta__background\" ><\/div><\/noscript>    \n    \n<\/div>\n\n<\/div><\/div><\/div><\/div><\/div><div id=\"pg-3600-7\"  class=\"panel-grid panel-has-style\" ><div class=\"c-row--valign-default c-row--widget-default c-row--margin-default c-row--column-default panel-row-style panel-row-style-for-3600-7\" ><div id=\"pgc-3600-7-0\"  class=\"panel-grid-cell\" ><div id=\"panel-3600-7-0-0\" class=\"so-panel widget widget_cn-core-cta-widget panel-first-child panel-last-child\" data-index=\"7\" ><div\n\t\t\t\n\t\t\tclass=\"so-widget-cn-core-cta-widget so-widget-cn-core-cta-widget-base\"\n\t\t\t\n\t\t><div class=\"c-cta c-cta--layout-image-right no-variation has-background\">\n\n    <div class=\"c-cta__content\">\n\n        <div class=\"c-cta__inner\">\n\n            \n            \n            \n            \n                <div class=\"c-cta__headings\">\n\n                \n                                    <h2 class=\"c-cta__heading\">\n                        Nur in Paris                    <\/h2>\n                \n                \n                <\/div>\n\n            \n            \n            \n                            <div class=\"c-cta__text \/ s-entry\">\n                    <p>Wir wollten den Menschen schon immer das Gef\u00fchl geben, dass sie wieder zu Hause sind, wenn sie durch die T\u00fcren kommen. Hauptst\u00e4dte sind gesch\u00e4ftige, gesch\u00e4ftige Orte voller Ger\u00e4usche, Kl\u00e4nge und Ger\u00fcche, und Paris ist so spektakul\u00e4r und lebendig, wie man es nur sein kann. Wir wollten, dass sich das L'Hotel wie ein Zuhause anf\u00fchlt, aber auch ein Teil der Stadt ist. Ich kann Hotels nicht ausstehen, in denen ich \u00fcberall sein k\u00f6nnte. Das L'Hotel ist das Gegenteil. Man kann nur in Paris sein.<\/p>\n                <\/div>\n            \n            \n            \n                    <\/div>\n\n    <\/div>\n\n    \n            <div data-src=\"https:\/\/hotelcms-production.imgix.net\/l-hotel.com\/wp-content\/uploads\/2018\/09\/2018_Curious_Lhotel_Options-432_SP_0799.jpg\" data-crop=\"centre\" class=\"imgix-fluid  crop \/ c-background c-cta__background\"><\/div><noscript><div style=\"background-image: url(https:\/\/hotelcms-production.imgix.net\/l-hotel.com\/wp-content\/uploads\/2018\/09\/2018_Curious_Lhotel_Options-432_SP_0799.jpg);\" class=\"crop \/ c-background c-cta__background\" ><\/div><\/noscript>    \n    \n<\/div>\n\n<\/div><\/div><\/div><\/div><\/div><div id=\"pg-3600-8\"  class=\"panel-grid panel-has-style\" ><div class=\"c-row--valign-default c-row--widget-default c-row--margin-none c-row--column-default siteorigin-panels-stretch panel-row-style panel-row-style-for-3600-8\" data-stretch-type=\"full-width-stretch\" ><div id=\"pgc-3600-8-0\"  class=\"panel-grid-cell\" ><div id=\"panel-3600-8-0-0\" class=\"so-panel widget widget_cn-core-cta-widget panel-first-child panel-last-child\" data-index=\"8\" ><div\n\t\t\t\n\t\t\tclass=\"so-widget-cn-core-cta-widget so-widget-cn-core-cta-widget-base\"\n\t\t\t\n\t\t><div class=\"c-cta c-cta--layout-breaker no-variation has-background\">\n\n    <div class=\"c-cta__content\">\n\n        <div class=\"c-cta__inner\">\n\n                            <a href=\"https:\/\/www.l-hotel.com\/de\/schlafzimmer\/\" class=\"c-cta__anchor\">\n            \n            \n            \n            \n                <div class=\"c-cta__headings\">\n\n                                    <p class=\"c-cta__preheading\">\n                        Erleben Sie es selbst                    <\/p>\n                \n                                    <h2 class=\"c-cta__heading\">\n                        L'Hotel Zimmer                    <\/h2>\n                \n                \n                <\/div>\n\n            \n            \n                            <\/a>\n            \n            \n            \n                            <div class=\"c-cta__buttons\">\n                    <a  class=\"c-button button \/ c-cta__button  no-variation\" href=\"https:\/\/www.l-hotel.com\/de\/schlafzimmer\/\">\n    Unterkunft ansehen<\/a>\n\n\n                <\/div>\n            \n                    <\/div>\n\n    <\/div>\n\n    \n            <div data-src=\"https:\/\/hotelcms-production.imgix.net\/l-hotel.com\/wp-content\/uploads\/2018\/09\/4-1.jpg\" data-crop=\"\" class=\"imgix-fluid  crop \/ c-background c-cta__background\"><\/div><noscript><div style=\"background-image: url(https:\/\/hotelcms-production.imgix.net\/l-hotel.com\/wp-content\/uploads\/2018\/09\/4-1.jpg);\" class=\"crop \/ c-background c-cta__background\" ><\/div><\/noscript>    \n            <a href=\"https:\/\/www.l-hotel.com\/de\/schlafzimmer\/\" class=\"c-cta__detached-anchor\" href=\"https:\/\/www.l-hotel.com\/de\/schlafzimmer\/\"><\/a>\n    \n<\/div>\n\n<\/div><\/div><\/div><\/div><\/div><\/div>","protected":false},"excerpt":{"rendered":"<p>Sind Sie neugierig? Unsere Geschichte Hammam Pool Get Curious Mitglieder Innenarchitektur von Jacques Garcia Gestaltung Die Inneneinrichtung des L&#8217;Hotel ist mit keinem anderen Luxushotel vergleichbar. Von reichen Seidenvorh\u00e4ngen bis hin zu strukturierten Tapeten &#8211; das ber\u00fchmte Auge des Innenarchitekten Jacques Garcia f\u00fcr Details und extravagante Texturen bedeckt jeden Zentimeter dieses wundersch\u00f6nen Geb\u00e4udes. Die Eigent\u00fcmerin Jessica &hellip;<\/p>\n","protected":false},"author":1,"featured_media":3603,"parent":3596,"menu_order":1,"comment_status":"closed","ping_status":"closed","template":"","meta":{"_acf_changed":false,"footnotes":""},"class_list":["post--3600","post--page","post--type-page","post--status-publish","post--has-post-thumbnail","post--hentry"],"acf":[],"_links":{"self":[{"href":"https:\/\/www.l-hotel.com\/de\/wp-json\/wp\/v2\/pages\/3600","targetHints":{"allow":["GET"]}}],"collection":[{"href":"https:\/\/www.l-hotel.com\/de\/wp-json\/wp\/v2\/pages"}],"about":[{"href":"https:\/\/www.l-hotel.com\/de\/wp-json\/wp\/v2\/types\/page"}],"author":[{"embeddable":true,"href":"https:\/\/www.l-hotel.com\/de\/wp-json\/wp\/v2\/users\/1"}],"replies":[{"embeddable":true,"href":"https:\/\/www.l-hotel.com\/de\/wp-json\/wp\/v2\/comments?post=3600"}],"version-history":[{"count":4,"href":"https:\/\/www.l-hotel.com\/de\/wp-json\/wp\/v2\/pages\/3600\/revisions"}],"predecessor-version":[{"id":4815,"href":"https:\/\/www.l-hotel.com\/de\/wp-json\/wp\/v2\/pages\/3600\/revisions\/4815"}],"up":[{"embeddable":true,"href":"https:\/\/www.l-hotel.com\/de\/wp-json\/wp\/v2\/pages\/3596"}],"wp:featuredmedia":[{"embeddable":true,"href":"https:\/\/www.l-hotel.com\/de\/wp-json\/wp\/v2\/media\/3603"}],"wp:attachment":[{"href":"https:\/\/www.l-hotel.com\/de\/wp-json\/wp\/v2\/media?parent=3600"}],"curies":[{"name":"wp","href":"https:\/\/api.w.org\/{rel}","templated":true}]}}