{"id":3599,"date":"2018-08-08T15:47:06","date_gmt":"2018-08-08T14:47:06","guid":{"rendered":"https:\/\/www.l-hotel.com\/are-you-curious\/our-story\/"},"modified":"2024-08-07T12:37:59","modified_gmt":"2024-08-07T11:37:59","slug":"unsere-geschichte","status":"publish","type":"page","link":"https:\/\/www.l-hotel.com\/de\/sind-sie-neugierig\/unsere-geschichte\/","title":{"rendered":"Our Story (DE)"},"content":{"rendered":"<div id=\"pl-3599\"  class=\"panel-layout\" ><div id=\"pg-3599-0\"  class=\"panel-grid panel-has-style\" ><div class=\"c-row--valign-default c-row--widget-default c-row--margin-none c-row--column-none c-row--style-secondary siteorigin-panels-stretch panel-row-style panel-row-style-for-3599-0\" data-stretch-type=\"full-width-stretch\" ><div id=\"pgc-3599-0-0\"  class=\"panel-grid-cell\" ><div id=\"panel-3599-0-0-0\" class=\"so-panel widget widget_cn-core-static-menu-widget panel-first-child panel-last-child\" data-index=\"0\" ><div\n\t\t\t\n\t\t\tclass=\"so-widget-cn-core-static-menu-widget so-widget-cn-core-static-menu-widget-base\"\n\t\t\t\n\t\t>\n<nav class=\"c-ancestors \">\n  <h4 class=\"c-ancestors__heading\"><\/h4>\n\n  <ul class=\"menu\">\n\n                <li class=\"c-ancestors__page \/ menu__item \">\n        <a  class=\"c-button  no-variation\" href=\"https:\/\/www.l-hotel.com\/de\/sind-sie-neugierig\/\">\n    Sind Sie neugierig?<\/a>\n\n\n\n              <\/li>\n                <li class=\"c-ancestors__page \/ menu__item \">\n        <a  class=\"c-button  no-variation\" href=\"https:\/\/www.l-hotel.com\/de\/sind-sie-neugierig\/gestaltung\/\">\n    Gestaltung<\/a>\n\n\n\n              <\/li>\n                <li class=\"c-ancestors__page \/ menu__item \">\n        <a  class=\"c-button  no-variation\" href=\"https:\/\/www.l-hotel.com\/de\/sind-sie-neugierig\/hammam-privatschwimmbad\/\">\n    Hammam Pool<\/a>\n\n\n\n              <\/li>\n                <li class=\"c-ancestors__page \/ menu__item \">\n        <a  class=\"c-button  no-variation\" href=\"https:\/\/www.l-hotel.com\/de\/sind-sie-neugierig\/get-curious-mitglied\/\">\n    Get Curious Mitglieder<\/a>\n\n\n\n              <\/li>\n      <\/ul>\n\n<\/nav>\n<\/div><\/div><\/div><\/div><\/div><div id=\"pg-3599-1\"  class=\"panel-grid panel-has-style\" ><div class=\"c-row--valign-default c-row--widget-none c-row--margin-small c-row--column-none siteorigin-panels-stretch panel-row-style panel-row-style-for-3599-1\" data-stretch-type=\"full-width-stretch\" ><div id=\"pgc-3599-1-0\"  class=\"panel-grid-cell\" ><div id=\"panel-3599-1-0-0\" class=\"so-panel widget widget_cn-core-hero-widget panel-first-child panel-last-child\" data-index=\"1\" ><div\n\t\t\t\n\t\t\tclass=\"so-widget-cn-core-hero-widget so-widget-cn-core-hero-widget-base\"\n\t\t\t\n\t\t><section class=\"c-hero c-hero--short\">\n    <div class=\"c-hero__inner\">\n        \n        <div class=\"c-hero__content\">\n\n                            <h1 class=\"c-hero__heading\">\n                    Die Geschichte des L'Hotel Paris                <\/h1>\n            \n                            <p class=\"c-hero__subheading\">\n                    Unsere Geschichte                <\/p>\n                    <\/div>\n\n        \n    <\/div>\n\n\n\n    \n    \n    <div data-src=\"https:\/\/hotelcms-production.imgix.net\/l-hotel.com\/wp-content\/uploads\/2018\/09\/2018_Curious_Lhotel_Options-5090M4A0765.jpg\" data-crop=\"centre\" class=\"imgix-fluid  crop \/ c-hero__background\"><\/div><noscript><div style=\"background-image: url(https:\/\/hotelcms-production.imgix.net\/l-hotel.com\/wp-content\/uploads\/2018\/09\/2018_Curious_Lhotel_Options-5090M4A0765.jpg);\" class=\"crop \/ c-hero__background\" ><\/div><\/noscript>\n    \n    <\/section>\n<\/div><\/div><\/div><\/div><\/div><div id=\"pg-3599-2\"  class=\"panel-grid panel-no-style\" ><div id=\"pgc-3599-2-0\"  class=\"panel-grid-cell\" ><div id=\"panel-3599-2-0-0\" class=\"so-panel widget widget_cn-core-cta-widget panel-first-child panel-last-child\" data-index=\"2\" ><div\n\t\t\t\n\t\t\tclass=\"so-widget-cn-core-cta-widget so-widget-cn-core-cta-widget-base\"\n\t\t\t\n\t\t><div class=\"c-cta c-cta--lead no-variation\">\n\n    <div class=\"c-cta__content\">\n\n        <div class=\"c-cta__inner\">\n\n            \n            \n            \n            \n            \n            \n                            <div class=\"c-cta__text \/ s-entry\">\n                    <p>Das Hotel wurde 1828 von C\u00e9lestin-Joseph Happe an der Stelle erbaut, an der sich im 17. Jahrhundert der Pavillon d'Amour der K\u00f6nigin Margot befand. Das Geb\u00e4ude wurde 1868 zum Hotel d'Allemagne und nach dem Krieg von 1870 zum Hotel d'Alsace.<\/p>\n                <\/div>\n            \n            \n            \n                    <\/div>\n\n    <\/div>\n\n    \n    \n    \n<\/div>\n\n<\/div><\/div><\/div><\/div><div id=\"pg-3599-3\"  class=\"panel-grid panel-has-style\" ><div class=\"c-row--valign-default c-row--widget-default c-row--margin-default c-row--column-default panel-row-style panel-row-style-for-3599-3\" ><div id=\"pgc-3599-3-0\"  class=\"panel-grid-cell\" ><div id=\"panel-3599-3-0-0\" class=\"so-panel widget widget_cn-core-cta-widget panel-first-child panel-last-child\" data-index=\"3\" ><div\n\t\t\t\n\t\t\tclass=\"so-widget-cn-core-cta-widget so-widget-cn-core-cta-widget-base\"\n\t\t\t\n\t\t><div class=\"c-cta c-cta--layout-image-right no-variation has-background\">\n\n    <div class=\"c-cta__content\">\n\n        <div class=\"c-cta__inner\">\n\n            \n            \n            \n            \n                <div class=\"c-cta__headings\">\n\n                \n                                    <h2 class=\"c-cta__heading\">\n                        Der Ort, an dem man gesehen wird                    <\/h2>\n                \n                \n                <\/div>\n\n            \n            \n            \n                            <div class=\"c-cta__text \/ s-entry\">\n                    <p>Oscar Wilde lie\u00df sich Ende des 19. Jahrhunderts hier nieder und lebte bis zu seinem Tod im L'Hotel, von dem er behauptete, er habe \"\u00fcber seine Verh\u00e4ltnisse gelebt\".<\/p>\n<p>Nach einer umfassenden Renovierung im Jahr 1967 wurde das L'Hotel schon bald zu dem Ort, an dem man sich in Paris sehen lassen konnte. Jeder ber\u00fchmte Besucher der Stadt ging durch seine T\u00fcren, von Salvador Dali, Prinzessin Grace, Frank Sinatra und Elizabeth Taylor bis hin zu Richard Burton, Jim Morrison und Serge Gainsbourg.<\/p>\n<p>Der Kultstatus des L'Hotel als f\u00fchrendes Hotel am linken Ufer wurde nach einer atemberaubenden Renovierung durch den legend\u00e4ren Designer Jacques Garcia best\u00e4tigt, die mit zahlreichen Auszeichnungen und Preisen belohnt wurde.<\/p>\n                <\/div>\n            \n            \n            \n                    <\/div>\n\n    <\/div>\n\n    \n            <div data-src=\"https:\/\/hotelcms-production.imgix.net\/l-hotel.com\/wp-content\/uploads\/2018\/09\/shrads-l-hotel-paris-2-2.jpg\" data-crop=\"manual\" class=\"imgix-fluid  crop \/ c-background c-cta__background\" data-focus-horizontal=\"50\" data-focus-vertical=\"40\"><\/div><noscript><div style=\"background-image: url(https:\/\/hotelcms-production.imgix.net\/l-hotel.com\/wp-content\/uploads\/2018\/09\/shrads-l-hotel-paris-2-2.jpg);\" class=\"crop \/ c-background c-cta__background\" ><\/div><\/noscript>    \n    \n<\/div>\n\n<\/div><\/div><\/div><\/div><\/div><div id=\"pg-3599-4\"  class=\"panel-grid panel-has-style\" ><div class=\"c-row--valign-default c-row--widget-default c-row--margin-default c-row--column-default panel-row-style panel-row-style-for-3599-4\" ><div id=\"pgc-3599-4-0\"  class=\"panel-grid-cell\" ><div id=\"panel-3599-4-0-0\" class=\"so-panel widget widget_cn-core-cta-widget panel-first-child panel-last-child\" data-index=\"4\" ><div\n\t\t\t\n\t\t\tclass=\"so-widget-cn-core-cta-widget so-widget-cn-core-cta-widget-base\"\n\t\t\t\n\t\t><div class=\"c-cta c-cta--layout-image-left no-variation has-background\">\n\n    <div class=\"c-cta__content\">\n\n        <div class=\"c-cta__inner\">\n\n            \n            \n            \n            \n                <div class=\"c-cta__headings\">\n\n                \n                                    <h2 class=\"c-cta__heading\">\n                        L'Hotel heute                    <\/h2>\n                \n                \n                <\/div>\n\n            \n            \n            \n                            <div class=\"c-cta__text \/ s-entry\">\n                    <p>Mit 20 Zimmern ist das L'Hotel eines der intimsten Hotels in Paris. In den Gew\u00f6lben befindet sich ein Pool, den die G\u00e4ste in aller Ruhe genie\u00dfen k\u00f6nnen, sowie eine schicke Bar und ein Lounge-Bereich f\u00fcr Cocktails und Drinks. Das L'Hotel ist eine der beliebtesten Institutionen in Paris und weltweit f\u00fcr seinen diskreten und glamour\u00f6sen Charme bekannt.<\/p>\n<p>Es ist Teil der A Curious Group of Hotels, einer britischen Hotelgruppe f\u00fcr kulturell Interessierte, zu der auch das Canal House in Amsterdam, das Portobello Hotel in London und das Drakes Hotel in Brighton geh\u00f6ren.<\/p>\n                <\/div>\n            \n            \n            \n                    <\/div>\n\n    <\/div>\n\n    \n            <div data-src=\"https:\/\/hotelcms-production.imgix.net\/l-hotel.com\/wp-content\/uploads\/2018\/09\/DSC_6095A.jpg\" data-crop=\"centre\" class=\"imgix-fluid  crop \/ c-background c-cta__background\"><\/div><noscript><div style=\"background-image: url(https:\/\/hotelcms-production.imgix.net\/l-hotel.com\/wp-content\/uploads\/2018\/09\/DSC_6095A.jpg);\" class=\"crop \/ c-background c-cta__background\" ><\/div><\/noscript>    \n    \n<\/div>\n\n<\/div><\/div><\/div><\/div><\/div><div id=\"pg-3599-5\"  class=\"panel-grid panel-has-style\" ><div class=\"c-row--valign-default c-row--widget-default c-row--margin-none c-row--column-default siteorigin-panels-stretch panel-row-style panel-row-style-for-3599-5\" data-stretch-type=\"full-width-stretch\" ><div id=\"pgc-3599-5-0\"  class=\"panel-grid-cell\" ><div id=\"panel-3599-5-0-0\" class=\"so-panel widget widget_cn-core-cta-widget panel-first-child panel-last-child\" data-index=\"5\" ><div\n\t\t\t\n\t\t\tclass=\"so-widget-cn-core-cta-widget so-widget-cn-core-cta-widget-base\"\n\t\t\t\n\t\t><div class=\"c-cta c-cta--layout-breaker no-variation has-background\">\n\n    <div class=\"c-cta__content\">\n\n        <div class=\"c-cta__inner\">\n\n                            <a href=\"https:\/\/www.l-hotel.com\/de\/schlafzimmer\/\" class=\"c-cta__anchor\">\n            \n            \n            \n            \n                <div class=\"c-cta__headings\">\n\n                                    <p class=\"c-cta__preheading\">\n                        Erleben Sie es selbst                    <\/p>\n                \n                                    <h2 class=\"c-cta__heading\">\n                        L'Hotel Zimmer                    <\/h2>\n                \n                \n                <\/div>\n\n            \n            \n                            <\/a>\n            \n            \n            \n                            <div class=\"c-cta__buttons\">\n                    <a  class=\"c-button button \/ c-cta__button  no-variation\" href=\"https:\/\/www.l-hotel.com\/de\/schlafzimmer\/\">\n    Unterkunft ansehen<\/a>\n\n\n                <\/div>\n            \n                    <\/div>\n\n    <\/div>\n\n    \n            <div data-src=\"https:\/\/hotelcms-production.imgix.net\/l-hotel.com\/wp-content\/uploads\/2018\/09\/4-1.jpg\" data-crop=\"\" class=\"imgix-fluid  crop \/ c-background c-cta__background\"><\/div><noscript><div style=\"background-image: url(https:\/\/hotelcms-production.imgix.net\/l-hotel.com\/wp-content\/uploads\/2018\/09\/4-1.jpg);\" class=\"crop \/ c-background c-cta__background\" ><\/div><\/noscript>    \n            <a href=\"https:\/\/www.l-hotel.com\/de\/schlafzimmer\/\" class=\"c-cta__detached-anchor\" href=\"https:\/\/www.l-hotel.com\/de\/schlafzimmer\/\"><\/a>\n    \n<\/div>\n\n<\/div><\/div><\/div><\/div><\/div><\/div>","protected":false},"excerpt":{"rendered":"<p>Sind Sie neugierig? Gestaltung Hammam Pool Get Curious Mitglieder Die Geschichte des L&#8217;Hotel Paris Unsere Geschichte Das Hotel wurde 1828 von C\u00e9lestin-Joseph Happe an der Stelle erbaut, an der sich im 17. Jahrhundert der Pavillon d&#8217;Amour der K\u00f6nigin Margot befand. Das Geb\u00e4ude wurde 1868 zum Hotel d&#8217;Allemagne und nach dem Krieg von 1870 zum Hotel &hellip;<\/p>\n","protected":false},"author":1,"featured_media":3601,"parent":3596,"menu_order":0,"comment_status":"closed","ping_status":"closed","template":"","meta":{"_acf_changed":false,"footnotes":""},"class_list":["post--3599","post--page","post--type-page","post--status-publish","post--has-post-thumbnail","post--hentry"],"acf":[],"_links":{"self":[{"href":"https:\/\/www.l-hotel.com\/de\/wp-json\/wp\/v2\/pages\/3599","targetHints":{"allow":["GET"]}}],"collection":[{"href":"https:\/\/www.l-hotel.com\/de\/wp-json\/wp\/v2\/pages"}],"about":[{"href":"https:\/\/www.l-hotel.com\/de\/wp-json\/wp\/v2\/types\/page"}],"author":[{"embeddable":true,"href":"https:\/\/www.l-hotel.com\/de\/wp-json\/wp\/v2\/users\/1"}],"replies":[{"embeddable":true,"href":"https:\/\/www.l-hotel.com\/de\/wp-json\/wp\/v2\/comments?post=3599"}],"version-history":[{"count":4,"href":"https:\/\/www.l-hotel.com\/de\/wp-json\/wp\/v2\/pages\/3599\/revisions"}],"predecessor-version":[{"id":4814,"href":"https:\/\/www.l-hotel.com\/de\/wp-json\/wp\/v2\/pages\/3599\/revisions\/4814"}],"up":[{"embeddable":true,"href":"https:\/\/www.l-hotel.com\/de\/wp-json\/wp\/v2\/pages\/3596"}],"wp:featuredmedia":[{"embeddable":true,"href":"https:\/\/www.l-hotel.com\/de\/wp-json\/wp\/v2\/media\/3601"}],"wp:attachment":[{"href":"https:\/\/www.l-hotel.com\/de\/wp-json\/wp\/v2\/media?parent=3599"}],"curies":[{"name":"wp","href":"https:\/\/api.w.org\/{rel}","templated":true}]}}