{"id":3589,"date":"2018-08-08T15:38:50","date_gmt":"2018-08-08T14:38:50","guid":{"rendered":"https:\/\/www.l-hotel.com\/rooms\/offers\/"},"modified":"2024-08-07T11:59:53","modified_gmt":"2024-08-07T10:59:53","slug":"angebot","status":"publish","type":"page","link":"https:\/\/www.l-hotel.com\/de\/schlafzimmer\/angebot\/","title":{"rendered":"Offers (DE)"},"content":{"rendered":"<div id=\"pl-3589\"  class=\"panel-layout\" ><div id=\"pg-3589-0\"  class=\"panel-grid panel-has-style\" ><div class=\"c-row--valign-default c-row--widget-default c-row--margin-none c-row--column-none c-row--style-secondary siteorigin-panels-stretch panel-row-style panel-row-style-for-3589-0\" data-stretch-type=\"full-width-stretch\" ><div id=\"pgc-3589-0-0\"  class=\"panel-grid-cell\" ><div id=\"panel-3589-0-0-0\" class=\"so-panel widget widget_cn-core-static-menu-widget panel-first-child panel-last-child\" data-index=\"0\" ><div\n\t\t\t\n\t\t\tclass=\"so-widget-cn-core-static-menu-widget so-widget-cn-core-static-menu-widget-base\"\n\t\t\t\n\t\t>\n<nav class=\"c-ancestors \">\n  <h4 class=\"c-ancestors__heading\"><\/h4>\n\n  <ul class=\"menu\">\n\n                <li class=\"c-ancestors__page \/ menu__item \">\n        <a  class=\"c-button  no-variation\" href=\"https:\/\/www.l-hotel.com\/de\/schlafzimmer\/\">\n    Schlafzimmer<\/a>\n\n\n\n              <\/li>\n                <li class=\"c-ancestors__page \/ menu__item \">\n        <a  class=\"c-button  no-variation\" href=\"https:\/\/www.l-hotel.com\/de\/wildes\/\">\n    Wilde's Lounge<\/a>\n\n\n\n              <\/li>\n                <li class=\"c-ancestors__page \/ menu__item \">\n        <a  class=\"c-button  no-variation\" href=\"https:\/\/www.l-hotel.com\/de\/sind-sie-neugierig\/hammam-privatschwimmbad\/\">\n    Hammam Privater Pool<\/a>\n\n\n\n              <\/li>\n      <\/ul>\n\n<\/nav>\n<\/div><\/div><\/div><\/div><\/div><div id=\"pg-3589-1\"  class=\"panel-grid panel-has-style\" ><div class=\"c-row--valign-default c-row--widget-default c-row--margin-default c-row--column-default siteorigin-panels-stretch panel-row-style panel-row-style-for-3589-1\" data-stretch-type=\"full-width-stretch\" ><div id=\"pgc-3589-1-0\"  class=\"panel-grid-cell\" ><div id=\"panel-3589-1-0-0\" class=\"so-panel widget widget_cn-core-hero-widget panel-first-child panel-last-child\" data-index=\"1\" ><div\n\t\t\t\n\t\t\tclass=\"so-widget-cn-core-hero-widget so-widget-cn-core-hero-widget-base\"\n\t\t\t\n\t\t><section class=\"c-hero c-hero--short\">\n    <div class=\"c-hero__inner\">\n        \n        <div class=\"c-hero__content\">\n\n                            <h1 class=\"c-hero__heading\">\n                    Sonderangebote &amp; Pakete                <\/h1>\n            \n                            <p class=\"c-hero__subheading\">\n                    Angebote                <\/p>\n                    <\/div>\n\n        \n    <\/div>\n\n\n\n    \n    \n    <div data-src=\"https:\/\/hotelcms-production.imgix.net\/l-hotel.com\/wp-content\/uploads\/2018\/09\/LHotel-\u00a9-Amy-Murrell-2010-162.jpg\" data-crop=\"centre\" class=\"imgix-fluid  crop \/ c-hero__background\"><\/div><noscript><div style=\"background-image: url(https:\/\/hotelcms-production.imgix.net\/l-hotel.com\/wp-content\/uploads\/2018\/09\/LHotel-\u00a9-Amy-Murrell-2010-162.jpg);\" class=\"crop \/ c-hero__background\" ><\/div><\/noscript>\n    \n    <\/section>\n<\/div><\/div><\/div><\/div><\/div><div id=\"pg-3589-2\"  class=\"panel-grid panel-no-style\" ><div id=\"pgc-3589-2-0\"  class=\"panel-grid-cell\" ><div id=\"panel-3589-2-0-0\" class=\"so-panel widget widget_cn-core-post-grid-filter-widget panel-first-child panel-last-child\" data-index=\"2\" ><div\n\t\t\t\n\t\t\tclass=\"so-widget-cn-core-post-grid-filter-widget so-widget-cn-core-post-grid-filter-widget-base\"\n\t\t\t\n\t\t>\n<div\n    class=\"c-grid-filter c-grid-filter--posts  js-grid-filter  c-grid-filter--type-offer\"\n    data-module=\"grid-filter\"\n>\n            <div class=\"c-grid-filter__headings\">\n            \n                    <\/div>\n    \n            <div class=\"c-grid-filter__filter\">\n            <span class=\"c-grid-filter__filter__label\">Filter<\/span>\n\n                                    <div class=\"c-grid-filter__option c-grid-filter__option--offer-category\">\n                                                            <select class=\"c-grid-filter__select js-filter\" name=\"tax-offer-category\" data-grid-filter=\"offer-category\">\n                                    <option value=\"*\">Filter: All<\/option>\n\n                                                                            <option value=\"sleep-de\" >Schlafen<\/option>\n                                                                    <\/select>\n                            \n                                                    <\/div>\n                            <\/div>\n    \n    <div class=\"c-grid-filter__grid  js-grid-container\">\n                    <div class=\"c-grid-filter__item  js-grid-item\" data-filter-offer-category=\"sleep-de\" data-sort-order=\"1\">\n                                                            <div class=\"c-grid-filter__item__inner  c-cta c-cta--excerpt\">\n                            <div class=\"c-cta__inner\">\n                                <a class=\"c-cta__anchor\" href=\"https:\/\/www.l-hotel.com\/de\/offer\/vorausbezahlte-rate\/\">\n                                    <figure class=\"crop\">\n                                        <div data-src=\"https:\/\/hotelcms-production.imgix.net\/l-hotel.com\/wp-content\/uploads\/2018\/09\/0M4A9971stack.jpg\" data-crop=\"\" class=\"imgix-fluid  c-image c-cta__image\"><\/div><noscript><div style=\"background-image: url(https:\/\/hotelcms-production.imgix.net\/l-hotel.com\/wp-content\/uploads\/2018\/09\/0M4A9971stack.jpg);\" class=\"c-image c-cta__image\" ><\/div><\/noscript>                                    <\/figure>\n\n                                    <div class=\"c-cta__headings\">\n                                                                                    <p class=\"c-cta__preheading\">Curious Angebot<\/p>\n                                        \n                                        <h3 class=\"c-cta__heading\">\n                                            Vorausbezahlte Rate                                        <\/h3>\n\n                                                                            <\/div>\n                                <\/a>\n\n                                <div class=\"c-cta__entry  s-entry\">\n                                    <p>Bezahlen Sie Ihren Aufenthalt bei der Buchung und erhalten Sie bis zu 10 % Erm\u00e4\u00dfigung auf unseren Tagespreis f\u00fcr \u00dcbernachtung und Fr\u00fchst\u00fcck. &hellip;<\/p>\n\n                                    \n                                    <a class=\"button c-cta__button no-variation\" href=\"https:\/\/www.l-hotel.com\/de\/offer\/vorausbezahlte-rate\/\">\n                                        Angebot Ansehen                                    <\/a>\n                                <\/div>\n                            <\/div>\n                        <\/div>\n                                                <\/div>\n                    <div class=\"c-grid-filter__item  js-grid-item\" data-sort-order=\"2\">\n                                                            <div class=\"c-grid-filter__item__inner  c-cta c-cta--excerpt\">\n                            <div class=\"c-cta__inner\">\n                                <a class=\"c-cta__anchor\" href=\"https:\/\/www.l-hotel.com\/de\/offer\/get-curious-unsere-mitgliedschaft\/\">\n                                    <figure class=\"crop\">\n                                        <div data-src=\"https:\/\/hotelcms-production.imgix.net\/l-hotel.com\/wp-content\/uploads\/2018\/09\/2018_Curious_Lhotel_Options-468_SP_0850.jpg\" data-crop=\"\" class=\"imgix-fluid  c-image c-cta__image\"><\/div><noscript><div style=\"background-image: url(https:\/\/hotelcms-production.imgix.net\/l-hotel.com\/wp-content\/uploads\/2018\/09\/2018_Curious_Lhotel_Options-468_SP_0850.jpg);\" class=\"c-image c-cta__image\" ><\/div><\/noscript>                                    <\/figure>\n\n                                    <div class=\"c-cta__headings\">\n                                                                                    <p class=\"c-cta__preheading\">Curious Angebot<\/p>\n                                        \n                                        <h3 class=\"c-cta__heading\">\n                                            Get Curious &#8211; Unsere Mitgliedschaft                                        <\/h3>\n\n                                                                            <\/div>\n                                <\/a>\n\n                                <div class=\"c-cta__entry  s-entry\">\n                                    <p>Melden Sie sich noch heute bei Get Curious an und erhalten Sie 12 % Rabatt auf alle unsere Hotels in Gro\u00dfbritannien, Frankreich und den &hellip;<\/p>\n\n                                    \n                                    <a class=\"button c-cta__button no-variation\" href=\"https:\/\/www.l-hotel.com\/de\/offer\/get-curious-unsere-mitgliedschaft\/\">\n                                        Angebot Ansehen                                    <\/a>\n                                <\/div>\n                            <\/div>\n                        <\/div>\n                                                <\/div>\n                    <div class=\"c-grid-filter__item  js-grid-item\" data-filter-offer-category=\"sleep-de\" data-sort-order=\"3\">\n                                                            <div class=\"c-grid-filter__item__inner  c-cta c-cta--excerpt\">\n                            <div class=\"c-cta__inner\">\n                                <a class=\"c-cta__anchor\" href=\"https:\/\/www.l-hotel.com\/de\/offer\/das-appartement-paket\/\">\n                                    <figure class=\"crop\">\n                                        <div data-src=\"https:\/\/hotelcms-production.imgix.net\/l-hotel.com\/wp-content\/uploads\/2018\/12\/DSC_6996.jpg\" data-crop=\"\" class=\"imgix-fluid  c-image c-cta__image\"><\/div><noscript><div style=\"background-image: url(https:\/\/hotelcms-production.imgix.net\/l-hotel.com\/wp-content\/uploads\/2018\/12\/DSC_6996.jpg);\" class=\"c-image c-cta__image\" ><\/div><\/noscript>                                    <\/figure>\n\n                                    <div class=\"c-cta__headings\">\n                                                                                    <p class=\"c-cta__preheading\">Curious Angebot<\/p>\n                                        \n                                        <h3 class=\"c-cta__heading\">\n                                            Das Appartement-Paket                                        <\/h3>\n\n                                                                            <\/div>\n                                <\/a>\n\n                                <div class=\"c-cta__entry  s-entry\">\n                                    <p>In allen unseren vier Hotels gibt es ein Zimmer, das sich von allen anderen abhebt. Jedes unserer Best Rooms ist unser gr\u00f6\u00dftes Zimmer und verf\u00fcgt &hellip;<\/p>\n\n                                    \n                                    <a class=\"button c-cta__button no-variation\" href=\"https:\/\/www.l-hotel.com\/de\/offer\/das-appartement-paket\/\">\n                                        Angebot Ansehen                                    <\/a>\n                                <\/div>\n                            <\/div>\n                        <\/div>\n                                                <\/div>\n            <\/div>\n<\/div>\n\n<\/div><\/div><\/div><\/div><\/div>","protected":false},"excerpt":{"rendered":"<p>Das Appartement-Paket In allen unseren vier Hotels gibt es ein Zimmer, das sich von allen anderen abhebt. Jedes unserer Best Rooms ist unser gr\u00f6\u00dftes Zimmer und verf\u00fcgt \u00fcber eine einzigartige Lage, um von einer herrlichen Aussicht zu profitieren. Kurz gesagt, sie sind der Gipfel des Luxus in unseren H\u00e4usern. Von Sonntag bis Donnerstag erhalten Sie &hellip;<\/p>\n","protected":false},"author":1,"featured_media":3591,"parent":3570,"menu_order":7,"comment_status":"closed","ping_status":"closed","template":"","meta":{"_acf_changed":false,"footnotes":""},"class_list":["post--3589","post--page","post--type-page","post--status-publish","post--has-post-thumbnail","post--hentry"],"acf":[],"_links":{"self":[{"href":"https:\/\/www.l-hotel.com\/de\/wp-json\/wp\/v2\/pages\/3589","targetHints":{"allow":["GET"]}}],"collection":[{"href":"https:\/\/www.l-hotel.com\/de\/wp-json\/wp\/v2\/pages"}],"about":[{"href":"https:\/\/www.l-hotel.com\/de\/wp-json\/wp\/v2\/types\/page"}],"author":[{"embeddable":true,"href":"https:\/\/www.l-hotel.com\/de\/wp-json\/wp\/v2\/users\/1"}],"replies":[{"embeddable":true,"href":"https:\/\/www.l-hotel.com\/de\/wp-json\/wp\/v2\/comments?post=3589"}],"version-history":[{"count":4,"href":"https:\/\/www.l-hotel.com\/de\/wp-json\/wp\/v2\/pages\/3589\/revisions"}],"predecessor-version":[{"id":4795,"href":"https:\/\/www.l-hotel.com\/de\/wp-json\/wp\/v2\/pages\/3589\/revisions\/4795"}],"up":[{"embeddable":true,"href":"https:\/\/www.l-hotel.com\/de\/wp-json\/wp\/v2\/pages\/3570"}],"wp:featuredmedia":[{"embeddable":true,"href":"https:\/\/www.l-hotel.com\/de\/wp-json\/wp\/v2\/media\/3591"}],"wp:attachment":[{"href":"https:\/\/www.l-hotel.com\/de\/wp-json\/wp\/v2\/media?parent=3589"}],"curies":[{"name":"wp","href":"https:\/\/api.w.org\/{rel}","templated":true}]}}