{"id":3567,"date":"2018-07-23T15:02:00","date_gmt":"2018-07-23T14:02:14","guid":{"rendered":"https:\/\/www.l-hotel.com\/front-page\/"},"modified":"2025-04-15T13:45:40","modified_gmt":"2025-04-15T12:45:40","slug":"front-page","status":"publish","type":"page","link":"https:\/\/www.l-hotel.com\/de\/","title":{"rendered":"Front page (DE)"},"content":{"rendered":"<div id=\"pl-3567\"  class=\"panel-layout\" ><div id=\"pg-3567-0\"  class=\"panel-grid panel-has-style\" ><div class=\"c-row--valign-default c-row--widget-default c-row--margin-none c-row--column-none c-row--style-secondary siteorigin-panels-stretch panel-row-style panel-row-style-for-3567-0\" data-stretch-type=\"full-width-stretch\" ><div id=\"pgc-3567-0-0\"  class=\"panel-grid-cell\" ><div id=\"panel-3567-0-0-0\" class=\"so-panel widget widget_cn-core-static-menu-widget panel-first-child panel-last-child\" data-index=\"0\" ><div\n\t\t\t\n\t\t\tclass=\"so-widget-cn-core-static-menu-widget so-widget-cn-core-static-menu-widget-base\"\n\t\t\t\n\t\t>\n<nav class=\"c-ancestors \">\n  <h4 class=\"c-ancestors__heading\"><\/h4>\n\n  <ul class=\"menu\">\n\n                <li class=\"c-ancestors__page \/ menu__item \">\n        <a  class=\"c-button  no-variation\" href=\"https:\/\/www.l-hotel.com\/de\/schlafzimmer\/\">\n    Zimmer<\/a>\n\n\n\n              <\/li>\n                <li class=\"c-ancestors__page \/ menu__item \">\n        <a  class=\"c-button  no-variation\" href=\"https:\/\/www.l-hotel.com\/de\/sind-sie-neugierig\/\">\n    Sind Sie Neugierig?<\/a>\n\n\n\n              <\/li>\n                <li class=\"c-ancestors__page \/ menu__item \">\n        <a  class=\"c-button  no-variation\" href=\"https:\/\/www.l-hotel.com\/de\/wildes\/\">\n    Wilde's <\/a>\n\n\n\n              <\/li>\n                <li class=\"c-ancestors__page \/ menu__item \">\n        <a  class=\"c-button  no-variation\" href=\"https:\/\/www.l-hotel.com\/de\/hochzeiten-partys\/\">\n    Hochzeiten &amp; Veranstaltungen<\/a>\n\n\n\n              <\/li>\n                <li class=\"c-ancestors__page \/ menu__item \">\n        <a  class=\"c-button  no-variation\" href=\"https:\/\/www.l-hotel.com\/de\/fotogalerie\/\">\n    Fotogalerie<\/a>\n\n\n\n              <\/li>\n                <li class=\"c-ancestors__page \/ menu__item \">\n        <a  class=\"c-button  no-variation\" href=\"https:\/\/www.l-hotel.com\/de\/kontakt-wegbeschreibung\/\">\n    Kontakt &amp; Wegbeschreibung<\/a>\n\n\n\n              <\/li>\n      <\/ul>\n\n<\/nav>\n<\/div><\/div><\/div><\/div><\/div><div id=\"pg-3567-1\"  class=\"panel-grid panel-has-style\" ><div class=\"c-row--valign-default c-row--widget-default c-row--margin-default c-row--column-none siteorigin-panels-stretch panel-row-style panel-row-style-for-3567-1\" data-stretch-type=\"full-width-stretch\" ><div id=\"pgc-3567-1-0\"  class=\"panel-grid-cell\" ><div id=\"panel-3567-1-0-0\" class=\"so-panel widget widget_cn-core-hero-widget panel-first-child panel-last-child\" data-index=\"1\" ><div\n\t\t\t\n\t\t\tclass=\"so-widget-cn-core-hero-widget so-widget-cn-core-hero-widget-base\"\n\t\t\t\n\t\t><section class=\"c-hero no-variation\">\n    <div class=\"c-hero__inner\">\n        \n        <div class=\"c-hero__content\">\n\n                            <h1 class=\"c-hero__heading\">\n                    Willkommen im ber\u00fchmten                <\/h1>\n            \n                            <p class=\"c-hero__subheading\">\n                    L'Hotel, Paris                <\/p>\n                            <div class=\"s-entry \/ c-hero__text\">\n                    <p>\n                        Ein opulentes 5-Sterne-Boutiquehotel im Herzen von Saint Germain des Pr\u00e9s.                    <\/p>\n                <\/div>\n                    <\/div>\n\n        \n        <div class=\"c-hero__buttons\">\n\n            <a class=\"c-button  c-button--conversion\" target=\"_blank\" href=\"https:\/\/direct-book.com\/properties\/L%20&#039;%20HotelDirect?locale=de\" rel=\"noopener\">\n    HEUTE BUCHEN<\/a>\n\n\n\n        <\/div>\n\n        \n    <\/div>\n\n\n\n    \n    \n    \n            <ol\n    class=\"c-hero__backgrounds\"\n    data-element-cycle-interval=\"4000\"\n>\n    <li>\n        <div data-src=\"https:\/\/hotelcms-production.imgix.net\/l-hotel.com\/wp-content\/uploads\/2025\/01\/Untitled-design.jpg\" data-crop=\"\" class=\"imgix-fluid  crop  c-hero__background\"><\/div><noscript><div style=\"background-image: url(https:\/\/hotelcms-production.imgix.net\/l-hotel.com\/wp-content\/uploads\/2025\/01\/Untitled-design.jpg);\" class=\"crop  c-hero__background\" ><\/div><\/noscript>    <\/li>\n\n            <li>\n            <div data-src=\"https:\/\/hotelcms-production.imgix.net\/l-hotel.com\/wp-content\/uploads\/2024\/04\/LHotel_Bedroom_Chic_La-Reine-Hortense_Balcony-1.jpg\" data-crop=\"\" class=\"imgix-fluid  crop  c-hero__background\" data-caption=\"An intimate 5 star boutique hotel in the heart of Saint Germain\"><\/div><noscript><div style=\"background-image: url(https:\/\/hotelcms-production.imgix.net\/l-hotel.com\/wp-content\/uploads\/2024\/04\/LHotel_Bedroom_Chic_La-Reine-Hortense_Balcony-1.jpg);\" class=\"crop  c-hero__background\" ><\/div><\/noscript>        <\/li>\n            <li>\n            <div data-src=\"https:\/\/hotelcms-production.imgix.net\/l-hotel.com\/wp-content\/uploads\/2025\/01\/Chic-2-Done.jpg\" data-crop=\"\" class=\"imgix-fluid  crop  c-hero__background\"><\/div><noscript><div style=\"background-image: url(https:\/\/hotelcms-production.imgix.net\/l-hotel.com\/wp-content\/uploads\/2025\/01\/Chic-2-Done.jpg);\" class=\"crop  c-hero__background\" ><\/div><\/noscript>        <\/li>\n            <li>\n            <div data-src=\"https:\/\/hotelcms-production.imgix.net\/l-hotel.com\/wp-content\/uploads\/2020\/10\/0M4A9845stack_1.jpg\" data-crop=\"\" class=\"imgix-fluid  crop  c-hero__background\"><\/div><noscript><div style=\"background-image: url(https:\/\/hotelcms-production.imgix.net\/l-hotel.com\/wp-content\/uploads\/2020\/10\/0M4A9845stack_1.jpg);\" class=\"crop  c-hero__background\" ><\/div><\/noscript>        <\/li>\n            <li>\n            <div data-src=\"https:\/\/hotelcms-production.imgix.net\/l-hotel.com\/wp-content\/uploads\/2024\/04\/2018_Curious_Lhotel_Options-415_SP_0772.jpg\" data-crop=\"\" class=\"imgix-fluid  crop  c-hero__background\"><\/div><noscript><div style=\"background-image: url(https:\/\/hotelcms-production.imgix.net\/l-hotel.com\/wp-content\/uploads\/2024\/04\/2018_Curious_Lhotel_Options-415_SP_0772.jpg);\" class=\"crop  c-hero__background\" ><\/div><\/noscript>        <\/li>\n    <\/ol>    \n    <\/section>\n<\/div><\/div><\/div><\/div><\/div><div id=\"pg-3567-2\"  class=\"panel-grid panel-has-style\" ><div class=\"c-row--valign-middle c-row--widget-default c-row--margin-default c-row--column-large panel-row-style panel-row-style-for-3567-2\" ><div id=\"pgc-3567-2-0\"  class=\"panel-grid-cell\" ><div id=\"panel-3567-2-0-0\" class=\"so-panel widget widget_cn-core-heading-widget panel-first-child panel-last-child\" data-index=\"2\" ><div\n\t\t\t\n\t\t\tclass=\"so-widget-cn-core-heading-widget so-widget-cn-core-heading-widget-base\"\n\t\t\t\n\t\t><div class=\"c-heading  c-heading--left\">\n    \n            <h2 class=\"c-heading__heading \">\n            Der Inbegriff des franz\u00f6sischen Stils. <em> Das L'Hotel war das erste Boutique-Hotel der Welt <\/em> und das letzte Zuhause von Oscar Wilde.        <\/h2>\n    \n    <\/div>\n<\/div><\/div><\/div><div id=\"pgc-3567-2-1\"  class=\"panel-grid-cell\" ><div id=\"panel-3567-2-1-0\" class=\"so-panel widget widget_cn-core-text-widget panel-first-child panel-last-child\" data-index=\"3\" ><div\n\t\t\t\n\t\t\tclass=\"so-widget-cn-core-text-widget so-widget-cn-core-text-widget-base\"\n\t\t\t\n\t\t>\n<div class=\"c-text no-variation\" >\n\n    \n    \n    \n    <div class=\"c-text__content s-entry\">\n        <p>Im Herzen des linken Ufers, inmitten des kulturellen Reichtums, der Boh\u00e8me und der Haute Couture von St. Germain-des-Pr\u00e9s gelegen, ist das L'Hotel der ideale Ort, um die Kunst und Kultur von Paris zu erleben. Die 20 Zimmer wurden von dem unnachahmlichen Jacques Garcia entworfen und sind alle einzigartig und luxuri\u00f6s, mit erlesenen Materialien und sorgf\u00e4ltigen Details ausgestattet.<\/p>\n<p>Im Wilde's, wo unsere ber\u00fchmte Cocktailkarte zu Hause ist, k\u00f6nnen Sie den Geist von St. Germain-des-Pr\u00e9s bei unserer Live-Jazz-Nacht erleben.<\/p>\n<p>Das L'Hotel beherbergt auch einen unterirdischen Hammam-Pool, ein Dampfbad und eine Behandlungssuite, deren Nutzung in Ihrem Aufenthalt inbegriffen ist und die Sie w\u00e4hrend Ihres Termins privat nutzen k\u00f6nnen.<\/p>\n    <\/div>\n\n<\/div>\n<\/div><\/div><\/div><\/div><\/div><div id=\"pg-3567-3\"  class=\"panel-grid panel-has-style\" ><div class=\"c-row--valign-default c-row--widget-default c-row--margin-none c-row--column-default panel-row-style panel-row-style-for-3567-3\" ><div id=\"pgc-3567-3-0\"  class=\"panel-grid-cell\" ><div id=\"panel-3567-3-0-0\" class=\"so-panel widget widget_cn-core-cta-widget panel-first-child\" data-index=\"4\" ><div\n\t\t\t\n\t\t\tclass=\"so-widget-cn-core-cta-widget so-widget-cn-core-cta-widget-base\"\n\t\t\t\n\t\t><div class=\"c-cta c-cta--layout-tile c-cta--tile-rooms--medium has-background\">\n\n    <div class=\"c-cta__content\">\n\n        <div class=\"c-cta__inner\">\n\n                            <a href=\"https:\/\/www.l-hotel.com\/de\/schlafzimmer\/\" class=\"c-cta__anchor\">\n            \n            \n            \n            \n                <div class=\"c-cta__headings\">\n\n                \n                                    <h2 class=\"c-cta__heading\">\n                        Zimmer                    <\/h2>\n                \n                \n                <\/div>\n\n            \n            \n                            <\/a>\n            \n            \n            \n            \n                    <\/div>\n\n    <\/div>\n\n    \n            <div data-src=\"https:\/\/hotelcms-production.imgix.net\/l-hotel.com\/wp-content\/uploads\/2018\/09\/Apartment.jpg\" data-crop=\"centre\" class=\"imgix-fluid  crop \/ c-background c-cta__background\"><\/div><noscript><div style=\"background-image: url(https:\/\/hotelcms-production.imgix.net\/l-hotel.com\/wp-content\/uploads\/2018\/09\/Apartment.jpg);\" class=\"crop \/ c-background c-cta__background\" ><\/div><\/noscript>    \n            <a href=\"https:\/\/www.l-hotel.com\/de\/schlafzimmer\/\" class=\"c-cta__detached-anchor\"><\/a>\n    \n<\/div>\n\n<\/div><\/div><div id=\"panel-3567-3-0-1\" class=\"so-panel widget widget_cn-core-cta-widget panel-last-child\" data-index=\"5\" ><div\n\t\t\t\n\t\t\tclass=\"so-widget-cn-core-cta-widget so-widget-cn-core-cta-widget-base\"\n\t\t\t\n\t\t><div class=\"c-cta c-cta--layout-tile c-cta--tile-rooms--medium has-background\">\n\n    <div class=\"c-cta__content\">\n\n        <div class=\"c-cta__inner\">\n\n                            <a href=\"https:\/\/www.l-hotel.com\/de\/sind-sie-neugierig\/\" class=\"c-cta__anchor\">\n            \n            \n            \n            \n                <div class=\"c-cta__headings\">\n\n                \n                                    <h2 class=\"c-cta__heading\">\n                        Sind Sie Neugierig?                    <\/h2>\n                \n                \n                <\/div>\n\n            \n            \n                            <\/a>\n            \n            \n            \n            \n                    <\/div>\n\n    <\/div>\n\n    \n            <div data-src=\"https:\/\/hotelcms-production.imgix.net\/l-hotel.com\/wp-content\/uploads\/2023\/12\/DSC09949.jpg\" data-crop=\"\" class=\"imgix-fluid  crop \/ c-background c-cta__background\"><\/div><noscript><div style=\"background-image: url(https:\/\/hotelcms-production.imgix.net\/l-hotel.com\/wp-content\/uploads\/2023\/12\/DSC09949.jpg);\" class=\"crop \/ c-background c-cta__background\" ><\/div><\/noscript>    \n            <a href=\"https:\/\/www.l-hotel.com\/de\/sind-sie-neugierig\/\" class=\"c-cta__detached-anchor\"><\/a>\n    \n<\/div>\n\n<\/div><\/div><\/div><div id=\"pgc-3567-3-1\"  class=\"panel-grid-cell\" ><div id=\"panel-3567-3-1-0\" class=\"so-panel widget widget_cn-core-cta-widget panel-first-child\" data-index=\"6\" ><div\n\t\t\t\n\t\t\tclass=\"so-widget-cn-core-cta-widget so-widget-cn-core-cta-widget-base\"\n\t\t\t\n\t\t><div class=\"c-cta c-cta--layout-tile c-cta--tile-rooms--medium has-background\">\n\n    <div class=\"c-cta__content\">\n\n        <div class=\"c-cta__inner\">\n\n                            <a href=\"https:\/\/www.l-hotel.com\/de\/wildes\/\" class=\"c-cta__anchor\">\n            \n            \n            \n            \n                <div class=\"c-cta__headings\">\n\n                \n                                    <h2 class=\"c-cta__heading\">\n                        Wilde's Lounge                    <\/h2>\n                \n                \n                <\/div>\n\n            \n            \n                            <\/a>\n            \n            \n            \n            \n                    <\/div>\n\n    <\/div>\n\n    \n            <div data-src=\"https:\/\/hotelcms-production.imgix.net\/l-hotel.com\/wp-content\/uploads\/2022\/09\/DSC03393.jpg\" data-crop=\"manual\" class=\"imgix-fluid  crop \/ c-background c-cta__background\" data-focus-horizontal=\"50\" data-focus-vertical=\"35\"><\/div><noscript><div style=\"background-image: url(https:\/\/hotelcms-production.imgix.net\/l-hotel.com\/wp-content\/uploads\/2022\/09\/DSC03393.jpg);\" class=\"crop \/ c-background c-cta__background\" ><\/div><\/noscript>    \n            <a href=\"https:\/\/www.l-hotel.com\/de\/wildes\/\" class=\"c-cta__detached-anchor\"><\/a>\n    \n<\/div>\n\n<\/div><\/div><div id=\"panel-3567-3-1-1\" class=\"so-panel widget widget_cn-core-cta-widget panel-last-child\" data-index=\"7\" ><div\n\t\t\t\n\t\t\tclass=\"so-widget-cn-core-cta-widget so-widget-cn-core-cta-widget-base\"\n\t\t\t\n\t\t><div class=\"c-cta c-cta--layout-tile c-cta--tile-rooms--medium has-background\">\n\n    <div class=\"c-cta__content\">\n\n        <div class=\"c-cta__inner\">\n\n                            <a href=\"https:\/\/www.l-hotel.com\/de\/hochzeiten-partys\/\" class=\"c-cta__anchor\">\n            \n            \n            \n            \n                <div class=\"c-cta__headings\">\n\n                \n                                    <h2 class=\"c-cta__heading\">\n                        Hochzeiten &amp; Veranstaltungen                    <\/h2>\n                \n                \n                <\/div>\n\n            \n            \n                            <\/a>\n            \n            \n            \n            \n                    <\/div>\n\n    <\/div>\n\n    \n            <div data-src=\"https:\/\/hotelcms-production.imgix.net\/l-hotel.com\/wp-content\/uploads\/2018\/09\/ShootingLHotel_24102016_HD_@MarineBlanchardPhotographie-149.jpg\" data-crop=\"centre\" class=\"imgix-fluid  crop \/ c-background c-cta__background\"><\/div><noscript><div style=\"background-image: url(https:\/\/hotelcms-production.imgix.net\/l-hotel.com\/wp-content\/uploads\/2018\/09\/ShootingLHotel_24102016_HD_@MarineBlanchardPhotographie-149.jpg);\" class=\"crop \/ c-background c-cta__background\" ><\/div><\/noscript>    \n            <a href=\"https:\/\/www.l-hotel.com\/de\/hochzeiten-partys\/\" class=\"c-cta__detached-anchor\"><\/a>\n    \n<\/div>\n\n<\/div><\/div><\/div><\/div><\/div><div id=\"pg-3567-4\"  class=\"panel-grid panel-has-style\" ><div class=\"c-row--valign-default c-row--widget-default c-row--margin-none c-row--column-default panel-row-style panel-row-style-for-3567-4\" ><div id=\"pgc-3567-4-0\"  class=\"panel-grid-cell\" ><div id=\"panel-3567-4-0-0\" class=\"so-panel widget widget_cn-core-cta-widget panel-first-child panel-last-child\" data-index=\"8\" ><div\n\t\t\t\n\t\t\tclass=\"so-widget-cn-core-cta-widget so-widget-cn-core-cta-widget-base\"\n\t\t\t\n\t\t><div class=\"c-cta c-cta--layout-tile c-cta--tile-rooms--medium has-background\">\n\n    <div class=\"c-cta__content\">\n\n        <div class=\"c-cta__inner\">\n\n                            <a href=\"https:\/\/www.l-hotel.com\/de\/schlafzimmer\/angebot\/\" class=\"c-cta__anchor\">\n            \n            \n            \n            \n                <div class=\"c-cta__headings\">\n\n                \n                                    <h2 class=\"c-cta__heading\">\n                        Angebote                    <\/h2>\n                \n                \n                <\/div>\n\n            \n            \n                            <\/a>\n            \n            \n            \n            \n                    <\/div>\n\n    <\/div>\n\n    \n            <div data-src=\"https:\/\/hotelcms-production.imgix.net\/l-hotel.com\/wp-content\/uploads\/2019\/12\/80854135_2651925911559642_1393145811520454656_o.jpg\" data-crop=\"\" class=\"imgix-fluid  crop \/ c-background c-cta__background\"><\/div><noscript><div style=\"background-image: url(https:\/\/hotelcms-production.imgix.net\/l-hotel.com\/wp-content\/uploads\/2019\/12\/80854135_2651925911559642_1393145811520454656_o.jpg);\" class=\"crop \/ c-background c-cta__background\" ><\/div><\/noscript>    \n            <a href=\"https:\/\/www.l-hotel.com\/de\/schlafzimmer\/angebot\/\" class=\"c-cta__detached-anchor\"><\/a>\n    \n<\/div>\n\n<\/div><\/div><\/div><div id=\"pgc-3567-4-1\"  class=\"panel-grid-cell\" ><div id=\"panel-3567-4-1-0\" class=\"so-panel widget widget_cn-core-cta-widget panel-first-child panel-last-child\" data-index=\"9\" ><div\n\t\t\t\n\t\t\tclass=\"so-widget-cn-core-cta-widget so-widget-cn-core-cta-widget-base\"\n\t\t\t\n\t\t><div class=\"c-cta c-cta--layout-tile c-cta--tile-rooms--medium has-background\">\n\n    <div class=\"c-cta__content\">\n\n        <div class=\"c-cta__inner\">\n\n                            <a href=\"https:\/\/www.l-hotel.com\/de\/fotogalerie\/\" class=\"c-cta__anchor\">\n            \n            \n            \n            \n                <div class=\"c-cta__headings\">\n\n                \n                                    <h2 class=\"c-cta__heading\">\n                        Fotogalerie                    <\/h2>\n                \n                \n                <\/div>\n\n            \n            \n                            <\/a>\n            \n            \n            \n            \n                    <\/div>\n\n    <\/div>\n\n    \n            <div data-src=\"https:\/\/hotelcms-production.imgix.net\/l-hotel.com\/wp-content\/uploads\/2018\/09\/2018_Curious_Lhotel_Options-508_SP_0884.jpg\" data-crop=\"centre\" class=\"imgix-fluid  crop \/ c-background c-cta__background\"><\/div><noscript><div style=\"background-image: url(https:\/\/hotelcms-production.imgix.net\/l-hotel.com\/wp-content\/uploads\/2018\/09\/2018_Curious_Lhotel_Options-508_SP_0884.jpg);\" class=\"crop \/ c-background c-cta__background\" ><\/div><\/noscript>    \n            <a href=\"https:\/\/www.l-hotel.com\/de\/fotogalerie\/\" class=\"c-cta__detached-anchor\"><\/a>\n    \n<\/div>\n\n<\/div><\/div><\/div><div id=\"pgc-3567-4-2\"  class=\"panel-grid-cell\" ><div id=\"panel-3567-4-2-0\" class=\"so-panel widget widget_cn-core-cta-widget panel-first-child panel-last-child\" data-index=\"10\" ><div\n\t\t\t\n\t\t\tclass=\"so-widget-cn-core-cta-widget so-widget-cn-core-cta-widget-base\"\n\t\t\t\n\t\t><div class=\"c-cta c-cta--layout-tile c-cta--tile-rooms--medium has-background\">\n\n    <div class=\"c-cta__content\">\n\n        <div class=\"c-cta__inner\">\n\n                            <a href=\"https:\/\/www.l-hotel.com\/de\/kontakt-wegbeschreibung\/\" class=\"c-cta__anchor\">\n            \n            \n            \n            \n                <div class=\"c-cta__headings\">\n\n                \n                                    <h2 class=\"c-cta__heading\">\n                        Kontakt &amp; Wegbeschreibung                    <\/h2>\n                \n                \n                <\/div>\n\n            \n            \n                            <\/a>\n            \n            \n            \n            \n                    <\/div>\n\n    <\/div>\n\n    \n            <div data-src=\"https:\/\/hotelcms-production.imgix.net\/l-hotel.com\/wp-content\/uploads\/2018\/09\/LHotel-\u00a9-Amy-Murrell-2010-33.jpg\" data-crop=\"centre\" class=\"imgix-fluid  crop \/ c-background c-cta__background\"><\/div><noscript><div style=\"background-image: url(https:\/\/hotelcms-production.imgix.net\/l-hotel.com\/wp-content\/uploads\/2018\/09\/LHotel-\u00a9-Amy-Murrell-2010-33.jpg);\" class=\"crop \/ c-background c-cta__background\" ><\/div><\/noscript>    \n            <a href=\"https:\/\/www.l-hotel.com\/de\/kontakt-wegbeschreibung\/\" class=\"c-cta__detached-anchor\"><\/a>\n    \n<\/div>\n\n<\/div><\/div><\/div><\/div><\/div><div id=\"pg-3567-5\"  class=\"panel-grid panel-has-style\" ><div class=\"c-row--valign-default c-row--widget-default c-row--margin-none c-row--column-default siteorigin-panels-stretch panel-row-style panel-row-style-for-3567-5\" data-stretch-type=\"full-width-stretch\" data-row-label=\"#map\" id=\"map\" ><div id=\"pgc-3567-5-0\"  class=\"panel-grid-cell\" ><div id=\"panel-3567-5-0-0\" class=\"so-panel widget widget_cn-core-map-widget panel-first-child panel-last-child\" data-index=\"11\" ><div\n\t\t\t\n\t\t\tclass=\"so-widget-cn-core-map-widget so-widget-cn-core-map-widget-base\"\n\t\t\t\n\t\t>\n<div class=\"c-map c-map--thin  \">\n\n    <iframe loading=\"lazy\"\n        class=\"c-map__iframe\"\n        width=\"600\"\n        height=\"450\"\n        frameborder=\"0\" style=\"border:0\"\n        src=\"https:\/\/www.google.com\/maps\/embed\/v1\/place?key=AIzaSyAfMifd1m0_iCbERIGYMhBEREygWhvqzsw&q=48.856501146700175%2C+2.3352482557521195&zoom=16\">\n    <\/iframe>\n\n    \n<\/div>\n<\/div><\/div><\/div><\/div><\/div><\/div>","protected":false},"excerpt":{"rendered":"<p>Zimmer Sind Sie Neugierig? Wilde&#8217;s Hochzeiten &amp; Veranstaltungen Fotogalerie Kontakt &amp; Wegbeschreibung Willkommen im ber\u00fchmten L&#8217;Hotel, Paris Ein opulentes 5-Sterne-Boutiquehotel im Herzen von Saint Germain des Pr\u00e9s. HEUTE BUCHEN Der Inbegriff des franz\u00f6sischen Stils. Das L&#8217;Hotel war das erste Boutique-Hotel der Welt und das letzte Zuhause von Oscar Wilde. Im Herzen des linken Ufers, inmitten &hellip;<\/p>\n","protected":false},"author":1,"featured_media":3569,"parent":0,"menu_order":8,"comment_status":"closed","ping_status":"closed","template":"","meta":{"_acf_changed":false,"footnotes":""},"class_list":["post--3567","post--page","post--type-page","post--status-publish","post--has-post-thumbnail","post--hentry"],"acf":[],"_links":{"self":[{"href":"https:\/\/www.l-hotel.com\/de\/wp-json\/wp\/v2\/pages\/3567","targetHints":{"allow":["GET"]}}],"collection":[{"href":"https:\/\/www.l-hotel.com\/de\/wp-json\/wp\/v2\/pages"}],"about":[{"href":"https:\/\/www.l-hotel.com\/de\/wp-json\/wp\/v2\/types\/page"}],"author":[{"embeddable":true,"href":"https:\/\/www.l-hotel.com\/de\/wp-json\/wp\/v2\/users\/1"}],"replies":[{"embeddable":true,"href":"https:\/\/www.l-hotel.com\/de\/wp-json\/wp\/v2\/comments?post=3567"}],"version-history":[{"count":12,"href":"https:\/\/www.l-hotel.com\/de\/wp-json\/wp\/v2\/pages\/3567\/revisions"}],"predecessor-version":[{"id":5003,"href":"https:\/\/www.l-hotel.com\/de\/wp-json\/wp\/v2\/pages\/3567\/revisions\/5003"}],"wp:featuredmedia":[{"embeddable":true,"href":"https:\/\/www.l-hotel.com\/de\/wp-json\/wp\/v2\/media\/3569"}],"wp:attachment":[{"href":"https:\/\/www.l-hotel.com\/de\/wp-json\/wp\/v2\/media?parent=3567"}],"curies":[{"name":"wp","href":"https:\/\/api.w.org\/{rel}","templated":true}]}}